{"id":26255,"date":"2025-02-20T23:28:11","date_gmt":"2025-02-20T22:28:11","guid":{"rendered":"https:\/\/olemosaic.orbitalia.org\/producto\/iman-de-metal-bailaora-8-cm\/"},"modified":"2025-07-25T19:22:19","modified_gmt":"2025-07-25T17:22:19","slug":"iman-de-metal-bailaora-8-cm-pt-pt","status":"publish","type":"product","link":"https:\/\/olemosaic.orbitalia.org\/pt-pt\/produto\/iman-de-metal-bailaora-8-cm-pt-pt\/","title":{"rendered":"\u00cdman de metal. Bailaora. 8 cm. Espanha."},"content":{"rendered":"<p>Descubra este encantador \u00edman de metal de 8 cm, uma aut\u00eantica representa\u00e7\u00e3o da cultura espanhola que mostra uma bailaora com um vibrante vestido de flamenco. Esta pe\u00e7a, meticulosamente pintada \u00e0 m\u00e3o, destaca a arte do flamenco atrav\u00e9s da explos\u00e3o de cores do seu vestu\u00e1rio e dos elementos em mosaico que adornam a sua figura. A bailaora, numa pose din\u00e2mica e expressiva, parece ganhar vida sobre um fundo azul sereno que real\u00e7a a sua beleza e movimento. Na parte superior, o texto &#8220;ESPA\u00d1A&#8221; apresenta-se com letras coloridas e em negrito, refor\u00e7ando o seu simbolismo como recorda\u00e7\u00e3o cultural.<\/p>\n<p>Este \u00edman n\u00e3o \u00e9 apenas uma excelente adi\u00e7\u00e3o a qualquer cole\u00e7\u00e3o de recorda\u00e7\u00f5es, mas tamb\u00e9m captura a ess\u00eancia da tradi\u00e7\u00e3o espanhola, tornando-se um presente ideal para turistas que procuram levar um pouco da paix\u00e3o e da arte flamenca. O seu design \u00fanico e colorido torna-o num objeto decorativo perfeito para o lar, que evocar\u00e1 mem\u00f3rias de uma experi\u00eancia inesquec\u00edvel em Espanha. Na Ol\u00e9 Mosaic, somos distribuidores de recorda\u00e7\u00f5es por grosso, e este \u00edman de bailaora \u00e9 uma op\u00e7\u00e3o excecional para lojas de presentes tur\u00edsticos que desejem oferecer produtos aut\u00eanticos e representativos da rica cultura espanhola. Atraia os seus clientes com este \u00edman flamenco, uma recorda\u00e7\u00e3o vibrante da majestosidade da arte espanhola.<\/p>\n","protected":false},"excerpt":{"rendered":"<p>\u00cdman met\u00e1lico de 8 cm ilustrado com uma bailaora trajada com um vibrante vestido de flamenco, que evoca o esp\u00edrito cultural de Espanha. A bailaora, adornada com elementos coloridos e detalhes de mosaico, destaca-se sobre um fundo azul com a palavra &#8220;ESPA\u00d1A&#8221;. Este \u00edman, de design artesanal e pintado \u00e0 m\u00e3o, captura a ess\u00eancia e a majestosidade do flamenco, tornando-se uma recorda\u00e7\u00e3o \u00fanica e atraente da tradi\u00e7\u00e3o espanhola. Ideal para colecionadores e amantes da cultura.<\/p>\n","protected":false},"featured_media":10026,"template":"","meta":{"_acf_changed":false},"product_brand":[],"product_cat":[699],"product_tag":[],"class_list":{"0":"post-26255","1":"product","2":"type-product","3":"status-publish","4":"has-post-thumbnail","6":"product_cat-imanes","7":"pa_motivo-dancarinos","9":"first","10":"instock","11":"shipping-taxable","12":"product-type-simple"},"acf":[],"_links":{"self":[{"href":"https:\/\/olemosaic.orbitalia.org\/pt-pt\/wp-json\/wp\/v2\/product\/26255","targetHints":{"allow":["GET"]}}],"collection":[{"href":"https:\/\/olemosaic.orbitalia.org\/pt-pt\/wp-json\/wp\/v2\/product"}],"about":[{"href":"https:\/\/olemosaic.orbitalia.org\/pt-pt\/wp-json\/wp\/v2\/types\/product"}],"wp:featuredmedia":[{"embeddable":true,"href":"https:\/\/olemosaic.orbitalia.org\/pt-pt\/wp-json\/wp\/v2\/media\/10026"}],"wp:attachment":[{"href":"https:\/\/olemosaic.orbitalia.org\/pt-pt\/wp-json\/wp\/v2\/media?parent=26255"}],"wp:term":[{"taxonomy":"product_brand","embeddable":true,"href":"https:\/\/olemosaic.orbitalia.org\/pt-pt\/wp-json\/wp\/v2\/product_brand?post=26255"},{"taxonomy":"product_cat","embeddable":true,"href":"https:\/\/olemosaic.orbitalia.org\/pt-pt\/wp-json\/wp\/v2\/product_cat?post=26255"},{"taxonomy":"product_tag","embeddable":true,"href":"https:\/\/olemosaic.orbitalia.org\/pt-pt\/wp-json\/wp\/v2\/product_tag?post=26255"}],"curies":[{"name":"wp","href":"https:\/\/api.w.org\/{rel}","templated":true}]}}