{"id":26253,"date":"2025-02-20T22:28:10","date_gmt":"2025-02-20T22:28:10","guid":{"rendered":"https:\/\/olemosaic.orbitalia.org\/producto\/bol-de-coco-isla-lanzarote\/"},"modified":"2025-07-25T18:52:31","modified_gmt":"2025-07-25T16:52:31","slug":"taca-de-coco-ilha-lanzarote","status":"publish","type":"product","link":"https:\/\/olemosaic.orbitalia.org\/pt-pt\/produto\/taca-de-coco-ilha-lanzarote\/","title":{"rendered":"Ta\u00e7a de coco. Ilha. Lanzarote."},"content":{"rendered":"<p>Descubra a encantadora ta\u00e7a decorativa de coco, uma requintada representa\u00e7\u00e3o da beleza natural de Lanzarote. Este artigo inovador, elaborado com esmero, apresenta um design de mosaico que combina vibrantes tons azuis, rosas e dourados. A forma ovalada da ta\u00e7a evoca as linhas suaves da ilha, refletindo o seu ambiente tropical. No centro, a silhueta de Lanzarote, impressa em castanho, acrescenta um toque distintivo que sublinha a sua autenticidade como recorda\u00e7\u00e3o. Esta pe\u00e7a n\u00e3o \u00e9 apenas funcional, ideal para servir ou guardar pequenos objetos, mas \u00e9 tamb\u00e9m uma bela pe\u00e7a decorativa que captura a ess\u00eancia da cultura can\u00e1ria.<\/p>\n<p>A liga\u00e7\u00e3o cultural desta ta\u00e7a com Lanzarote reflete-se no seu design, que recorda as praias e as paisagens ic\u00f3nicas da ilha, evocando em cada cor as vistas vibrantes que atraem turistas de todo o mundo. Esta ta\u00e7a de coco \u00e9, sem d\u00favida, uma excelente op\u00e7\u00e3o para quem procura recorda\u00e7\u00f5es aut\u00eanticas e representativas da sua viagem. Na Ol\u00e9 Mosaic, dedicamo-nos \u00e0 distribui\u00e7\u00e3o de recorda\u00e7\u00f5es por grosso, oferecendo artigos \u00fanicos que celebram a riqueza do patrim\u00f3nio espanhol. Esta ta\u00e7a decorativa de coco \u00e9 o presente perfeito para lojas de presentes tur\u00edsticos que desejem oferecer aos seus clientes um peda\u00e7o de Lanzarote que perdure no tempo.<\/p>\n","protected":false},"excerpt":{"rendered":"<p>Ta\u00e7a de coco decorativa, inspirada na beleza de Lanzarote. Elaborada com um design de mosaico em tons vibrantes de azul, rosa e dourado, esta ta\u00e7a apresenta uma forma ovalada que evoca a natureza insular. No centro, destaca-se a silhueta da ilha de Lanzarote impressa em castanho, conferindo um toque distintivo. Ideal para uso funcional ou como pe\u00e7a decorativa, reflete o encanto do seu ambiente natural e cultural.<\/p>\n","protected":false},"featured_media":11973,"template":"","meta":{"_acf_changed":false},"product_brand":[],"product_cat":[513],"product_tag":[],"class_list":{"0":"post-26253","1":"product","2":"type-product","3":"status-publish","4":"has-post-thumbnail","6":"product_cat-bols","7":"pa_ciudad-lanzarote","8":"pa_motivo-ilhas","9":"pa_pais-espana","11":"first","12":"instock","13":"shipping-taxable","14":"product-type-simple"},"acf":[],"_links":{"self":[{"href":"https:\/\/olemosaic.orbitalia.org\/pt-pt\/wp-json\/wp\/v2\/product\/26253","targetHints":{"allow":["GET"]}}],"collection":[{"href":"https:\/\/olemosaic.orbitalia.org\/pt-pt\/wp-json\/wp\/v2\/product"}],"about":[{"href":"https:\/\/olemosaic.orbitalia.org\/pt-pt\/wp-json\/wp\/v2\/types\/product"}],"wp:featuredmedia":[{"embeddable":true,"href":"https:\/\/olemosaic.orbitalia.org\/pt-pt\/wp-json\/wp\/v2\/media\/11973"}],"wp:attachment":[{"href":"https:\/\/olemosaic.orbitalia.org\/pt-pt\/wp-json\/wp\/v2\/media?parent=26253"}],"wp:term":[{"taxonomy":"product_brand","embeddable":true,"href":"https:\/\/olemosaic.orbitalia.org\/pt-pt\/wp-json\/wp\/v2\/product_brand?post=26253"},{"taxonomy":"product_cat","embeddable":true,"href":"https:\/\/olemosaic.orbitalia.org\/pt-pt\/wp-json\/wp\/v2\/product_cat?post=26253"},{"taxonomy":"product_tag","embeddable":true,"href":"https:\/\/olemosaic.orbitalia.org\/pt-pt\/wp-json\/wp\/v2\/product_tag?post=26253"}],"curies":[{"name":"wp","href":"https:\/\/api.w.org\/{rel}","templated":true}]}}