{"id":26249,"date":"2025-02-20T23:28:10","date_gmt":"2025-02-20T22:28:10","guid":{"rendered":"https:\/\/olemosaic.orbitalia.org\/producto\/bol-de-ceramica-de-9-cm-la-alhambra-granada-beige\/"},"modified":"2025-07-25T18:46:01","modified_gmt":"2025-07-25T16:46:01","slug":"taca-de-ceramica-de-9-cm-alhambra-granada-bege","status":"publish","type":"product","link":"https:\/\/olemosaic.orbitalia.org\/pt-pt\/produto\/taca-de-ceramica-de-9-cm-alhambra-granada-bege\/","title":{"rendered":"Ta\u00e7a de cer\u00e2mica de 9 cm. Alhambra. Granada. Bege"},"content":{"rendered":"<p>Descubra a elegante ta\u00e7a de cer\u00e2mica de 9 cm inspirada na majestosa Alhambra de Granada, uma aut\u00eantica joia da arte isl\u00e2mica e s\u00edmbolo da rica cultura andaluza. Esta atraente ta\u00e7a apresenta uma vibrante ilustra\u00e7\u00e3o da famosa fortaleza, rodeada pelos seus exuberantes jardins, que captura a ess\u00eancia de um dos monumentos mais emblem\u00e1ticos de Espanha. O seu design decorativo inclui uma borda vermelha na parte superior, que adiciona um toque de calor e cor, enquanto o fundo bege real\u00e7a os intrincados detalhes arquitet\u00f3nicos da Alhambra.<\/p>\n<p>A imagem mostra elementos distintivos da arquitetura isl\u00e2mica, com imponentes palmeiras e um vibrante fundo verde que evocam a beleza deste lugar hist\u00f3rico. Os textos &#8220;La Alhambra&#8221; e &#8220;Granada&#8221; aparecem em letras art\u00edsticas, o que real\u00e7a a sua liga\u00e7\u00e3o cultural e a torna um souvenir representativo da cidade. Esta ta\u00e7a de cer\u00e2mica n\u00e3o s\u00f3 \u00e9 funcional, mas tamb\u00e9m uma recorda\u00e7\u00e3o ideal para aqueles que procuram levar para casa um fragmento da hist\u00f3ria local.<\/p>\n<p>Na Ol\u00e9 Mosaic sabemos a import\u00e2ncia de oferecer souvenirs aut\u00eanticos que reflitam a riqueza cultural da sua origem. Esta ta\u00e7a \u00e9 uma excelente op\u00e7\u00e3o para lojas de presentes tur\u00edsticos, pois combina beleza, tradi\u00e7\u00e3o e funcionalidade, sendo uma recorda\u00e7\u00e3o inigual\u00e1vel da Alhambra e do seu ambiente.<\/p>\n","protected":false},"excerpt":{"rendered":"<p>Ta\u00e7a de cer\u00e2mica de 9 cm inspirada na majestosa Alhambra de Granada. Esta atraente ta\u00e7a oferece uma colorida representa\u00e7\u00e3o da famosa fortaleza e dos seus jardins, decorada com uma borda vermelha na parte superior. A ilustra\u00e7\u00e3o apresenta detalhes distintivos da arquitetura isl\u00e2mica, com palmeiras e um vibrante fundo verde, juntamente com as palavras &#8220;La Alhambra&#8221; e &#8220;Granada&#8221; escritas com letras art\u00edsticas. Ideal para dar um toque andaluz ao seu lar.<\/p>\n","protected":false},"featured_media":7519,"template":"","meta":{"_acf_changed":false},"product_brand":[],"product_cat":[513],"product_tag":[515],"class_list":{"0":"post-26249","1":"product","2":"type-product","3":"status-publish","4":"has-post-thumbnail","6":"product_cat-bols","7":"product_tag-ceramica","8":"pa_ciudad-granada","9":"pa_motivo-a-alhambra","10":"pa_pais-espana","12":"first","13":"instock","14":"shipping-taxable","15":"product-type-simple"},"acf":[],"_links":{"self":[{"href":"https:\/\/olemosaic.orbitalia.org\/pt-pt\/wp-json\/wp\/v2\/product\/26249","targetHints":{"allow":["GET"]}}],"collection":[{"href":"https:\/\/olemosaic.orbitalia.org\/pt-pt\/wp-json\/wp\/v2\/product"}],"about":[{"href":"https:\/\/olemosaic.orbitalia.org\/pt-pt\/wp-json\/wp\/v2\/types\/product"}],"wp:featuredmedia":[{"embeddable":true,"href":"https:\/\/olemosaic.orbitalia.org\/pt-pt\/wp-json\/wp\/v2\/media\/7519"}],"wp:attachment":[{"href":"https:\/\/olemosaic.orbitalia.org\/pt-pt\/wp-json\/wp\/v2\/media?parent=26249"}],"wp:term":[{"taxonomy":"product_brand","embeddable":true,"href":"https:\/\/olemosaic.orbitalia.org\/pt-pt\/wp-json\/wp\/v2\/product_brand?post=26249"},{"taxonomy":"product_cat","embeddable":true,"href":"https:\/\/olemosaic.orbitalia.org\/pt-pt\/wp-json\/wp\/v2\/product_cat?post=26249"},{"taxonomy":"product_tag","embeddable":true,"href":"https:\/\/olemosaic.orbitalia.org\/pt-pt\/wp-json\/wp\/v2\/product_tag?post=26249"}],"curies":[{"name":"wp","href":"https:\/\/api.w.org\/{rel}","templated":true}]}}