{"id":26248,"date":"2025-02-20T23:28:10","date_gmt":"2025-02-20T22:28:10","guid":{"rendered":"https:\/\/olemosaic.orbitalia.org\/producto\/bol-de-coco-rojo-isla-mallorca\/"},"modified":"2025-07-25T19:39:43","modified_gmt":"2025-07-25T17:39:43","slug":"taca-de-coco-vermelha-ilha-maiorca","status":"publish","type":"product","link":"https:\/\/olemosaic.orbitalia.org\/pt-pt\/produto\/taca-de-coco-vermelha-ilha-maiorca\/","title":{"rendered":"Ta\u00e7a de coco vermelha. Ilha. Maiorca."},"content":{"rendered":"<p>Descubra a ta\u00e7a de coco vermelha, uma encantadora recorda\u00e7\u00e3o que captura a ess\u00eancia de Maiorca. Esta vibrante ta\u00e7a \u00e9 meticulosamente elaborada de forma artesanal, com um acabamento vermelho intenso que evoca o calor do Mediterr\u00e2neo. No seu interior, um delicado padr\u00e3o confere-lhe um toque art\u00edstico \u00fanico, enquanto a silhueta da famosa ilha e o nome &#8220;MALLORCA&#8221; se destacam num elegante ret\u00e2ngulo branco, convertendo esta pe\u00e7a num atrativo visual que n\u00e3o passa despercebido. Esta ta\u00e7a n\u00e3o s\u00f3 \u00e9 ideal para servir aperitivos, mas tamb\u00e9m como pe\u00e7a decorativa, adicionando um ar mediterr\u00e2nico a qualquer espa\u00e7o. A sua autenticidade como recorda\u00e7\u00e3o t\u00edpica da ilha torna-a uma op\u00e7\u00e3o valiosa para os turistas que procuram levar consigo um peda\u00e7o da beleza balear. Na Ol\u00e9 Mosaic, somos distribuidores de souvenirs por grosso, oferecendo produtos que celebram o patrim\u00f3nio cultural espanhol. A ta\u00e7a de coco vermelha \u00e9 uma excelente escolha para lojas de presentes tur\u00edsticos que desejem real\u00e7ar a beleza e a singularidade de Maiorca em cada canto das suas prateleiras.<\/p>\n","protected":false},"excerpt":{"rendered":"<p>Ta\u00e7a de coco vermelha, inspirada na beleza de Maiorca. Esta atraente ta\u00e7a apresenta um vibrante acabamento vermelho, com um design que inclui a silhueta da ilha e a palavra &#8220;MALLORCA&#8221; num elegante ret\u00e2ngulo branco. Fabricada de forma artesanal, o seu interior \u00e9 adornado com um delicado padr\u00e3o que real\u00e7a a sua est\u00e9tica \u00fanica. Ideal para servir aperitivos ou como pe\u00e7a decorativa, esta ta\u00e7a reflete o encanto mediterr\u00e2nico em cada utiliza\u00e7\u00e3o.<\/p>\n","protected":false},"featured_media":11768,"template":"","meta":{"_acf_changed":false},"product_brand":[],"product_cat":[513],"product_tag":[],"class_list":{"0":"post-26248","1":"product","2":"type-product","3":"status-publish","4":"has-post-thumbnail","6":"product_cat-bols","7":"pa_ciudad-mallorca","8":"pa_motivo-ilhas","9":"pa_pais-espana","11":"first","12":"instock","13":"shipping-taxable","14":"product-type-simple"},"acf":[],"_links":{"self":[{"href":"https:\/\/olemosaic.orbitalia.org\/pt-pt\/wp-json\/wp\/v2\/product\/26248","targetHints":{"allow":["GET"]}}],"collection":[{"href":"https:\/\/olemosaic.orbitalia.org\/pt-pt\/wp-json\/wp\/v2\/product"}],"about":[{"href":"https:\/\/olemosaic.orbitalia.org\/pt-pt\/wp-json\/wp\/v2\/types\/product"}],"wp:featuredmedia":[{"embeddable":true,"href":"https:\/\/olemosaic.orbitalia.org\/pt-pt\/wp-json\/wp\/v2\/media\/11768"}],"wp:attachment":[{"href":"https:\/\/olemosaic.orbitalia.org\/pt-pt\/wp-json\/wp\/v2\/media?parent=26248"}],"wp:term":[{"taxonomy":"product_brand","embeddable":true,"href":"https:\/\/olemosaic.orbitalia.org\/pt-pt\/wp-json\/wp\/v2\/product_brand?post=26248"},{"taxonomy":"product_cat","embeddable":true,"href":"https:\/\/olemosaic.orbitalia.org\/pt-pt\/wp-json\/wp\/v2\/product_cat?post=26248"},{"taxonomy":"product_tag","embeddable":true,"href":"https:\/\/olemosaic.orbitalia.org\/pt-pt\/wp-json\/wp\/v2\/product_tag?post=26248"}],"curies":[{"name":"wp","href":"https:\/\/api.w.org\/{rel}","templated":true}]}}