{"id":26247,"date":"2025-02-20T23:28:10","date_gmt":"2025-02-20T22:28:10","guid":{"rendered":"https:\/\/olemosaic.orbitalia.org\/producto\/bol-de-coco-tortuga-mallorca\/"},"modified":"2025-07-25T20:31:19","modified_gmt":"2025-07-25T18:31:19","slug":"taca-de-coco-tartaruga-maiorca","status":"publish","type":"product","link":"https:\/\/olemosaic.orbitalia.org\/pt-pt\/produto\/taca-de-coco-tartaruga-maiorca\/","title":{"rendered":"Ta\u00e7a de coco. Tartaruga. Ilha. Maiorca."},"content":{"rendered":"<p>Descubra a ta\u00e7a decorativa de coco com design de tartaruga, uma pe\u00e7a \u00fanica que captura a ess\u00eancia de Maiorca. Esta impressionante ta\u00e7a \u00e9 elaborada de forma artesanal, utilizando uma colorida t\u00e9cnica de mosaico que combina pe\u00e7as vibrantes em tons de rosa, azul e dourado. No centro, uma tartaruga estilizada torna-se o motivo principal, rodeada por uma moldura de mosaico que evoca a beleza natural desta ilha mediterr\u00e2nica. O texto &#8220;MALLORCA&#8221;, elegantemente integrado no design, refor\u00e7a a sua liga\u00e7\u00e3o cultural com a regi\u00e3o.<\/p>\n<p>A forma ovalada da ta\u00e7a, juntamente com os detalhes iridescentes que captam a luz, fazem desta pe\u00e7a um elemento decorativo atraente e vers\u00e1til para qualquer casa. O seu acabamento artesanal n\u00e3o s\u00f3 real\u00e7a a qualidade e a autenticidade do produto, mas tamb\u00e9m o converte num espetacular souvenir que os turistas apreciar\u00e3o. Esta ta\u00e7a n\u00e3o \u00e9 apenas uma recorda\u00e7\u00e3o de Maiorca, mas um s\u00edmbolo da rica biodiversidade e beleza do ambiente marinho que tanto caracteriza a ilha.<\/p>\n<p>Na Ol\u00e9 Mosaic, como distribuidor de souvenirs por grosso, oferecemos esta ta\u00e7a decorativa de coco que certamente cativar\u00e1 as lojas de presentes tur\u00edsticos. Trata-se de uma op\u00e7\u00e3o excecional para aqueles que procuram souvenirs aut\u00eanticos e de alta qualidade que realcem a cultura e a tradi\u00e7\u00e3o maiorquina.<\/p>\n","protected":false},"excerpt":{"rendered":"<p>Ta\u00e7a decorativa de coco com design de tartaruga, inspirada na beleza natural de Maiorca. Esta original ta\u00e7a apresenta uma colorida t\u00e9cnica de mosaico com pe\u00e7as de tons vibrantes como rosa, azul e dourado, que emolduram um motivo central de uma tartaruga estilizada e a palavra &#8220;MALLORCA&#8221;. Elaborada \u00e0 m\u00e3o, a sua forma ovalada e os detalhes iridescentes conferem-lhe um toque especial, tornando-a um souvenir perfeito ou um elemento decorativo ideal para o lar.<\/p>\n","protected":false},"featured_media":11816,"template":"","meta":{"_acf_changed":false},"product_brand":[],"product_cat":[513],"product_tag":[516],"class_list":{"0":"post-26247","1":"product","2":"type-product","3":"status-publish","4":"has-post-thumbnail","6":"product_cat-bols","7":"product_tag-animais","8":"pa_ciudad-mallorca","9":"pa_motivo-tartarugas","10":"pa_pais-espana","12":"first","13":"instock","14":"shipping-taxable","15":"product-type-simple"},"acf":[],"_links":{"self":[{"href":"https:\/\/olemosaic.orbitalia.org\/pt-pt\/wp-json\/wp\/v2\/product\/26247","targetHints":{"allow":["GET"]}}],"collection":[{"href":"https:\/\/olemosaic.orbitalia.org\/pt-pt\/wp-json\/wp\/v2\/product"}],"about":[{"href":"https:\/\/olemosaic.orbitalia.org\/pt-pt\/wp-json\/wp\/v2\/types\/product"}],"wp:featuredmedia":[{"embeddable":true,"href":"https:\/\/olemosaic.orbitalia.org\/pt-pt\/wp-json\/wp\/v2\/media\/11816"}],"wp:attachment":[{"href":"https:\/\/olemosaic.orbitalia.org\/pt-pt\/wp-json\/wp\/v2\/media?parent=26247"}],"wp:term":[{"taxonomy":"product_brand","embeddable":true,"href":"https:\/\/olemosaic.orbitalia.org\/pt-pt\/wp-json\/wp\/v2\/product_brand?post=26247"},{"taxonomy":"product_cat","embeddable":true,"href":"https:\/\/olemosaic.orbitalia.org\/pt-pt\/wp-json\/wp\/v2\/product_cat?post=26247"},{"taxonomy":"product_tag","embeddable":true,"href":"https:\/\/olemosaic.orbitalia.org\/pt-pt\/wp-json\/wp\/v2\/product_tag?post=26247"}],"curies":[{"name":"wp","href":"https:\/\/api.w.org\/{rel}","templated":true}]}}