{"id":26238,"date":"2025-02-20T22:28:09","date_gmt":"2025-02-20T22:28:09","guid":{"rendered":"https:\/\/olemosaic.orbitalia.org\/producto\/cucharon-de-ceramica-camino-de-santiago-beige\/"},"modified":"2025-07-25T19:21:59","modified_gmt":"2025-07-25T17:21:59","slug":"concha-de-ceramica-caminho-de-santiago-bege","status":"publish","type":"product","link":"https:\/\/olemosaic.orbitalia.org\/pt-pt\/produto\/concha-de-ceramica-caminho-de-santiago-bege\/","title":{"rendered":"Concha de cer\u00e2mica. Caminho de Santiago. Bege"},"content":{"rendered":"<p>Concha de cer\u00e2mica do Caminho de Santiago<\/p>\n<p>Esta concha de cer\u00e2mica, inspirada no emblem\u00e1tico Caminho de Santiago, \u00e9 uma pe\u00e7a \u00fanica que destaca a rica heran\u00e7a cultural desta hist\u00f3rica rota. Com um tom bege suave que confere calor, este utens\u00edlio \u00e9 uma fus\u00e3o de funcionalidade e arte, tornando-se uma excelente recorda\u00e7\u00e3o da regi\u00e3o. A superf\u00edcie da concha est\u00e1 belamente decorada com um mosaico vibrante que representa a majestosa catedral de Santiago, destacada pelos seus tons quentes que evocam um sentido de perten\u00e7a e devo\u00e7\u00e3o.<\/p>\n<p>Al\u00e9m disso, o design inclui motivos que fazem refer\u00eancia \u00e0 figura do peregrino e a outros elementos ic\u00f3nicos do percurso, como o famoso s\u00edmbolo da concha, que representa a chegada a Santiago. Estes detalhes art\u00edsticos n\u00e3o s\u00f3 enriquecem visualmente a concha, como tamb\u00e9m contam a hist\u00f3ria de uma tradi\u00e7\u00e3o milenar.<\/p>\n<p>Ideal tanto para o uso di\u00e1rio na cozinha como para decora\u00e7\u00e3o, esta concha de cer\u00e2mica confere um toque aut\u00eantico e cultural a qualquer lar. Na Ol\u00e9 Mosaic, somos especialistas na distribui\u00e7\u00e3o de recorda\u00e7\u00f5es \u00fanicas por grosso, e esta concha representa na perfei\u00e7\u00e3o a ess\u00eancia do Caminho de Santiago. \u00c9 uma magn\u00edfica op\u00e7\u00e3o para lojas de presentes que procuram produtos que celebrem a cultura e o patrim\u00f3nio espanhol, e uma forma ideal de levar para casa um peda\u00e7o de hist\u00f3ria, o que a torna uma excelente escolha para turistas que procuram recorda\u00e7\u00f5es aut\u00eanticas do Caminho.<\/p>\n","protected":false},"excerpt":{"rendered":"<p>Concha de cer\u00e2mica inspirada no Caminho de Santiago, desenhada num tom bege com detalhes vibrantes. A sua superf\u00edcie est\u00e1 decorada com a emblem\u00e1tica catedral de Santiago, num estilo de mosaico que se destaca pelas suas cores quentes. Inclui tamb\u00e9m motivos representativos da rota, como a figura do peregrino e elementos ic\u00f3nicos do percurso. Este utens\u00edlio \u00e9 perfeito tanto para o uso di\u00e1rio como para decorar, oferecendo um toque aut\u00eantico e cultural a qualquer lar.<\/p>\n","protected":false},"featured_media":8722,"template":"","meta":{"_acf_changed":false},"product_brand":[],"product_cat":[804],"product_tag":[515],"class_list":{"0":"post-26238","1":"product","2":"type-product","3":"status-publish","4":"has-post-thumbnail","6":"product_cat-conchas","7":"product_tag-ceramica","8":"pa_motivo-caminho-de-santiago","10":"first","11":"instock","12":"shipping-taxable","13":"product-type-simple"},"acf":[],"_links":{"self":[{"href":"https:\/\/olemosaic.orbitalia.org\/pt-pt\/wp-json\/wp\/v2\/product\/26238","targetHints":{"allow":["GET"]}}],"collection":[{"href":"https:\/\/olemosaic.orbitalia.org\/pt-pt\/wp-json\/wp\/v2\/product"}],"about":[{"href":"https:\/\/olemosaic.orbitalia.org\/pt-pt\/wp-json\/wp\/v2\/types\/product"}],"wp:featuredmedia":[{"embeddable":true,"href":"https:\/\/olemosaic.orbitalia.org\/pt-pt\/wp-json\/wp\/v2\/media\/8722"}],"wp:attachment":[{"href":"https:\/\/olemosaic.orbitalia.org\/pt-pt\/wp-json\/wp\/v2\/media?parent=26238"}],"wp:term":[{"taxonomy":"product_brand","embeddable":true,"href":"https:\/\/olemosaic.orbitalia.org\/pt-pt\/wp-json\/wp\/v2\/product_brand?post=26238"},{"taxonomy":"product_cat","embeddable":true,"href":"https:\/\/olemosaic.orbitalia.org\/pt-pt\/wp-json\/wp\/v2\/product_cat?post=26238"},{"taxonomy":"product_tag","embeddable":true,"href":"https:\/\/olemosaic.orbitalia.org\/pt-pt\/wp-json\/wp\/v2\/product_tag?post=26238"}],"curies":[{"name":"wp","href":"https:\/\/api.w.org\/{rel}","templated":true}]}}