{"id":26237,"date":"2025-02-20T23:28:09","date_gmt":"2025-02-20T22:28:09","guid":{"rendered":"https:\/\/olemosaic.orbitalia.org\/producto\/cucharon-de-ceramica-salamandra-y-flores-blanco\/"},"modified":"2025-07-25T18:49:45","modified_gmt":"2025-07-25T16:49:45","slug":"concha-de-ceramica-salamandra-e-flores-branco","status":"publish","type":"product","link":"https:\/\/olemosaic.orbitalia.org\/pt-pt\/produto\/concha-de-ceramica-salamandra-e-flores-branco\/","title":{"rendered":"Concha de cer\u00e2mica. Salamandra e flores. Branco"},"content":{"rendered":"<p>Concha de cer\u00e2mica decorada com uma vibrante salamandra e flores, perfeita para adicionar um toque de cor \u00e0 sua cozinha. Este elegante utens\u00edlio, fabricado em cer\u00e2mica com um acabamento branco, apresenta um design pintado \u00e0 m\u00e3o que se destaca pela sua rica paleta de cores vermelhas, amarelas e azuis, emoldurado por um fundo cinzento com um efeito de mosaico. A salamandra, representada com um estilo art\u00edstico que reflete a tradi\u00e7\u00e3o espanhola, simboliza a vida e a transforma\u00e7\u00e3o, enquanto as flores conferem um ar fresco e alegre, ideais para adornar qualquer refei\u00e7\u00e3o. Esta concha n\u00e3o s\u00f3 \u00e9 funcional para servir os seus pratos favoritos, como tamb\u00e9m se torna uma pe\u00e7a decorativa que captura a ess\u00eancia da arte cer\u00e2mica espanhola. A sua autenticidade e o cuidado nos detalhes fazem desta concha um souvenir perfeito para turistas que procuram levar para casa uma recorda\u00e7\u00e3o significativa da rica cultura culin\u00e1ria de Espanha. Na Ol\u00e9 Mosaic, como grossistas de utens\u00edlios de cer\u00e2mica, oferecemos produtos que celebram esta tradi\u00e7\u00e3o em cada detalhe, garantindo uma excelente qualidade e variedade para lojas de presentes tur\u00edsticos que procuram oferecer souvenirs aut\u00eanticos e representativos da cultura espanhola.<\/p>\n","protected":false},"excerpt":{"rendered":"<p>Concha de cer\u00e2mica decorada com uma vibrante salamandra e flores, perfeita para dar um toque de cor \u00e0 sua cozinha. Este elegante utens\u00edlio, fabricado em cer\u00e2mica com acabamento branco, apresenta um design artesanal, pintado \u00e0 m\u00e3o, que se destaca pela sua rica paleta de vermelhos, amarelos e azuis, sobre um fundo cinzento com efeito mosaico. Ideal para servir e embelezar as suas refei\u00e7\u00f5es, esta concha \u00e9 um exemplo aut\u00eantico da arte cer\u00e2mica espanhola.<\/p>\n","protected":false},"featured_media":8354,"template":"","meta":{"_acf_changed":false},"product_brand":[],"product_cat":[804],"product_tag":[516,515],"class_list":{"0":"post-26237","1":"product","2":"type-product","3":"status-publish","4":"has-post-thumbnail","6":"product_cat-conchas","7":"product_tag-animais","8":"product_tag-ceramica","9":"pa_motivo-salamandras","11":"first","12":"instock","13":"shipping-taxable","14":"product-type-simple"},"acf":[],"_links":{"self":[{"href":"https:\/\/olemosaic.orbitalia.org\/pt-pt\/wp-json\/wp\/v2\/product\/26237","targetHints":{"allow":["GET"]}}],"collection":[{"href":"https:\/\/olemosaic.orbitalia.org\/pt-pt\/wp-json\/wp\/v2\/product"}],"about":[{"href":"https:\/\/olemosaic.orbitalia.org\/pt-pt\/wp-json\/wp\/v2\/types\/product"}],"wp:featuredmedia":[{"embeddable":true,"href":"https:\/\/olemosaic.orbitalia.org\/pt-pt\/wp-json\/wp\/v2\/media\/8354"}],"wp:attachment":[{"href":"https:\/\/olemosaic.orbitalia.org\/pt-pt\/wp-json\/wp\/v2\/media?parent=26237"}],"wp:term":[{"taxonomy":"product_brand","embeddable":true,"href":"https:\/\/olemosaic.orbitalia.org\/pt-pt\/wp-json\/wp\/v2\/product_brand?post=26237"},{"taxonomy":"product_cat","embeddable":true,"href":"https:\/\/olemosaic.orbitalia.org\/pt-pt\/wp-json\/wp\/v2\/product_cat?post=26237"},{"taxonomy":"product_tag","embeddable":true,"href":"https:\/\/olemosaic.orbitalia.org\/pt-pt\/wp-json\/wp\/v2\/product_tag?post=26237"}],"curies":[{"name":"wp","href":"https:\/\/api.w.org\/{rel}","templated":true}]}}