{"id":26233,"date":"2025-02-20T22:28:08","date_gmt":"2025-02-20T22:28:08","guid":{"rendered":"https:\/\/olemosaic.orbitalia.org\/producto\/cucharilla-de-metal-salamandra\/"},"modified":"2025-07-25T18:35:22","modified_gmt":"2025-07-25T16:35:22","slug":"colher-de-metal-salamandra","status":"publish","type":"product","link":"https:\/\/olemosaic.orbitalia.org\/pt-pt\/produto\/colher-de-metal-salamandra\/","title":{"rendered":"Colher de metal. Salamandra."},"content":{"rendered":"<p>Colher decorativa inspirada no emblem\u00e1tico mosaico de Gaud\u00ed de Barcelona, uma pe\u00e7a \u00fanica que funde funcionalidade e arte. Fabricada em metal, a colher exibe na sua parte superior uma vibrante salamandra, cujo design colorido em tons azuis, verdes e amarelos evoca a criatividade do c\u00e9lebre arquiteto catal\u00e3o. As folhas verdes que a acompanham acrescentam um toque de frescura e vida, lembrando-nos a exuberante flora mediterr\u00e2nica da regi\u00e3o. Esta recorda\u00e7\u00e3o n\u00e3o \u00e9 apenas uma colher, mas um s\u00edmbolo da cultura catal\u00e3 que embelezar\u00e1 qualquer mesa, convidando \u00e0 conversa entre os comensais.<\/p>\n<p>A salamandra, presente na obra de Gaud\u00ed, representa a harmonia entre natureza e arte, o que torna esta colher um presente significativo para quem deseja levar consigo um peda\u00e7o de Barcelona. Na Ol\u00e9 Mosaic especializamo-nos na distribui\u00e7\u00e3o grossista de souvenirs de alta qualidade, e esta colher decorativa \u00e9 a op\u00e7\u00e3o perfeita para lojas que procuram oferecer produtos aut\u00eanticos e com hist\u00f3ria. O seu design atraente torna-a um presente ideal para turistas que desejam recordar a sua visita \u00e0 vibrante cidade de Barcelona, real\u00e7ando a sua beleza cultural e monumental.<\/p>\n","protected":false},"excerpt":{"rendered":"<p>Colher de metal decorada com uma colorida salamandra inspirada no estilo do mosaico de Gaud\u00ed, emblem\u00e1tico de Barcelona. A parte superior apresenta um design vibrante em tons azuis, verdes e amarelos, complementado com folhas verdes que evocam a flora mediterr\u00e2nica. Este produto, ideal como recorda\u00e7\u00e3o ou presente, combina funcionalidade com arte, acrescentando um toque da cultura catal\u00e3 a qualquer mesa.<\/p>\n","protected":false},"featured_media":8679,"template":"","meta":{"_acf_changed":false},"product_brand":[],"product_cat":[799],"product_tag":[516],"class_list":{"0":"post-26233","1":"product","2":"type-product","3":"status-publish","4":"has-post-thumbnail","6":"product_cat-colheres","7":"product_tag-animais","8":"pa_motivo-salamandras","10":"first","11":"instock","12":"shipping-taxable","13":"product-type-simple"},"acf":[],"_links":{"self":[{"href":"https:\/\/olemosaic.orbitalia.org\/pt-pt\/wp-json\/wp\/v2\/product\/26233","targetHints":{"allow":["GET"]}}],"collection":[{"href":"https:\/\/olemosaic.orbitalia.org\/pt-pt\/wp-json\/wp\/v2\/product"}],"about":[{"href":"https:\/\/olemosaic.orbitalia.org\/pt-pt\/wp-json\/wp\/v2\/types\/product"}],"wp:featuredmedia":[{"embeddable":true,"href":"https:\/\/olemosaic.orbitalia.org\/pt-pt\/wp-json\/wp\/v2\/media\/8679"}],"wp:attachment":[{"href":"https:\/\/olemosaic.orbitalia.org\/pt-pt\/wp-json\/wp\/v2\/media?parent=26233"}],"wp:term":[{"taxonomy":"product_brand","embeddable":true,"href":"https:\/\/olemosaic.orbitalia.org\/pt-pt\/wp-json\/wp\/v2\/product_brand?post=26233"},{"taxonomy":"product_cat","embeddable":true,"href":"https:\/\/olemosaic.orbitalia.org\/pt-pt\/wp-json\/wp\/v2\/product_cat?post=26233"},{"taxonomy":"product_tag","embeddable":true,"href":"https:\/\/olemosaic.orbitalia.org\/pt-pt\/wp-json\/wp\/v2\/product_tag?post=26233"}],"curies":[{"name":"wp","href":"https:\/\/api.w.org\/{rel}","templated":true}]}}