{"id":26231,"date":"2025-02-20T22:28:08","date_gmt":"2025-02-20T22:28:08","guid":{"rendered":"https:\/\/olemosaic.orbitalia.org\/producto\/cortador-de-ceramica-sevilla\/"},"modified":"2025-07-25T18:40:20","modified_gmt":"2025-07-25T16:40:20","slug":"cortador-de-ceramica-sevilha","status":"publish","type":"product","link":"https:\/\/olemosaic.orbitalia.org\/pt-pt\/produto\/cortador-de-ceramica-sevilha\/","title":{"rendered":"Cortador de cer\u00e2mica. Sevilha."},"content":{"rendered":"<p>Cortador de cer\u00e2mica de Sevilha<\/p>\n<p>Apresentamos este impressionante cortador de cer\u00e2mica de Sevilha, uma pe\u00e7a funcional que se destaca pelo seu design art\u00edstico e pela sua vibrante ilustra\u00e7\u00e3o da emblem\u00e1tica cidade. Este cortador, fabricado em cer\u00e2mica de alta qualidade, apresenta uma colorida representa\u00e7\u00e3o da famosa Catedral de Sevilha e da Giralda, rodeadas de palmeiras que evocam o calor do clima andaluz. A cena ganha vida sobre um fundo de trencad\u00eds, um estilo de mosaico t\u00edpico da regi\u00e3o, que incorpora uma paleta de tons quentes e radiantes, conferindo um toque art\u00edstico a qualquer cozinha.<\/p>\n<p>A parte inferior inclui detalhes minuciosos da arquitetura sevilhana, que real\u00e7am a beleza dos seus monumentos hist\u00f3ricos, criando uma liga\u00e7\u00e3o visual e emocional com a cidade. Este cortador n\u00e3o \u00e9 apenas um utens\u00edlio pr\u00e1tico para qualquer amante da gastronomia, mas tamb\u00e9m uma recorda\u00e7\u00e3o cultural que encapsula a ess\u00eancia de Sevilha, tornando-o um excelente souvenir para turistas em busca de artigos aut\u00eanticos e representativos.<\/p>\n<p>Na Ol\u00e9 Mosaic, somos distribuidores de souvenirs de cer\u00e2mica por grosso, e este cortador \u00e9 uma magn\u00edfica op\u00e7\u00e3o para lojas de presentes tur\u00edsticos que desejem oferecer produtos \u00fanicos. A sua autenticidade e relev\u00e2ncia cultural tornam-no um objeto ideal tanto para uso pessoal como para recordar a visita a esta maravilhosa cidade andaluza.<\/p>\n","protected":false},"excerpt":{"rendered":"<p>Cortador de cer\u00e2mica sevilhano, decorado com uma vibrante representa\u00e7\u00e3o da cidade. Este produto funcional, de estilo colorido, ilustra a famosa catedral e a Giralda, rodeadas de palmeiras, num mosaico cheio de detalhes. A obra apresenta-se sobre um fundo de trencad\u00eds, com tons quentes e uma ilustra\u00e7\u00e3o apelativa que confere um toque art\u00edstico a qualquer cozinha. Ideal para os amantes da cultura andaluza.<\/p>\n","protected":false},"featured_media":9944,"template":"","meta":{"_acf_changed":false},"product_brand":[],"product_cat":[797],"product_tag":[515],"class_list":{"0":"post-26231","1":"product","2":"type-product","3":"status-publish","4":"has-post-thumbnail","6":"product_cat-cortadores","7":"product_tag-ceramica","8":"pa_ciudad-sevilla","9":"pa_pais-espana","11":"first","12":"instock","13":"shipping-taxable","14":"product-type-simple"},"acf":[],"_links":{"self":[{"href":"https:\/\/olemosaic.orbitalia.org\/pt-pt\/wp-json\/wp\/v2\/product\/26231","targetHints":{"allow":["GET"]}}],"collection":[{"href":"https:\/\/olemosaic.orbitalia.org\/pt-pt\/wp-json\/wp\/v2\/product"}],"about":[{"href":"https:\/\/olemosaic.orbitalia.org\/pt-pt\/wp-json\/wp\/v2\/types\/product"}],"wp:featuredmedia":[{"embeddable":true,"href":"https:\/\/olemosaic.orbitalia.org\/pt-pt\/wp-json\/wp\/v2\/media\/9944"}],"wp:attachment":[{"href":"https:\/\/olemosaic.orbitalia.org\/pt-pt\/wp-json\/wp\/v2\/media?parent=26231"}],"wp:term":[{"taxonomy":"product_brand","embeddable":true,"href":"https:\/\/olemosaic.orbitalia.org\/pt-pt\/wp-json\/wp\/v2\/product_brand?post=26231"},{"taxonomy":"product_cat","embeddable":true,"href":"https:\/\/olemosaic.orbitalia.org\/pt-pt\/wp-json\/wp\/v2\/product_cat?post=26231"},{"taxonomy":"product_tag","embeddable":true,"href":"https:\/\/olemosaic.orbitalia.org\/pt-pt\/wp-json\/wp\/v2\/product_tag?post=26231"}],"curies":[{"name":"wp","href":"https:\/\/api.w.org\/{rel}","templated":true}]}}