{"id":26215,"date":"2025-02-20T23:28:08","date_gmt":"2025-02-20T22:28:08","guid":{"rendered":"https:\/\/olemosaic.orbitalia.org\/producto\/cortador-de-ceramica-gallo\/"},"modified":"2025-07-25T18:53:46","modified_gmt":"2025-07-25T16:53:46","slug":"cortador-de-ceramica-galo","status":"publish","type":"product","link":"https:\/\/olemosaic.orbitalia.org\/pt-pt\/produto\/cortador-de-ceramica-galo\/","title":{"rendered":"Cortador de cer\u00e2mica. Galo."},"content":{"rendered":"<p>Cortador de cer\u00e2mica com um design vibrante que representa dois galos, \u00edcones do folclore portugu\u00eas. Esta bela pe\u00e7a \u00e9 uma verdadeira joia do artesanato local. Fabricado em cer\u00e2mica de alta qualidade, cada cortador \u00e9 pintado \u00e0 m\u00e3o, real\u00e7ando os intrincados detalhes art\u00edsticos e as cores chamativas que o adornam. Os galos, decorados com encantadores motivos de cora\u00e7\u00e3o em vermelho, azul e preto, destacam-se sobre uma base branca que proporciona um contraste ideal, fazendo com que cada elemento resplande\u00e7a com vida e tradi\u00e7\u00e3o.<\/p>\n<p>Este cortador de cer\u00e2mica n\u00e3o \u00e9 apenas um objeto funcional em qualquer cozinha, mas tamb\u00e9m se torna uma pe\u00e7a decorativa que presta homenagem \u00e0 rica heran\u00e7a cultural de Portugal. Os galos s\u00e3o um s\u00edmbolo de boa sorte e s\u00e3o amplamente reconhecidos na cultura popular portuguesa, o que acrescenta um significado especial a esta recorda\u00e7\u00e3o. Ao escolher este cortador, os turistas n\u00e3o s\u00f3 adquirem um artigo \u00fatil, como tamb\u00e9m uma recorda\u00e7\u00e3o aut\u00eantica que encapsula a ess\u00eancia de Portugal.<\/p>\n<p>Na Ol\u00e9 Mosaic, focamo-nos em oferecer souvenirs de cer\u00e2mica aut\u00eanticos e de qualidade superior, ideais para aqueles que procuram produtos representativos da sua viagem. Este cortador de cer\u00e2mica \u00e9 uma excelente op\u00e7\u00e3o para lojas de presentes tur\u00edsticos, permitindo aos seus clientes levar para casa um peda\u00e7o da tradi\u00e7\u00e3o portuguesa. Como grossistas de souvenirs, garantimos que cada produto combina arte e funcionalidade, oferecendo uma experi\u00eancia memor\u00e1vel e cultural.<\/p>\n","protected":false},"excerpt":{"rendered":"<p>Cortador de cer\u00e2mica com un design vibrante que mostra dois galos, s\u00edmbolos do folclore portugu\u00eas, decorados com motivos de cora\u00e7\u00f5es e flores em vermelho, azul e preto. O cortador, fabricado em cer\u00e2mica de alta qualidade, destaca-se pelo seu design artesanal, pintado \u00e0 m\u00e3o, que real\u00e7a cada detalhe art\u00edstico. A base branca proporciona um contraste ideal, fazendo com que as cores se destaquem, e torna-o uma pe\u00e7a decorativa e funcional perfeita para adicionar um toque de tradi\u00e7\u00e3o a qualquer cozinha.<\/p>\n","protected":false},"featured_media":8935,"template":"","meta":{"_acf_changed":false},"product_brand":[],"product_cat":[797],"product_tag":[516,515],"class_list":{"0":"post-26215","1":"product","2":"type-product","3":"status-publish","4":"has-post-thumbnail","6":"product_cat-cortadores","7":"product_tag-animais","8":"product_tag-ceramica","9":"pa_motivo-galos","11":"first","12":"instock","13":"shipping-taxable","14":"product-type-simple"},"acf":[],"_links":{"self":[{"href":"https:\/\/olemosaic.orbitalia.org\/pt-pt\/wp-json\/wp\/v2\/product\/26215","targetHints":{"allow":["GET"]}}],"collection":[{"href":"https:\/\/olemosaic.orbitalia.org\/pt-pt\/wp-json\/wp\/v2\/product"}],"about":[{"href":"https:\/\/olemosaic.orbitalia.org\/pt-pt\/wp-json\/wp\/v2\/types\/product"}],"wp:featuredmedia":[{"embeddable":true,"href":"https:\/\/olemosaic.orbitalia.org\/pt-pt\/wp-json\/wp\/v2\/media\/8935"}],"wp:attachment":[{"href":"https:\/\/olemosaic.orbitalia.org\/pt-pt\/wp-json\/wp\/v2\/media?parent=26215"}],"wp:term":[{"taxonomy":"product_brand","embeddable":true,"href":"https:\/\/olemosaic.orbitalia.org\/pt-pt\/wp-json\/wp\/v2\/product_brand?post=26215"},{"taxonomy":"product_cat","embeddable":true,"href":"https:\/\/olemosaic.orbitalia.org\/pt-pt\/wp-json\/wp\/v2\/product_cat?post=26215"},{"taxonomy":"product_tag","embeddable":true,"href":"https:\/\/olemosaic.orbitalia.org\/pt-pt\/wp-json\/wp\/v2\/product_tag?post=26215"}],"curies":[{"name":"wp","href":"https:\/\/api.w.org\/{rel}","templated":true}]}}