{"id":26211,"date":"2025-02-20T23:28:07","date_gmt":"2025-02-20T22:28:07","guid":{"rendered":"https:\/\/olemosaic.orbitalia.org\/producto\/colgante-de-madera-salamandra\/"},"modified":"2025-07-25T18:45:09","modified_gmt":"2025-07-25T16:45:09","slug":"pendente-de-madeira-salamandra","status":"publish","type":"product","link":"https:\/\/olemosaic.orbitalia.org\/pt-pt\/produto\/pendente-de-madeira-salamandra\/","title":{"rendered":"Pendente de madeira. Salamandra."},"content":{"rendered":"<p>Pendente de madeira com design de salamandra. Este encantador adorno artesanal, perfeito para a decora\u00e7\u00e3o de interiores, destaca-se pelo seu design \u00fanico e vibrante. Decorado artesanalmente com pe\u00e7as de madeira leves, apresenta um design colorido com detalhes pintados em tons azuis e vermelhos, que conferem um ar alegre e art\u00edstico. O pendente \u00e9 composto por uma figura central de salamandra, que pende de ramos naturais, rodeada por v\u00e1rias salamandras mais pequenas, cada uma com um estilo amig\u00e1vel e distintivo, que dotar\u00e1 qualquer espa\u00e7o de um toque natural e folcl\u00f3rico.<\/p>\n<p>Este pendente n\u00e3o s\u00f3 \u00e9 ideal para adornar divis\u00f5es, como tamb\u00e9m \u00e9 uma excelente recorda\u00e7\u00e3o cultural que liga \u00e0 rica biodiversidade e \u00e0 tradi\u00e7\u00e3o art\u00edstica local. As salamandras s\u00e3o s\u00edmbolos de transforma\u00e7\u00e3o e renova\u00e7\u00e3o, o que torna este pendente uma pe\u00e7a significativa para quem procura um toque especial no seu lar. Como recorda\u00e7\u00e3o representativa, este design aut\u00eantico \u00e9 perfeito para turistas que desejam levar consigo uma parte da cultura local. Na Ol\u00e9 Mosaic, orgulhamo-nos de ser distribuidores de souvenirs por grosso, oferecendo artigos \u00fanicos como este pendente de salamandra, que capturam a ess\u00eancia da arte popular e da cultura espanhola. Ideal para lojas de presentes tur\u00edsticos que procurem produtos diferenciadores e de qualidade.<\/p>\n","protected":false},"excerpt":{"rendered":"<p>Pendente de madeira com design de salamandras, ideal para decorar espa\u00e7os com um toque art\u00edstico. Este encantador adorno \u00e9 elaborado \u00e0 m\u00e3o com pe\u00e7as de madeira leves e decoradas com detalhes pintados em tons azul e vermelho, que real\u00e7am o seu car\u00e1cter. Pendurado em ramos naturais, apresenta v\u00e1rias figuras de salamandras, cada uma com um estilo \u00fanico e amig\u00e1vel, perfeitas para adicionar um ar de natureza e folclore a qualquer ambiente.<\/p>\n","protected":false},"featured_media":9637,"template":"","meta":{"_acf_changed":false},"product_brand":[],"product_cat":[794],"product_tag":[516],"class_list":{"0":"post-26211","1":"product","2":"type-product","3":"status-publish","4":"has-post-thumbnail","6":"product_cat-pendentes","7":"product_tag-animais","8":"pa_motivo-salamandras","10":"first","11":"instock","12":"shipping-taxable","13":"product-type-simple"},"acf":[],"_links":{"self":[{"href":"https:\/\/olemosaic.orbitalia.org\/pt-pt\/wp-json\/wp\/v2\/product\/26211","targetHints":{"allow":["GET"]}}],"collection":[{"href":"https:\/\/olemosaic.orbitalia.org\/pt-pt\/wp-json\/wp\/v2\/product"}],"about":[{"href":"https:\/\/olemosaic.orbitalia.org\/pt-pt\/wp-json\/wp\/v2\/types\/product"}],"wp:featuredmedia":[{"embeddable":true,"href":"https:\/\/olemosaic.orbitalia.org\/pt-pt\/wp-json\/wp\/v2\/media\/9637"}],"wp:attachment":[{"href":"https:\/\/olemosaic.orbitalia.org\/pt-pt\/wp-json\/wp\/v2\/media?parent=26211"}],"wp:term":[{"taxonomy":"product_brand","embeddable":true,"href":"https:\/\/olemosaic.orbitalia.org\/pt-pt\/wp-json\/wp\/v2\/product_brand?post=26211"},{"taxonomy":"product_cat","embeddable":true,"href":"https:\/\/olemosaic.orbitalia.org\/pt-pt\/wp-json\/wp\/v2\/product_cat?post=26211"},{"taxonomy":"product_tag","embeddable":true,"href":"https:\/\/olemosaic.orbitalia.org\/pt-pt\/wp-json\/wp\/v2\/product_tag?post=26211"}],"curies":[{"name":"wp","href":"https:\/\/api.w.org\/{rel}","templated":true}]}}