{"id":26190,"date":"2025-02-20T23:28:07","date_gmt":"2025-02-20T22:28:07","guid":{"rendered":"https:\/\/olemosaic.orbitalia.org\/producto\/colgador-de-ceramica-golondrina-lisboa-mosaico\/"},"modified":"2025-07-25T19:23:33","modified_gmt":"2025-07-25T17:23:33","slug":"cabide-de-ceramica-andorinha-lisboa-mosaico","status":"publish","type":"product","link":"https:\/\/olemosaic.orbitalia.org\/pt-pt\/produto\/cabide-de-ceramica-andorinha-lisboa-mosaico\/","title":{"rendered":"Cabide de cer\u00e2mica. Andorinha. Lisboa. Mosaico"},"content":{"rendered":"<p>Cabide de cer\u00e2mica com forma de andorinha, um encantador acess\u00f3rio que captura a ess\u00eancia de Lisboa e a sua rica heran\u00e7a cultural. Este atraente cabide \u00e9 meticulosamente elaborado em cer\u00e2mica e decorado com um vibrante mosaico de cores azul, amarelo, vermelho e verde, que evoca a beleza e os tradicionais azulejos portugueses que adornam as fachadas da cidade. Cada pe\u00e7a aparenta ser pintada \u00e0 m\u00e3o, o que garante a sua unicidade e real\u00e7a os delicados motivos geom\u00e9tricos e florais que adornam o seu corpo, oferecendo um toque distintivo e art\u00edstico a qualquer espa\u00e7o. A escolha da andorinha como forma simboliza a chegada da primavera e a renova\u00e7\u00e3o, caracter\u00edsticas profundamente enraizadas na alma da cultura portuguesa. Este cabide n\u00e3o s\u00f3 \u00e9 funcional, como tamb\u00e9m atua como uma recorda\u00e7\u00e3o pr\u00e1tica de Lisboa, tornando-se um aut\u00eantico souvenir que liga os visitantes ao calor das suas gentes e \u00e0 beleza das suas tradi\u00e7\u00f5es. Perfeito para quem procura souvenirs que reflitam a autenticidade e o colorido da cultura portuguesa. Na Ol\u00e9 Mosaic, como distribuidores de souvenirs por grosso, oferecemos produtos de alta qualidade que celebram a riqueza cultural e art\u00edstica de Portugal, ideais para lojas de presentes tur\u00edsticos.<\/p>\n","protected":false},"excerpt":{"rendered":"<p>Cabide de cer\u00e2mica com forma de andorinha, inspirado na beleza de Lisboa. Este atraente acess\u00f3rio est\u00e1 decorado com um vibrante mosaico de cores azul, amarelo, vermelho e verde, que evoca os tradicionais azulejos portugueses. Cada pe\u00e7a aparenta ser pintada \u00e0 m\u00e3o, real\u00e7ando os delicados motivos geom\u00e9tricos e florais que adornam o seu corpo. Ideal para adicionar um toque cultural e art\u00edstico a qualquer espa\u00e7o.<\/p>\n","protected":false},"featured_media":11220,"template":"","meta":{"_acf_changed":false},"product_brand":[],"product_cat":[792],"product_tag":[516,515],"class_list":{"0":"post-26190","1":"product","2":"type-product","3":"status-publish","4":"has-post-thumbnail","6":"product_cat-cabides","7":"product_tag-animais","8":"product_tag-ceramica","9":"pa_ciudad-lisboa","10":"pa_motivo-andorinhas","11":"pa_pais-portugal","13":"first","14":"instock","15":"shipping-taxable","16":"product-type-simple"},"acf":[],"_links":{"self":[{"href":"https:\/\/olemosaic.orbitalia.org\/pt-pt\/wp-json\/wp\/v2\/product\/26190","targetHints":{"allow":["GET"]}}],"collection":[{"href":"https:\/\/olemosaic.orbitalia.org\/pt-pt\/wp-json\/wp\/v2\/product"}],"about":[{"href":"https:\/\/olemosaic.orbitalia.org\/pt-pt\/wp-json\/wp\/v2\/types\/product"}],"wp:featuredmedia":[{"embeddable":true,"href":"https:\/\/olemosaic.orbitalia.org\/pt-pt\/wp-json\/wp\/v2\/media\/11220"}],"wp:attachment":[{"href":"https:\/\/olemosaic.orbitalia.org\/pt-pt\/wp-json\/wp\/v2\/media?parent=26190"}],"wp:term":[{"taxonomy":"product_brand","embeddable":true,"href":"https:\/\/olemosaic.orbitalia.org\/pt-pt\/wp-json\/wp\/v2\/product_brand?post=26190"},{"taxonomy":"product_cat","embeddable":true,"href":"https:\/\/olemosaic.orbitalia.org\/pt-pt\/wp-json\/wp\/v2\/product_cat?post=26190"},{"taxonomy":"product_tag","embeddable":true,"href":"https:\/\/olemosaic.orbitalia.org\/pt-pt\/wp-json\/wp\/v2\/product_tag?post=26190"}],"curies":[{"name":"wp","href":"https:\/\/api.w.org\/{rel}","templated":true}]}}