{"id":26186,"date":"2025-02-20T23:28:07","date_gmt":"2025-02-20T22:28:07","guid":{"rendered":"https:\/\/olemosaic.orbitalia.org\/producto\/cenicero-de-ceramica-de-8-cm-gallos-blanco\/"},"modified":"2025-07-25T22:22:02","modified_gmt":"2025-07-25T20:22:02","slug":"cinzeiro-de-ceramica-de-8-cm-galos-branco","status":"publish","type":"product","link":"https:\/\/olemosaic.orbitalia.org\/pt-pt\/produto\/cinzeiro-de-ceramica-de-8-cm-galos-branco\/","title":{"rendered":"Cinzeiro de cer\u00e2mica de 8 cm. Galos. Branco"},"content":{"rendered":"<p>Cinzeiro de cer\u00e2mica decorado com um galo colorido, s\u00edmbolo do folclore espanhol, que se destaca como um atraente souvenir da rica tradi\u00e7\u00e3o cultural de Espanha. Com um di\u00e2metro de 8 cm, este cinzeiro apresenta uma vibrante ilustra\u00e7\u00e3o com efeito pintado \u00e0 m\u00e3o, onde se mostra um galo em tons de vermelho, amarelo e preto, rodeado de delicados motivos florais e cora\u00e7\u00f5es azuis e brancos. A cer\u00e2mica branca atua como uma tela perfeita, real\u00e7ando as cores vivas e o design alegre que evocam a ess\u00eancia da arte popular espanhola.<\/p>\n<p>Este cinzeiro n\u00e3o s\u00f3 cumpre uma fun\u00e7\u00e3o pr\u00e1tica, como tamb\u00e9m serve como pe\u00e7a decorativa que pode transformar qualquer espa\u00e7o num recanto cheio de vida e tradi\u00e7\u00e3o. O galo, um s\u00edmbolo omnipresente no folclore espanhol, representa a abund\u00e2ncia e a alegria, tornando-o uma recorda\u00e7\u00e3o significativa para quem deseja levar um pedacinho da cultura espanhola para casa. Na Ol\u00e9 Mosaic, orgulhamo-nos de oferecer souvenirs aut\u00eanticos que capturam a riqueza das tradi\u00e7\u00f5es locais, e este cinzeiro de cer\u00e2mica \u00e9 uma op\u00e7\u00e3o excecional para lojas de presentes tur\u00edsticos que procuram produtos \u00fanicos e representativos. Ao escolher este cinzeiro, garante-se um presente que celebra a heran\u00e7a cultural de Espanha e atrai turistas que valorizam a autenticidade nas suas recorda\u00e7\u00f5es.<\/p>\n","protected":false},"excerpt":{"rendered":"<p>Cinzeiro de cer\u00e2mica de 8 cm decorado com um galo colorido, s\u00edmbolo do folclore espanhol. Apresenta um design artesanal, pintado \u00e0 m\u00e3o, em tons de vermelho, amarelo e preto, rodeado por motivos florais e cora\u00e7\u00f5es azuis e brancos. Este artigo, al\u00e9m de ser funcional, \u00e9 um elemento decorativo atraente que evoca a tradi\u00e7\u00e3o e a arte popular. \u00c9 ideal para levar um pedacinho de Espanha para qualquer lar.<\/p>\n","protected":false},"featured_media":8884,"template":"","meta":{"_acf_changed":false},"product_brand":[],"product_cat":[564],"product_tag":[516,515],"class_list":{"0":"post-26186","1":"product","2":"type-product","3":"status-publish","4":"has-post-thumbnail","6":"product_cat-cinzeiros","7":"product_tag-animais","8":"product_tag-ceramica","9":"pa_motivo-galos","11":"first","12":"instock","13":"shipping-taxable","14":"product-type-simple"},"acf":[],"_links":{"self":[{"href":"https:\/\/olemosaic.orbitalia.org\/pt-pt\/wp-json\/wp\/v2\/product\/26186","targetHints":{"allow":["GET"]}}],"collection":[{"href":"https:\/\/olemosaic.orbitalia.org\/pt-pt\/wp-json\/wp\/v2\/product"}],"about":[{"href":"https:\/\/olemosaic.orbitalia.org\/pt-pt\/wp-json\/wp\/v2\/types\/product"}],"wp:featuredmedia":[{"embeddable":true,"href":"https:\/\/olemosaic.orbitalia.org\/pt-pt\/wp-json\/wp\/v2\/media\/8884"}],"wp:attachment":[{"href":"https:\/\/olemosaic.orbitalia.org\/pt-pt\/wp-json\/wp\/v2\/media?parent=26186"}],"wp:term":[{"taxonomy":"product_brand","embeddable":true,"href":"https:\/\/olemosaic.orbitalia.org\/pt-pt\/wp-json\/wp\/v2\/product_brand?post=26186"},{"taxonomy":"product_cat","embeddable":true,"href":"https:\/\/olemosaic.orbitalia.org\/pt-pt\/wp-json\/wp\/v2\/product_cat?post=26186"},{"taxonomy":"product_tag","embeddable":true,"href":"https:\/\/olemosaic.orbitalia.org\/pt-pt\/wp-json\/wp\/v2\/product_tag?post=26186"}],"curies":[{"name":"wp","href":"https:\/\/api.w.org\/{rel}","templated":true}]}}