{"id":26168,"date":"2025-02-20T23:28:06","date_gmt":"2025-02-20T22:28:06","guid":{"rendered":"https:\/\/olemosaic.orbitalia.org\/producto\/campana-de-ceramica-de-11-cm-panoramica-barcelona-beige\/"},"modified":"2025-07-25T18:35:24","modified_gmt":"2025-07-25T16:35:24","slug":"sino-de-ceramica-de-11-cm-panoramica-barcelona-bege","status":"publish","type":"product","link":"https:\/\/olemosaic.orbitalia.org\/pt-pt\/produto\/sino-de-ceramica-de-11-cm-panoramica-barcelona-bege\/","title":{"rendered":"Sino de cer\u00e2mica de 11 cm. Panor\u00e2mica. Barcelona. Bege"},"content":{"rendered":"<p>Ta\u00e7a de coco vermelha inspirada na salamandra, um s\u00edmbolo representativo de Barcelona. Esta atrativa ta\u00e7a destaca-se pelo seu vibrante design em tons vermelhos e dourados, com uma t\u00e9cnica que acentua as texturas e os detalhes do motivo da salamandra, emblema da arquitetura modernista da cidade. A decora\u00e7\u00e3o da ta\u00e7a inclui a palavra &#8220;Barcelona&#8221;, o que a torna uma elegante recorda\u00e7\u00e3o que capta a ess\u00eancia cultural da regi\u00e3o. Realizada em coco, a sua superf\u00edcie apresenta um acabamento brilhante que reflete a luz de maneira cativante, atraindo todos os olhares. Os intrincados padr\u00f5es em vermelho e dourado evocam o calor e o car\u00e1ter inovador da cidade, fazendo desta ta\u00e7a n\u00e3o apenas um objeto decorativo, mas um peda\u00e7o de hist\u00f3ria e arte. Esta ta\u00e7a de coco vermelha \u00e9 a recorda\u00e7\u00e3o perfeita para quem deseje levar para casa um fragmento da cultura catal\u00e3, ideal para qualquer lar. Na Ol\u00e9 Mosaic, como grossista de souvenirs de Barcelona, oferecemos produtos aut\u00eanticos e de qualidade que celebram a rica heran\u00e7a cultural da regi\u00e3o, assegurando que cada cliente encontre uma recorda\u00e7\u00e3o verdadeiramente representativa.<\/p>\n","protected":false},"excerpt":{"rendered":"<p>Sino de cer\u00e2mica de 11 cm decorado com uma vibrante panor\u00e2mica de Barcelona. Este carinhoso souvenir apresenta um design colorido com elementos ic\u00f3nicos da cidade, como o famoso mosaico do Park G\u00fcell e a Sagrada Fam\u00edlia, todo com design artesanal, pintado \u00e0 m\u00e3o, em tons vivos sobre um fundo branco. A pega vermelha e os detalhes em bege conferem-lhe um toque atrativo, tornando-o uma pe\u00e7a ideal para recordar a beleza de Barcelona.<\/p>\n","protected":false},"featured_media":8467,"template":"","meta":{"_acf_changed":false},"product_brand":[],"product_cat":[789],"product_tag":[515],"class_list":{"0":"post-26168","1":"product","2":"type-product","3":"status-publish","4":"has-post-thumbnail","6":"product_cat-sinos","7":"product_tag-ceramica","8":"pa_ciudad-barcelona","9":"pa_motivo-panoramas","10":"pa_pais-espana","12":"first","13":"instock","14":"shipping-taxable","15":"product-type-simple"},"acf":[],"_links":{"self":[{"href":"https:\/\/olemosaic.orbitalia.org\/pt-pt\/wp-json\/wp\/v2\/product\/26168","targetHints":{"allow":["GET"]}}],"collection":[{"href":"https:\/\/olemosaic.orbitalia.org\/pt-pt\/wp-json\/wp\/v2\/product"}],"about":[{"href":"https:\/\/olemosaic.orbitalia.org\/pt-pt\/wp-json\/wp\/v2\/types\/product"}],"wp:featuredmedia":[{"embeddable":true,"href":"https:\/\/olemosaic.orbitalia.org\/pt-pt\/wp-json\/wp\/v2\/media\/8467"}],"wp:attachment":[{"href":"https:\/\/olemosaic.orbitalia.org\/pt-pt\/wp-json\/wp\/v2\/media?parent=26168"}],"wp:term":[{"taxonomy":"product_brand","embeddable":true,"href":"https:\/\/olemosaic.orbitalia.org\/pt-pt\/wp-json\/wp\/v2\/product_brand?post=26168"},{"taxonomy":"product_cat","embeddable":true,"href":"https:\/\/olemosaic.orbitalia.org\/pt-pt\/wp-json\/wp\/v2\/product_cat?post=26168"},{"taxonomy":"product_tag","embeddable":true,"href":"https:\/\/olemosaic.orbitalia.org\/pt-pt\/wp-json\/wp\/v2\/product_tag?post=26168"}],"curies":[{"name":"wp","href":"https:\/\/api.w.org\/{rel}","templated":true}]}}