{"id":26121,"date":"2025-02-20T23:28:04","date_gmt":"2025-02-20T22:28:04","guid":{"rendered":"https:\/\/olemosaic.orbitalia.org\/producto\/bol-de-coco-rojo-flamenco\/"},"modified":"2025-07-25T18:48:10","modified_gmt":"2025-07-25T16:48:10","slug":"taca-de-coco-vermelha-flamingos-abracados","status":"publish","type":"product","link":"https:\/\/olemosaic.orbitalia.org\/pt-pt\/produto\/taca-de-coco-vermelha-flamingos-abracados\/","title":{"rendered":"Ta\u00e7a de coco vermelha. Flamingos abra\u00e7ados"},"content":{"rendered":"<p>Ta\u00e7a de coco vermelha pintada \u00e0 m\u00e3o \u2013 Flamingos<\/p>\n<p>Esta encantadora ta\u00e7a de coco vermelha, uma obra-prima artesanal, evoca a beleza da fauna espanhola e torna-se uma recorda\u00e7\u00e3o \u00fanica e significativa para quem explora a cultura do pa\u00eds. O seu design vibrante em tons vermelhos intensos destaca-se por uma borda delicadamente decorada em matizes mais claros, que oferece um efeito visual atraente e contempor\u00e2neo. No centro, um elegante padr\u00e3o de flamingos entrela\u00e7ados simboliza o amor e a liga\u00e7\u00e3o com a natureza, adicionando um toque rom\u00e2ntico e ex\u00f3tico.<\/p>\n<p>A forma org\u00e2nica do coco real\u00e7a a exclusividade desta ta\u00e7a, oferecendo n\u00e3o apenas uma pe\u00e7a decorativa, mas tamb\u00e9m funcional, que pode ser utilizada para servir aperitivos ou como um atraente elemento em qualquer casa. Este souvenir \u00e9 ideal para turistas que procuram algo aut\u00eantico e representativo da cultura espanhola, sendo uma recorda\u00e7\u00e3o perfeita das suas viagens a zonas como a Andaluzia, onde os flamingos fazem parte da paisagem natural.<\/p>\n<p>Na Ol\u00e9 Mosaic, orgulhamo-nos de ser distribuidores de souvenirs artesanais e aut\u00eanticos. Esta ta\u00e7a de coco vermelha pintada \u00e0 m\u00e3o \u00e9 uma op\u00e7\u00e3o excecional para lojas de presentes tur\u00edsticos que desejam oferecer produtos de alta qualidade e carregados de significado cultural. Um presente ideal que captura a ess\u00eancia de Espanha, perfeito para aqueles que valorizam a arte e o artesanato local.<\/p>\n","protected":false},"excerpt":{"rendered":"<p>Ta\u00e7a de coco vermelha com design artesanal, pintada \u00e0 m\u00e3o, inspirada na fauna espanhola. Esta encantadora ta\u00e7a apresenta um design vermelho vibrante com uma borda decorada em tons claros e um padr\u00e3o de flamingos abra\u00e7ados, simbolizando o amor e a natureza. A sua forma org\u00e2nica, pr\u00f3pria do coco, confere-lhe um toque ex\u00f3tico e \u00fanico, tornando-a uma excelente recorda\u00e7\u00e3o para quem aprecia a arte e a cultura espanholas. Ideal para decorar ou como pe\u00e7a funcional em qualquer casa.<\/p>\n","protected":false},"featured_media":13406,"template":"","meta":{"_acf_changed":false},"product_brand":[],"product_cat":[513],"product_tag":[516],"class_list":{"0":"post-26121","1":"product","2":"type-product","3":"status-publish","4":"has-post-thumbnail","6":"product_cat-bols","7":"product_tag-animais","8":"pa_motivo-flamingos","10":"first","11":"instock","12":"shipping-taxable","13":"product-type-simple"},"acf":[],"_links":{"self":[{"href":"https:\/\/olemosaic.orbitalia.org\/pt-pt\/wp-json\/wp\/v2\/product\/26121","targetHints":{"allow":["GET"]}}],"collection":[{"href":"https:\/\/olemosaic.orbitalia.org\/pt-pt\/wp-json\/wp\/v2\/product"}],"about":[{"href":"https:\/\/olemosaic.orbitalia.org\/pt-pt\/wp-json\/wp\/v2\/types\/product"}],"wp:featuredmedia":[{"embeddable":true,"href":"https:\/\/olemosaic.orbitalia.org\/pt-pt\/wp-json\/wp\/v2\/media\/13406"}],"wp:attachment":[{"href":"https:\/\/olemosaic.orbitalia.org\/pt-pt\/wp-json\/wp\/v2\/media?parent=26121"}],"wp:term":[{"taxonomy":"product_brand","embeddable":true,"href":"https:\/\/olemosaic.orbitalia.org\/pt-pt\/wp-json\/wp\/v2\/product_brand?post=26121"},{"taxonomy":"product_cat","embeddable":true,"href":"https:\/\/olemosaic.orbitalia.org\/pt-pt\/wp-json\/wp\/v2\/product_cat?post=26121"},{"taxonomy":"product_tag","embeddable":true,"href":"https:\/\/olemosaic.orbitalia.org\/pt-pt\/wp-json\/wp\/v2\/product_tag?post=26121"}],"curies":[{"name":"wp","href":"https:\/\/api.w.org\/{rel}","templated":true}]}}