{"id":26107,"date":"2025-02-20T23:28:03","date_gmt":"2025-02-20T22:28:03","guid":{"rendered":"https:\/\/olemosaic.orbitalia.org\/producto\/bol-de-coco-rojo-camello-fuerteventura\/"},"modified":"2025-07-25T19:26:10","modified_gmt":"2025-07-25T17:26:10","slug":"taca-de-coco-vermelha-camelo-fuerteventura","status":"publish","type":"product","link":"https:\/\/olemosaic.orbitalia.org\/pt-pt\/produto\/taca-de-coco-vermelha-camelo-fuerteventura\/","title":{"rendered":"Ta\u00e7a de coco vermelha. Camelo. Fuerteventura."},"content":{"rendered":"<p>Ta\u00e7a de coco vermelha decorada com motivos de camelo, inspirada na ess\u00eancia de Fuerteventura. Esta atraente ta\u00e7a, elaborada cuidadosamente com casca de coco, \u00e9 uma representa\u00e7\u00e3o aut\u00eantica da rica cultura e da paisagem das Ilhas Can\u00e1rias. O seu design destaca-se por um padr\u00e3o vibrante em tons vermelhos e brancos, que combina c\u00edrculos dispersos de diferentes tamanhos, criando um efeito visual cativante. No centro, um camelo, s\u00edmbolo da fauna \u00fanica de Fuerteventura, ergue-se como a pe\u00e7a central que evoca a paisagem \u00e1rida e bela da ilha, bem como a liga\u00e7\u00e3o hist\u00f3rica com as rotas comerciais tradicionais.<\/p>\n<p>Esta ta\u00e7a n\u00e3o s\u00f3 serve como um encantador objeto ornamental, mas tamb\u00e9m \u00e9 perfeita para dar um toque ex\u00f3tico \u00e0 mesa, ideal para eventos ou como um presente memor\u00e1vel que representa a cultura can\u00e1ria. A singularidade da sua confe\u00e7\u00e3o artesanal assegura que cada pe\u00e7a seja \u00fanica, mantendo a autenticidade que os turistas procuram numa recorda\u00e7\u00e3o. Na Ol\u00e9 Mosaic, como distribuidores de recorda\u00e7\u00f5es, oferecemos produtos como esta ta\u00e7a de coco que capturam a ess\u00eancia de cada regi\u00e3o. Esta recorda\u00e7\u00e3o de Fuerteventura \u00e9 uma excelente op\u00e7\u00e3o para lojas de presentes tur\u00edsticos que desejam oferecer artigos culturais e significativos, ideais para quem deseja levar um peda\u00e7o da ilha consigo.<\/p>\n","protected":false},"excerpt":{"rendered":"<p>Ta\u00e7a de coco vermelha decorada com motivos de camelo, inspirada na ess\u00eancia de Fuerteventura. Esta atraente ta\u00e7a, feita com casca de coco, destaca-se pelo seu design artesanal, pintado \u00e0 m\u00e3o, onde se combinam tons vermelhos e brancos num padr\u00e3o de c\u00edrculos. No centro, um camelo simboliza a fauna da ilha, criando um elemento decorativo \u00fanico que captura a cultura e a paisagem can\u00e1ria. Perfeita como objeto ornamental ou para usar na mesa.<\/p>\n","protected":false},"featured_media":11993,"template":"","meta":{"_acf_changed":false},"product_brand":[],"product_cat":[513],"product_tag":[516],"class_list":{"0":"post-26107","1":"product","2":"type-product","3":"status-publish","4":"has-post-thumbnail","6":"product_cat-bols","7":"product_tag-animais","8":"pa_ciudad-fuerteventura","9":"pa_motivo-camelos","10":"pa_pais-espana","12":"first","13":"instock","14":"shipping-taxable","15":"product-type-simple"},"acf":[],"_links":{"self":[{"href":"https:\/\/olemosaic.orbitalia.org\/pt-pt\/wp-json\/wp\/v2\/product\/26107","targetHints":{"allow":["GET"]}}],"collection":[{"href":"https:\/\/olemosaic.orbitalia.org\/pt-pt\/wp-json\/wp\/v2\/product"}],"about":[{"href":"https:\/\/olemosaic.orbitalia.org\/pt-pt\/wp-json\/wp\/v2\/types\/product"}],"wp:featuredmedia":[{"embeddable":true,"href":"https:\/\/olemosaic.orbitalia.org\/pt-pt\/wp-json\/wp\/v2\/media\/11993"}],"wp:attachment":[{"href":"https:\/\/olemosaic.orbitalia.org\/pt-pt\/wp-json\/wp\/v2\/media?parent=26107"}],"wp:term":[{"taxonomy":"product_brand","embeddable":true,"href":"https:\/\/olemosaic.orbitalia.org\/pt-pt\/wp-json\/wp\/v2\/product_brand?post=26107"},{"taxonomy":"product_cat","embeddable":true,"href":"https:\/\/olemosaic.orbitalia.org\/pt-pt\/wp-json\/wp\/v2\/product_cat?post=26107"},{"taxonomy":"product_tag","embeddable":true,"href":"https:\/\/olemosaic.orbitalia.org\/pt-pt\/wp-json\/wp\/v2\/product_tag?post=26107"}],"curies":[{"name":"wp","href":"https:\/\/api.w.org\/{rel}","templated":true}]}}