{"id":26106,"date":"2025-02-20T23:28:03","date_gmt":"2025-02-20T22:28:03","guid":{"rendered":"https:\/\/olemosaic.orbitalia.org\/producto\/bol-de-coco-rojo-mariposa\/"},"modified":"2025-07-25T20:20:23","modified_gmt":"2025-07-25T18:20:23","slug":"taca-de-coco-vermelha-borboleta","status":"publish","type":"product","link":"https:\/\/olemosaic.orbitalia.org\/pt-pt\/produto\/taca-de-coco-vermelha-borboleta\/","title":{"rendered":"Ta\u00e7a de coco tons vermelhos. Borboleta."},"content":{"rendered":"<p>Ta\u00e7a de coco vermelha decorada com borboleta<\/p>\n<p>Esta elegante ta\u00e7a de coco vermelha \u00e9 uma pe\u00e7a excecional que evoca a riqueza do folclore e a beleza natural das regi\u00f5es tropicais. Elaborada a partir de casca de coco reciclada, esta ta\u00e7a apresenta um acabamento brilhante e arredondado, com um padr\u00e3o encantador de tons avermelhados que real\u00e7a a sua singularidade. No centro, uma borboleta pintada com detalhe adiciona um toque art\u00edstico, simbolizando a transforma\u00e7\u00e3o e a beleza ef\u00e9mera da natureza. Este design vibrante n\u00e3o s\u00f3 a torna uma pe\u00e7a decorativa impactante, mas tamb\u00e9m uma op\u00e7\u00e3o ideal para servir aperitivos ou como centro de mesa.<\/p>\n<p>A ta\u00e7a de coco vermelha \u00e9 uma recorda\u00e7\u00e3o aut\u00eantica, representativa das tradi\u00e7\u00f5es artesanais, que liga o visitante \u00e0 ess\u00eancia cultural das regi\u00f5es onde se produzem estes objetos. Perfeita para quem procura algo \u00fanico e significativo, esta ta\u00e7a \u00e9 uma excelente adi\u00e7\u00e3o para lojas de presentes tur\u00edsticos. Na Ol\u00e9 Mosaic, reconhecemos a import\u00e2ncia das recorda\u00e7\u00f5es que narram hist\u00f3rias, e esta ta\u00e7a de coco n\u00e3o \u00e9 apenas um artigo funcional, mas uma lembran\u00e7a que captura o esp\u00edrito vibrante da cultura local. Como distribuidores de recorda\u00e7\u00f5es por grosso, garantimos a qualidade e autenticidade de cada pe\u00e7a, fazendo desta ta\u00e7a uma op\u00e7\u00e3o imprescind\u00edvel para aqueles que valorizam o artesanato aut\u00eantico e a beleza natural nas suas recorda\u00e7\u00f5es.<\/p>\n","protected":false},"excerpt":{"rendered":"<p>Ta\u00e7a de coco vermelha decorada com um elegante design de borboleta. Este precioso artigo, elaborado a partir de casca de coco, apresenta um acabamento brilhante e arredondado, acentuado com um padr\u00e3o em tons vermelhos que real\u00e7a a sua singularidade. A borboleta pintada no centro adiciona um toque art\u00edstico, enquanto os tons quentes evocam o folclore vibrante. Ideal como pe\u00e7a decorativa ou para servir aperitivos, esta ta\u00e7a \u00e9 uma recorda\u00e7\u00e3o perfeita da beleza natural.<\/p>\n","protected":false},"featured_media":13503,"template":"","meta":{"_acf_changed":false},"product_brand":[],"product_cat":[513],"product_tag":[516],"class_list":{"0":"post-26106","1":"product","2":"type-product","3":"status-publish","4":"has-post-thumbnail","6":"product_cat-bols","7":"product_tag-animais","8":"pa_motivo-borboletas","10":"first","11":"instock","12":"shipping-taxable","13":"product-type-simple"},"acf":[],"_links":{"self":[{"href":"https:\/\/olemosaic.orbitalia.org\/pt-pt\/wp-json\/wp\/v2\/product\/26106","targetHints":{"allow":["GET"]}}],"collection":[{"href":"https:\/\/olemosaic.orbitalia.org\/pt-pt\/wp-json\/wp\/v2\/product"}],"about":[{"href":"https:\/\/olemosaic.orbitalia.org\/pt-pt\/wp-json\/wp\/v2\/types\/product"}],"wp:featuredmedia":[{"embeddable":true,"href":"https:\/\/olemosaic.orbitalia.org\/pt-pt\/wp-json\/wp\/v2\/media\/13503"}],"wp:attachment":[{"href":"https:\/\/olemosaic.orbitalia.org\/pt-pt\/wp-json\/wp\/v2\/media?parent=26106"}],"wp:term":[{"taxonomy":"product_brand","embeddable":true,"href":"https:\/\/olemosaic.orbitalia.org\/pt-pt\/wp-json\/wp\/v2\/product_brand?post=26106"},{"taxonomy":"product_cat","embeddable":true,"href":"https:\/\/olemosaic.orbitalia.org\/pt-pt\/wp-json\/wp\/v2\/product_cat?post=26106"},{"taxonomy":"product_tag","embeddable":true,"href":"https:\/\/olemosaic.orbitalia.org\/pt-pt\/wp-json\/wp\/v2\/product_tag?post=26106"}],"curies":[{"name":"wp","href":"https:\/\/api.w.org\/{rel}","templated":true}]}}