{"id":26104,"date":"2025-02-20T22:28:03","date_gmt":"2025-02-20T22:28:03","guid":{"rendered":"https:\/\/olemosaic.orbitalia.org\/producto\/bol-de-coco-naranja-salamandra-gran-canaria\/"},"modified":"2025-07-25T18:57:02","modified_gmt":"2025-07-25T16:57:02","slug":"taca-de-coco-laranja-salamandra-gran-canaria","status":"publish","type":"product","link":"https:\/\/olemosaic.orbitalia.org\/pt-pt\/produto\/taca-de-coco-laranja-salamandra-gran-canaria\/","title":{"rendered":"Ta\u00e7a de coco laranja. Salamandra. Gran Canaria."},"content":{"rendered":"<p>Ta\u00e7a de coco laranja decorada com salamandra de Gran Canaria<\/p>\n<p>Esta requintada ta\u00e7a de coco laranja \u00e9 um exemplo destacado do artesanato can\u00e1rio, desenhada para quem procura uma recorda\u00e7\u00e3o aut\u00eantica e representativa de Gran Canaria. A pe\u00e7a apresenta uma malha intrincada que evoca a beleza natural das ilhas, criando um jogo de luzes e sombras que cativa o olhar. No centro da ta\u00e7a, uma salamandra, s\u00edmbolo da rica biodiversidade can\u00e1ria, destaca-se gra\u00e7as a um acabamento dourado que sobressai vibrante sobre o fundo laranja.<\/p>\n<p>O texto &#8220;Gran Canaria&#8221; est\u00e1 elegantemente incorporado na ilustra\u00e7\u00e3o, conferindo um toque de sofistica\u00e7\u00e3o que real\u00e7a o seu apelo. Feita \u00e0 m\u00e3o, cada ta\u00e7a \u00e9 \u00fanica, o que sublinha a dedica\u00e7\u00e3o e a arte dos artes\u00e3os locais. Esta ta\u00e7a n\u00e3o \u00e9 apenas funcional, mas tamb\u00e9m adiciona um elemento decorativo que enriquece qualquer espa\u00e7o, tornando-se um atraente centro de conversa.<\/p>\n<p>A Ol\u00e9 Mosaic orgulha-se de oferecer este tipo de recorda\u00e7\u00f5es aut\u00eanticas, ideais para lojas de presentes tur\u00edsticos que procuram ligar os visitantes \u00e0 cultura local. Esta ta\u00e7a de coco \u00e9, sem d\u00favida, uma excelente op\u00e7\u00e3o para aqueles turistas que desejam levar um peda\u00e7o da ess\u00eancia can\u00e1ria para casa. Atrav\u00e9s dos nossos produtos, os viajantes podem desfrutar de uma parte das Ilhas Can\u00e1rias e da sua rica heran\u00e7a cultural, tornando cada compra uma recorda\u00e7\u00e3o inesquec\u00edvel.<\/p>\n","protected":false},"excerpt":{"rendered":"<p>Ta\u00e7a de coco alaranjada decorada com um design intrincado em forma de malha que evoca a beleza da natureza can\u00e1ria. Este atraente artigo apresenta uma ilustra\u00e7\u00e3o de uma salamandra no centro, com a inscri\u00e7\u00e3o &#8220;Gran Canaria&#8221; num acabamento dourado que se destaca sobre o fundo vibrante. Feita \u00e0 m\u00e3o, esta ta\u00e7a n\u00e3o \u00e9 apenas uma recorda\u00e7\u00e3o perfeita de Gran Canaria, mas tamb\u00e9m adiciona um toque ex\u00f3tico e cultural a qualquer espa\u00e7o.<\/p>\n","protected":false},"featured_media":10121,"template":"","meta":{"_acf_changed":false},"product_brand":[],"product_cat":[513],"product_tag":[516],"class_list":{"0":"post-26104","1":"product","2":"type-product","3":"status-publish","4":"has-post-thumbnail","6":"product_cat-bols","7":"product_tag-animais","8":"pa_ciudad-gran-canaria","9":"pa_motivo-salamandras","10":"pa_pais-espana","12":"first","13":"instock","14":"shipping-taxable","15":"product-type-simple"},"acf":[],"_links":{"self":[{"href":"https:\/\/olemosaic.orbitalia.org\/pt-pt\/wp-json\/wp\/v2\/product\/26104","targetHints":{"allow":["GET"]}}],"collection":[{"href":"https:\/\/olemosaic.orbitalia.org\/pt-pt\/wp-json\/wp\/v2\/product"}],"about":[{"href":"https:\/\/olemosaic.orbitalia.org\/pt-pt\/wp-json\/wp\/v2\/types\/product"}],"wp:featuredmedia":[{"embeddable":true,"href":"https:\/\/olemosaic.orbitalia.org\/pt-pt\/wp-json\/wp\/v2\/media\/10121"}],"wp:attachment":[{"href":"https:\/\/olemosaic.orbitalia.org\/pt-pt\/wp-json\/wp\/v2\/media?parent=26104"}],"wp:term":[{"taxonomy":"product_brand","embeddable":true,"href":"https:\/\/olemosaic.orbitalia.org\/pt-pt\/wp-json\/wp\/v2\/product_brand?post=26104"},{"taxonomy":"product_cat","embeddable":true,"href":"https:\/\/olemosaic.orbitalia.org\/pt-pt\/wp-json\/wp\/v2\/product_cat?post=26104"},{"taxonomy":"product_tag","embeddable":true,"href":"https:\/\/olemosaic.orbitalia.org\/pt-pt\/wp-json\/wp\/v2\/product_tag?post=26104"}],"curies":[{"name":"wp","href":"https:\/\/api.w.org\/{rel}","templated":true}]}}