{"id":26102,"date":"2025-02-20T23:28:02","date_gmt":"2025-02-20T22:28:02","guid":{"rendered":"https:\/\/olemosaic.orbitalia.org\/producto\/bol-de-coco-naranja-mano\/"},"modified":"2025-07-25T19:19:34","modified_gmt":"2025-07-25T17:19:34","slug":"taca-de-coco-laranja-mao-de-fatima","status":"publish","type":"product","link":"https:\/\/olemosaic.orbitalia.org\/pt-pt\/produto\/taca-de-coco-laranja-mao-de-fatima\/","title":{"rendered":"Ta\u00e7a de coco laranja. M\u00e3o de F\u00e1tima."},"content":{"rendered":"<p>Ta\u00e7a de coco laranja com design da m\u00e3o de F\u00e1tima<\/p>\n<p>Esta exclusiva ta\u00e7a de coco laranja \u00e9 uma pe\u00e7a artesanal que se destaca tanto pela sua beleza como pelo seu profundo significado cultural, enraizado na tradi\u00e7\u00e3o mediterr\u00e2nica. De design artesanal, cada ta\u00e7a exibe uma textura brilhante e quente que joga com as tonalidades laranja e dourada, criando um efeito visual cativante que ilumina qualquer espa\u00e7o. No seu interior, uma elegante ilustra\u00e7\u00e3o da m\u00e3o de F\u00e1tima, com um acabamento delicado, simboliza a prote\u00e7\u00e3o e a boa sorte, um tra\u00e7o que ressoar\u00e1 naqueles que procuram um toque espiritual e est\u00e9tico nas suas casas.<\/p>\n<p>A singularidade desta ta\u00e7a reside no seu design \u00fanico, que combina o artesanato tradicional com um estilo moderno, tornando-a um elemento decorativo ideal como centro de mesa ou para exibir pequenos objetos. Esta pe\u00e7a reflete a rica heran\u00e7a cultural da regi\u00e3o, o que converte esta ta\u00e7a numa aut\u00eantica recorda\u00e7\u00e3o de grande valor para turistas que desejam levar um peda\u00e7o da cultura espanhola ou portuguesa.<\/p>\n<p>Na Ol\u00e9 Mosaic, distribu\u00edmos recorda\u00e7\u00f5es por grosso, oferecendo produtos aut\u00eanticos que celebram a heran\u00e7a cultural. Esta ta\u00e7a de coco \u00e9 uma excelente op\u00e7\u00e3o para lojas de presentes tur\u00edsticos que procuram artigos distintivos e significativos. Com a sua relev\u00e2ncia cultural e o seu apelo visual, esta ta\u00e7a \u00e9 um presente perfeito que deixar\u00e1 marca em cada casa.<\/p>\n","protected":false},"excerpt":{"rendered":"<p>Ta\u00e7a de coco laranja, feita \u00e0 m\u00e3o, com um design \u00fanico que se destaca pela sua textura brilhante e quente. Esta ta\u00e7a apresenta uma elegante ilustra\u00e7\u00e3o da m\u00e3o de F\u00e1tima, s\u00edmbolo de prote\u00e7\u00e3o e boa sorte. A superf\u00edcie exibe um acabamento artesanal que real\u00e7a as suas tonalidades laranjas e douradas, tornando-a uma pe\u00e7a decorativa ideal para adicionar um toque cultural e bo\u00e9mio a qualquer espa\u00e7o. Perfeita como centro de mesa ou para exibir pequenos objetos.<\/p>\n","protected":false},"featured_media":13431,"template":"","meta":{"_acf_changed":false},"product_brand":[],"product_cat":[513],"product_tag":[],"class_list":{"0":"post-26102","1":"product","2":"type-product","3":"status-publish","4":"has-post-thumbnail","6":"product_cat-bols","7":"pa_motivo-maos","9":"first","10":"instock","11":"shipping-taxable","12":"product-type-simple"},"acf":[],"_links":{"self":[{"href":"https:\/\/olemosaic.orbitalia.org\/pt-pt\/wp-json\/wp\/v2\/product\/26102","targetHints":{"allow":["GET"]}}],"collection":[{"href":"https:\/\/olemosaic.orbitalia.org\/pt-pt\/wp-json\/wp\/v2\/product"}],"about":[{"href":"https:\/\/olemosaic.orbitalia.org\/pt-pt\/wp-json\/wp\/v2\/types\/product"}],"wp:featuredmedia":[{"embeddable":true,"href":"https:\/\/olemosaic.orbitalia.org\/pt-pt\/wp-json\/wp\/v2\/media\/13431"}],"wp:attachment":[{"href":"https:\/\/olemosaic.orbitalia.org\/pt-pt\/wp-json\/wp\/v2\/media?parent=26102"}],"wp:term":[{"taxonomy":"product_brand","embeddable":true,"href":"https:\/\/olemosaic.orbitalia.org\/pt-pt\/wp-json\/wp\/v2\/product_brand?post=26102"},{"taxonomy":"product_cat","embeddable":true,"href":"https:\/\/olemosaic.orbitalia.org\/pt-pt\/wp-json\/wp\/v2\/product_cat?post=26102"},{"taxonomy":"product_tag","embeddable":true,"href":"https:\/\/olemosaic.orbitalia.org\/pt-pt\/wp-json\/wp\/v2\/product_tag?post=26102"}],"curies":[{"name":"wp","href":"https:\/\/api.w.org\/{rel}","templated":true}]}}