{"id":26089,"date":"2025-02-20T23:28:02","date_gmt":"2025-02-20T22:28:02","guid":{"rendered":"https:\/\/olemosaic.orbitalia.org\/producto\/bol-de-coco-fucsia-sardina-lisboa\/"},"modified":"2025-07-25T20:03:10","modified_gmt":"2025-07-25T18:03:10","slug":"taca-de-coco-fucsia-sardinha-lisboa","status":"publish","type":"product","link":"https:\/\/olemosaic.orbitalia.org\/pt-pt\/produto\/taca-de-coco-fucsia-sardinha-lisboa\/","title":{"rendered":"Ta\u00e7a de coco f\u00facsia. Sardinha. Letras Lisboa."},"content":{"rendered":"<p>Ta\u00e7a de coco f\u00facsia decorada com um design muito especial de sardinha, inspirado na cultura lisboeta. Esta atraente ta\u00e7a captura a ess\u00eancia vibrante de Lisboa, com um acabamento brilhante que combina um fundo branco luminoso salpicado de manchas f\u00facsia. O centro da ta\u00e7a \u00e9 adornado com um elegante gr\u00e1fico de uma sardinha, s\u00edmbolo da rica tradi\u00e7\u00e3o culin\u00e1ria da regi\u00e3o, acompanhado pelo nome &#8220;Lisboa&#8221; em letras douradas que acrescentam um toque de sofistica\u00e7\u00e3o e autenticidade.<\/p>\n<p>O design colorido e chamativo desta ta\u00e7a n\u00e3o s\u00f3 a torna um excelente objeto decorativo, como tamb\u00e9m \u00e9 ideal para o uso quotidiano, seja para servir aperitivos, frutas ou como elemento central na mesa. A combina\u00e7\u00e3o de artesanato tradicional e design contempor\u00e2neo torna-a perfeita para turistas que procuram souvenirs representativos de Lisboa, capturando o seu car\u00e1ter alegre e acolhedor.<\/p>\n<p>Na Ol\u00e9 Mosaic orgulhamo-nos de oferecer souvenirs aut\u00eanticos e de alta qualidade por grosso. Esta ta\u00e7a de coco f\u00facsia \u00e9 uma maravilhosa op\u00e7\u00e3o para lojas de presentes tur\u00edsticos que desejam oferecer aos seus clientes uma recorda\u00e7\u00e3o memor\u00e1vel da sua visita a Lisboa, unindo funcionalidade e um design atraente que celebra a cultura e a tradi\u00e7\u00e3o da cidade.<\/p>\n","protected":false},"excerpt":{"rendered":"<p>Ta\u00e7a de coco f\u00facsia decorada com um design muito especial de sardinha, inspirado na cultura lisboeta. Esta atraente ta\u00e7a apresenta um acabamento brilhante com manchas f\u00facsia sobre fundo branco, evocando o estilo vibrante da cidade. No centro, um elegante desenho de uma sardinha e o nome &#8220;Lisboa&#8221; em letras douradas acrescentam um toque aut\u00eantico. Ideal como pe\u00e7a decorativa ou para uso di\u00e1rio, combina funcionalidade com um design chamativo e colorido.<\/p>\n","protected":false},"featured_media":12035,"template":"","meta":{"_acf_changed":false},"product_brand":[],"product_cat":[513],"product_tag":[516],"class_list":{"0":"post-26089","1":"product","2":"type-product","3":"status-publish","4":"has-post-thumbnail","6":"product_cat-bols","7":"product_tag-animais","8":"pa_ciudad-lisboa","9":"pa_motivo-sardinhas","10":"pa_pais-portugal","12":"first","13":"instock","14":"shipping-taxable","15":"product-type-simple"},"acf":[],"_links":{"self":[{"href":"https:\/\/olemosaic.orbitalia.org\/pt-pt\/wp-json\/wp\/v2\/product\/26089","targetHints":{"allow":["GET"]}}],"collection":[{"href":"https:\/\/olemosaic.orbitalia.org\/pt-pt\/wp-json\/wp\/v2\/product"}],"about":[{"href":"https:\/\/olemosaic.orbitalia.org\/pt-pt\/wp-json\/wp\/v2\/types\/product"}],"wp:featuredmedia":[{"embeddable":true,"href":"https:\/\/olemosaic.orbitalia.org\/pt-pt\/wp-json\/wp\/v2\/media\/12035"}],"wp:attachment":[{"href":"https:\/\/olemosaic.orbitalia.org\/pt-pt\/wp-json\/wp\/v2\/media?parent=26089"}],"wp:term":[{"taxonomy":"product_brand","embeddable":true,"href":"https:\/\/olemosaic.orbitalia.org\/pt-pt\/wp-json\/wp\/v2\/product_brand?post=26089"},{"taxonomy":"product_cat","embeddable":true,"href":"https:\/\/olemosaic.orbitalia.org\/pt-pt\/wp-json\/wp\/v2\/product_cat?post=26089"},{"taxonomy":"product_tag","embeddable":true,"href":"https:\/\/olemosaic.orbitalia.org\/pt-pt\/wp-json\/wp\/v2\/product_tag?post=26089"}],"curies":[{"name":"wp","href":"https:\/\/api.w.org\/{rel}","templated":true}]}}