{"id":26088,"date":"2025-02-20T23:28:02","date_gmt":"2025-02-20T22:28:02","guid":{"rendered":"https:\/\/olemosaic.orbitalia.org\/producto\/bol-de-coco-fucsia-ibiscus\/"},"modified":"2025-07-25T20:37:45","modified_gmt":"2025-07-25T18:37:45","slug":"taca-de-coco-fucsia-hibisco","status":"publish","type":"product","link":"https:\/\/olemosaic.orbitalia.org\/pt-pt\/produto\/taca-de-coco-fucsia-hibisco\/","title":{"rendered":"Ta\u00e7a de coco f\u00facsia. Flor tropical Hibisco."},"content":{"rendered":"<p>Ta\u00e7a de coco f\u00facsia decorada com motivos de hibisco<\/p>\n<p>Descubra a nossa vibrante ta\u00e7a de coco f\u00facsia, uma pe\u00e7a artesanal que transforma qualquer espa\u00e7o com um toque caribenho e colorido. Esta bela ta\u00e7a, elaborada com esmero, apresenta um acabamento brilhante que real\u00e7a o seu intenso tom f\u00facsia. No centro, exibe uma delicada flor de hibisco, s\u00edmbolo da beleza tropical, rodeada de encantadores cora\u00e7\u00f5es em tons f\u00facsia que acrescentam um ar l\u00fadico e alegre.<\/p>\n<p>Ideal como acess\u00f3rio decorativo para a mesa ou como centro de aten\u00e7\u00e3o na decora\u00e7\u00e3o da casa, esta ta\u00e7a de coco n\u00e3o \u00e9 apenas funcional, mas tamb\u00e9m evoca o encanto das praias e paisagens paradis\u00edacas das Cara\u00edbas. O seu vibrante design, al\u00e9m de captar a aten\u00e7\u00e3o, conta uma hist\u00f3ria cultural, representando o calor e a hospitalidade das regi\u00f5es tropicais.<\/p>\n<p>Na Ol\u00e9 Mosaic, especializamo-nos na distribui\u00e7\u00e3o de souvenirs aut\u00eanticos e originais, e esta ta\u00e7a \u00e9 uma excelente op\u00e7\u00e3o para lojas de presentes tur\u00edsticos que procuram artigos \u00fanicos e representativos. Com o seu apelo visual e a sua liga\u00e7\u00e3o cultural, esta ta\u00e7a de coco f\u00facsia \u00e9 a recorda\u00e7\u00e3o perfeita das maravilhas das Cara\u00edbas, ideal para turistas que desejam levar um pedacinho deste mundo vibrante.<\/p>\n","protected":false},"excerpt":{"rendered":"<p>Ta\u00e7a de coco f\u00facsia decorada com motivos de hibisco, ideal para adicionar um toque de cor a qualquer ambiente. Esta atraente pe\u00e7a \u00e9 elaborada artesanalmente, com um acabamento brilhante e uma flor tropical no centro, rodeada de cora\u00e7\u00f5es f\u00facsia. O seu design vibrante e alegre evoca a cultura e o encanto das Cara\u00edbas, tornando-a um acess\u00f3rio perfeito para a mesa ou para a decora\u00e7\u00e3o da casa.<\/p>\n","protected":false},"featured_media":13453,"template":"","meta":{"_acf_changed":false},"product_brand":[],"product_cat":[513],"product_tag":[],"class_list":{"0":"post-26088","1":"product","2":"type-product","3":"status-publish","4":"has-post-thumbnail","6":"product_cat-bols","7":"pa_motivo-hibisco","9":"first","10":"instock","11":"shipping-taxable","12":"product-type-simple"},"acf":[],"_links":{"self":[{"href":"https:\/\/olemosaic.orbitalia.org\/pt-pt\/wp-json\/wp\/v2\/product\/26088","targetHints":{"allow":["GET"]}}],"collection":[{"href":"https:\/\/olemosaic.orbitalia.org\/pt-pt\/wp-json\/wp\/v2\/product"}],"about":[{"href":"https:\/\/olemosaic.orbitalia.org\/pt-pt\/wp-json\/wp\/v2\/types\/product"}],"wp:featuredmedia":[{"embeddable":true,"href":"https:\/\/olemosaic.orbitalia.org\/pt-pt\/wp-json\/wp\/v2\/media\/13453"}],"wp:attachment":[{"href":"https:\/\/olemosaic.orbitalia.org\/pt-pt\/wp-json\/wp\/v2\/media?parent=26088"}],"wp:term":[{"taxonomy":"product_brand","embeddable":true,"href":"https:\/\/olemosaic.orbitalia.org\/pt-pt\/wp-json\/wp\/v2\/product_brand?post=26088"},{"taxonomy":"product_cat","embeddable":true,"href":"https:\/\/olemosaic.orbitalia.org\/pt-pt\/wp-json\/wp\/v2\/product_cat?post=26088"},{"taxonomy":"product_tag","embeddable":true,"href":"https:\/\/olemosaic.orbitalia.org\/pt-pt\/wp-json\/wp\/v2\/product_tag?post=26088"}],"curies":[{"name":"wp","href":"https:\/\/api.w.org\/{rel}","templated":true}]}}