{"id":26087,"date":"2025-02-20T23:28:02","date_gmt":"2025-02-20T22:28:02","guid":{"rendered":"https:\/\/olemosaic.orbitalia.org\/producto\/bol-de-coco-fucsia-sardina\/"},"modified":"2025-07-25T19:35:03","modified_gmt":"2025-07-25T17:35:03","slug":"taca-de-coco-fucsia-sardinha","status":"publish","type":"product","link":"https:\/\/olemosaic.orbitalia.org\/pt-pt\/produto\/taca-de-coco-fucsia-sardinha\/","title":{"rendered":"Ta\u00e7a de coco f\u00facsia. Sardinha. Castanho."},"content":{"rendered":"<p>Ta\u00e7a de coco f\u00facsia decorada com motivo de sardinha. Esta atraente ta\u00e7a, feita de coco, apresenta um design exclusivo que combina a funcionalidade com a est\u00e9tica. No seu interior, suaves tonalidades f\u00facsia evocam a frescura e alegria do mar, criando um ambiente vibrante e acolhedor em qualquer espa\u00e7o. No centro do design, uma sardinha pintada num elegante tom castanho proporciona um contraste visual cativante, que simboliza a rica tradi\u00e7\u00e3o piscat\u00f3ria das costas mediterr\u00e2nicas.<\/p>\n<p>Cada ta\u00e7a \u00e9 uma pe\u00e7a \u00fanica, elaborada de forma artesanal, o que garante a sua autenticidade como recorda\u00e7\u00e3o t\u00edpica da cultura espanhola. A escolha do coco como material n\u00e3o s\u00f3 sublinha a sustentabilidade do produto, como tamb\u00e9m reflete a liga\u00e7\u00e3o das comunidades costeiras com a natureza e o mar. Esta ta\u00e7a de coco n\u00e3o \u00e9 apenas ideal para servir aperitivos, mas tamb\u00e9m serve como um elemento decorativo que real\u00e7a qualquer mesa ou prateleira.<\/p>\n<p>Na Ol\u00e9 Mosaic, especializamo-nos na distribui\u00e7\u00e3o de souvenirs por grosso, oferecendo produtos que capturam a ess\u00eancia da cultura e da tradi\u00e7\u00e3o locais. Esta ta\u00e7a f\u00facsia decorada com uma sardinha \u00e9 uma excelente op\u00e7\u00e3o para os turistas que procuram levar um pouco de autenticidade da sua visita a Espanha, tornando-se um imprescind\u00edvel em qualquer loja de presentes tur\u00edsticos.<\/p>\n","protected":false},"excerpt":{"rendered":"<p>Ta\u00e7a de coco f\u00facsia decorada com um delicado motivo de sardinha. Esta atraente ta\u00e7a, feita de coco, apresenta um design exclusivo com suaves e coloridas tonalidades f\u00facsia no seu interior, que evocam a frescura do mar. A sardinha, pintada num elegante tom castanho, situa-se no centro da ta\u00e7a, criando um contraste visual cativante. Ideal como pe\u00e7a decorativa ou para servir aperitivos, esta ta\u00e7a combina arte e funcionalidade.<\/p>\n","protected":false},"featured_media":11852,"template":"","meta":{"_acf_changed":false},"product_brand":[],"product_cat":[513],"product_tag":[516],"class_list":{"0":"post-26087","1":"product","2":"type-product","3":"status-publish","4":"has-post-thumbnail","6":"product_cat-bols","7":"product_tag-animais","8":"pa_motivo-sardinhas","10":"first","11":"instock","12":"shipping-taxable","13":"product-type-simple"},"acf":[],"_links":{"self":[{"href":"https:\/\/olemosaic.orbitalia.org\/pt-pt\/wp-json\/wp\/v2\/product\/26087","targetHints":{"allow":["GET"]}}],"collection":[{"href":"https:\/\/olemosaic.orbitalia.org\/pt-pt\/wp-json\/wp\/v2\/product"}],"about":[{"href":"https:\/\/olemosaic.orbitalia.org\/pt-pt\/wp-json\/wp\/v2\/types\/product"}],"wp:featuredmedia":[{"embeddable":true,"href":"https:\/\/olemosaic.orbitalia.org\/pt-pt\/wp-json\/wp\/v2\/media\/11852"}],"wp:attachment":[{"href":"https:\/\/olemosaic.orbitalia.org\/pt-pt\/wp-json\/wp\/v2\/media?parent=26087"}],"wp:term":[{"taxonomy":"product_brand","embeddable":true,"href":"https:\/\/olemosaic.orbitalia.org\/pt-pt\/wp-json\/wp\/v2\/product_brand?post=26087"},{"taxonomy":"product_cat","embeddable":true,"href":"https:\/\/olemosaic.orbitalia.org\/pt-pt\/wp-json\/wp\/v2\/product_cat?post=26087"},{"taxonomy":"product_tag","embeddable":true,"href":"https:\/\/olemosaic.orbitalia.org\/pt-pt\/wp-json\/wp\/v2\/product_tag?post=26087"}],"curies":[{"name":"wp","href":"https:\/\/api.w.org\/{rel}","templated":true}]}}