{"id":26033,"date":"2025-02-20T22:28:00","date_gmt":"2025-02-20T22:28:00","guid":{"rendered":"https:\/\/olemosaic.orbitalia.org\/producto\/bol-de-coco-con-flores-flamenco\/"},"modified":"2025-07-25T18:48:09","modified_gmt":"2025-07-25T16:48:09","slug":"taca-de-coco-com-flores-flamingo","status":"publish","type":"product","link":"https:\/\/olemosaic.orbitalia.org\/pt-pt\/produto\/taca-de-coco-com-flores-flamingo\/","title":{"rendered":"Ta\u00e7a de coco com flores. Flamingo."},"content":{"rendered":"<p>Ta\u00e7a de coco decorada com motivos florais e flamingos, inspirada na cultura andaluza. Esta elegante ta\u00e7a destaca-se pelo seu cativante design, que funde a beleza natural do coco com um intrincado mosaico de cores vibrantes. A superf\u00edcie apresenta tonalidades amarelas, vermelhas e azuis, com um acabamento brilhante que reflete a luz de forma deslumbrante. No centro, dois flamingos estilizados, entrela\u00e7ados num gesto de amor, acrescentam um toque de romantismo e frescura, capturando a ess\u00eancia das paisagens do sul de Espanha.<\/p>\n<p>Cada flor decorativa, pintada com meticulosidade, real\u00e7a a rica flora andaluza e a influ\u00eancia da cultura local na produ\u00e7\u00e3o artesanal. Esta ta\u00e7a n\u00e3o \u00e9 apenas uma pe\u00e7a decorativa de grande beleza, mas tamb\u00e9m um funcional centro de mesa, ideal para ocasi\u00f5es especiais ou simplesmente para adornar qualquer canto da casa com um ar genuinamente espanhol. Na Ol\u00e9 Mosaic, especializamo-nos na distribui\u00e7\u00e3o de souvenirs por grosso, e esta ta\u00e7a combina tradi\u00e7\u00e3o e design contempor\u00e2neo, tornando-se o presente perfeito para turistas que procuram recorda\u00e7\u00f5es de qualidade que reflitam a cultura andaluza. A sua autenticidade e beleza tornam-na uma op\u00e7\u00e3o ideal para lojas de recorda\u00e7\u00f5es e uma lembran\u00e7a inesquec\u00edvel do encanto da Andaluzia.<\/p>\n","protected":false},"excerpt":{"rendered":"<p>Ta\u00e7a de coco decorada com motivos florais e flamingos, inspirada na cultura andaluza. Esta elegante ta\u00e7a apresenta um design \u00fanico, com um mosaico de cores que inclui tonalidades amarelas, vermelhas e azuis, num acabamento brilhante. No centro, dois flamingos estilizados entrela\u00e7am-se num gesto de amor. Ideal para decorar ou utilizar como centro de mesa, esta ta\u00e7a combina arte e tradi\u00e7\u00e3o, conferindo um toque espanhol a qualquer lar.<\/p>\n","protected":false},"featured_media":13487,"template":"","meta":{"_acf_changed":false},"product_brand":[],"product_cat":[513],"product_tag":[516],"class_list":{"0":"post-26033","1":"product","2":"type-product","3":"status-publish","4":"has-post-thumbnail","6":"product_cat-bols","7":"product_tag-animais","8":"pa_motivo-flamingos","10":"first","11":"instock","12":"shipping-taxable","13":"product-type-simple"},"acf":[],"_links":{"self":[{"href":"https:\/\/olemosaic.orbitalia.org\/pt-pt\/wp-json\/wp\/v2\/product\/26033","targetHints":{"allow":["GET"]}}],"collection":[{"href":"https:\/\/olemosaic.orbitalia.org\/pt-pt\/wp-json\/wp\/v2\/product"}],"about":[{"href":"https:\/\/olemosaic.orbitalia.org\/pt-pt\/wp-json\/wp\/v2\/types\/product"}],"wp:featuredmedia":[{"embeddable":true,"href":"https:\/\/olemosaic.orbitalia.org\/pt-pt\/wp-json\/wp\/v2\/media\/13487"}],"wp:attachment":[{"href":"https:\/\/olemosaic.orbitalia.org\/pt-pt\/wp-json\/wp\/v2\/media?parent=26033"}],"wp:term":[{"taxonomy":"product_brand","embeddable":true,"href":"https:\/\/olemosaic.orbitalia.org\/pt-pt\/wp-json\/wp\/v2\/product_brand?post=26033"},{"taxonomy":"product_cat","embeddable":true,"href":"https:\/\/olemosaic.orbitalia.org\/pt-pt\/wp-json\/wp\/v2\/product_cat?post=26033"},{"taxonomy":"product_tag","embeddable":true,"href":"https:\/\/olemosaic.orbitalia.org\/pt-pt\/wp-json\/wp\/v2\/product_tag?post=26033"}],"curies":[{"name":"wp","href":"https:\/\/api.w.org\/{rel}","templated":true}]}}