{"id":26032,"date":"2025-02-20T22:28:00","date_gmt":"2025-02-20T22:28:00","guid":{"rendered":"https:\/\/olemosaic.orbitalia.org\/producto\/bol-de-coco-de-corazones-caballito-de-mar-gran-canaria\/"},"modified":"2025-07-25T20:30:56","modified_gmt":"2025-07-25T18:30:56","slug":"taca-de-coco-de-coracoes-cavalo-marinho-gran-canaria","status":"publish","type":"product","link":"https:\/\/olemosaic.orbitalia.org\/pt-pt\/produto\/taca-de-coco-de-coracoes-cavalo-marinho-gran-canaria\/","title":{"rendered":"Ta\u00e7a de coco de cora\u00e7\u00f5es. Cavalo-marinho. Gran Canaria."},"content":{"rendered":"<p>Ta\u00e7a de coco decorada com motivos de cora\u00e7\u00f5es e cavalos-marinhos, origin\u00e1ria de Gran Canaria. Esta requintada ta\u00e7a de coco artesanal destaca-se pela sua delicada t\u00e9cnica de mosaico, onde s\u00e3o utilizadas brilhantes pe\u00e7as de concha que formam um belo padr\u00e3o colorido. No centro, os dois cavalos-marinhos, representados em tons quentes, est\u00e3o elegantemente desenhados em torno da inscri\u00e7\u00e3o &#8220;Gran Canaria&#8221;, capturando na perfei\u00e7\u00e3o a ess\u00eancia do folclore local e o distinto ambiente marinho que caracteriza as Ilhas Can\u00e1rias. O rebordo da ta\u00e7a apresenta matizes de cora\u00e7\u00f5es em cores vibrantes, evocando a alegria e o calor desta regi\u00e3o tropical. Esta ta\u00e7a n\u00e3o \u00e9 apenas um elemento decorativo, mas tamb\u00e9m um atraente souvenir que reflete a rica cultura can\u00e1ria, tornando-a um objeto ideal para quem procura levar uma recorda\u00e7\u00e3o deste belo arquip\u00e9lago. Na Ol\u00e9 Mosaic, especializamo-nos na distribui\u00e7\u00e3o de souvenirs por grosso, e esta ta\u00e7a de coco decorada \u00e9 uma excelente op\u00e7\u00e3o para lojas de presentes tur\u00edsticos que desejem oferecer produtos aut\u00eanticos e \u00fanicos que realcem a beleza do patrim\u00f3nio can\u00e1rio.<\/p>\n","protected":false},"excerpt":{"rendered":"<p>Ta\u00e7a de coco decorada com motivos de cora\u00e7\u00f5es e cavalos-marinhos, origin\u00e1ria de Gran Canaria. Este produto artesanal destaca-se pela sua delicada t\u00e9cnica de mosaico, que utiliza pe\u00e7as de concha para criar um belo e colorido padr\u00e3o. No centro, dois cavalos-marinhos encontram-se acompanhados pela inscri\u00e7\u00e3o &#8220;Gran Canaria&#8221;, capturando a ess\u00eancia do folclore local. O seu design vibrante em tons variados torna-a uma atraente recorda\u00e7\u00e3o ou elemento decorativo.<\/p>\n","protected":false},"featured_media":10349,"template":"","meta":{"_acf_changed":false},"product_brand":[],"product_cat":[513],"product_tag":[516],"class_list":{"0":"post-26032","1":"product","2":"type-product","3":"status-publish","4":"has-post-thumbnail","6":"product_cat-bols","7":"product_tag-animais","8":"pa_ciudad-gran-canaria","9":"pa_motivo-cavalos-marinhos","10":"pa_pais-espana","12":"first","13":"instock","14":"shipping-taxable","15":"product-type-simple"},"acf":[],"_links":{"self":[{"href":"https:\/\/olemosaic.orbitalia.org\/pt-pt\/wp-json\/wp\/v2\/product\/26032","targetHints":{"allow":["GET"]}}],"collection":[{"href":"https:\/\/olemosaic.orbitalia.org\/pt-pt\/wp-json\/wp\/v2\/product"}],"about":[{"href":"https:\/\/olemosaic.orbitalia.org\/pt-pt\/wp-json\/wp\/v2\/types\/product"}],"wp:featuredmedia":[{"embeddable":true,"href":"https:\/\/olemosaic.orbitalia.org\/pt-pt\/wp-json\/wp\/v2\/media\/10349"}],"wp:attachment":[{"href":"https:\/\/olemosaic.orbitalia.org\/pt-pt\/wp-json\/wp\/v2\/media?parent=26032"}],"wp:term":[{"taxonomy":"product_brand","embeddable":true,"href":"https:\/\/olemosaic.orbitalia.org\/pt-pt\/wp-json\/wp\/v2\/product_brand?post=26032"},{"taxonomy":"product_cat","embeddable":true,"href":"https:\/\/olemosaic.orbitalia.org\/pt-pt\/wp-json\/wp\/v2\/product_cat?post=26032"},{"taxonomy":"product_tag","embeddable":true,"href":"https:\/\/olemosaic.orbitalia.org\/pt-pt\/wp-json\/wp\/v2\/product_tag?post=26032"}],"curies":[{"name":"wp","href":"https:\/\/api.w.org\/{rel}","templated":true}]}}