{"id":26031,"date":"2025-02-20T23:28:00","date_gmt":"2025-02-20T22:28:00","guid":{"rendered":"https:\/\/olemosaic.orbitalia.org\/producto\/bol-de-coco-con-flores-mariposa\/"},"modified":"2025-07-25T18:48:08","modified_gmt":"2025-07-25T16:48:08","slug":"taca-de-coco-com-flores-borboleta","status":"publish","type":"product","link":"https:\/\/olemosaic.orbitalia.org\/pt-pt\/produto\/taca-de-coco-com-flores-borboleta\/","title":{"rendered":"Ta\u00e7a de coco com flores. Borboleta."},"content":{"rendered":"<p>Ta\u00e7a de coco decorada com mosaicos de flores e borboleta<\/p>\n<p>Esta ta\u00e7a de coco \u00e9 uma bela representa\u00e7\u00e3o da arte popular portuguesa, desenhada para conferir um toque vibrante a qualquer lar. Fabricada com fibra de coco, esta pe\u00e7a artesanal destaca-se pela sua t\u00e9cnica de pintura \u00e0 m\u00e3o, que real\u00e7a cores quentes como o laranja e o vermelho, al\u00e9m de detalhes em azul que evocam a frescura do ambiente tropical. No centro, uma delicada borboleta desdobra-se sobre um fundo de mosaicos florais, simbolizando a diversidade e a beleza da natureza que caracteriza Portugal.<\/p>\n<p>As flores, pintadas em tons vibrantes, rodeiam a borboleta, criando um efeito visual cativante que abra\u00e7a a ess\u00eancia do folclore local. Esta ta\u00e7a n\u00e3o \u00e9 apenas ideal como elemento decorativo, mas tamb\u00e9m como uma pe\u00e7a funcional para servir aperitivos ou saladas, fazendo com que cada refei\u00e7\u00e3o se transforme numa celebra\u00e7\u00e3o da arte e da cultura.<\/p>\n<p>A ta\u00e7a de coco \u00e9, sem d\u00favida, um excelente souvenir que encapsula a autenticidade da tradi\u00e7\u00e3o portuguesa. Na Ol\u00e9 Mosaic, oferecemos souvenirs aut\u00eanticos que capturam o esp\u00edrito de regi\u00f5es como Portugal, ideais para lojas de presentes tur\u00edsticos em busca de produtos \u00fanicos e de qualidade. Como grossistas de artigos decorativos, garantimos a exclusividade e a mestria artesanal em cada um dos nossos produtos, oferecendo aos turistas recorda\u00e7\u00f5es memor\u00e1veis que celebram a riqueza cultural da sua viagem.<\/p>\n","protected":false},"excerpt":{"rendered":"<p>Ta\u00e7a de coco decorada com um vibrante mosaico floral e uma borboleta no centro, que representa a riqueza da arte popular. Fabricada com fibra de coco, esta ta\u00e7a artesanal apresenta uma t\u00e9cnica de design artesanal, pintada \u00e0 m\u00e3o, que real\u00e7a as cores quentes, como o laranja e o vermelho, juntamente com detalhes em azul. Ideal como pe\u00e7a decorativa ou para servir aperitivos, evoca a ess\u00eancia tropical de Portugal.<\/p>\n","protected":false},"featured_media":13475,"template":"","meta":{"_acf_changed":false},"product_brand":[],"product_cat":[513],"product_tag":[516],"class_list":{"0":"post-26031","1":"product","2":"type-product","3":"status-publish","4":"has-post-thumbnail","6":"product_cat-bols","7":"product_tag-animais","8":"pa_motivo-borboletas","10":"first","11":"instock","12":"shipping-taxable","13":"product-type-simple"},"acf":[],"_links":{"self":[{"href":"https:\/\/olemosaic.orbitalia.org\/pt-pt\/wp-json\/wp\/v2\/product\/26031","targetHints":{"allow":["GET"]}}],"collection":[{"href":"https:\/\/olemosaic.orbitalia.org\/pt-pt\/wp-json\/wp\/v2\/product"}],"about":[{"href":"https:\/\/olemosaic.orbitalia.org\/pt-pt\/wp-json\/wp\/v2\/types\/product"}],"wp:featuredmedia":[{"embeddable":true,"href":"https:\/\/olemosaic.orbitalia.org\/pt-pt\/wp-json\/wp\/v2\/media\/13475"}],"wp:attachment":[{"href":"https:\/\/olemosaic.orbitalia.org\/pt-pt\/wp-json\/wp\/v2\/media?parent=26031"}],"wp:term":[{"taxonomy":"product_brand","embeddable":true,"href":"https:\/\/olemosaic.orbitalia.org\/pt-pt\/wp-json\/wp\/v2\/product_brand?post=26031"},{"taxonomy":"product_cat","embeddable":true,"href":"https:\/\/olemosaic.orbitalia.org\/pt-pt\/wp-json\/wp\/v2\/product_cat?post=26031"},{"taxonomy":"product_tag","embeddable":true,"href":"https:\/\/olemosaic.orbitalia.org\/pt-pt\/wp-json\/wp\/v2\/product_tag?post=26031"}],"curies":[{"name":"wp","href":"https:\/\/api.w.org\/{rel}","templated":true}]}}