{"id":26029,"date":"2025-02-20T22:28:00","date_gmt":"2025-02-20T22:28:00","guid":{"rendered":"https:\/\/olemosaic.orbitalia.org\/producto\/bol-de-coco-isla-fuerteventura\/"},"modified":"2025-07-25T19:56:07","modified_gmt":"2025-07-25T17:56:07","slug":"taca-de-coco-ilha-fuerteventura","status":"publish","type":"product","link":"https:\/\/olemosaic.orbitalia.org\/pt-pt\/produto\/taca-de-coco-ilha-fuerteventura\/","title":{"rendered":"Ta\u00e7a de coco. Ilha. Fuerteventura."},"content":{"rendered":"<p>Ta\u00e7a de coco decorada com mosaicos coloridos, inspirada na beleza de Fuerteventura. Esta atraente ta\u00e7a apresenta um design \u00fanico com formas irregulares em tons de rosa, azul e roxo, complementados com detalhes nacarados que real\u00e7am a sua luminosidade. Com um contorno em cor natural, tem gravada a silhueta da ilha e o texto &#8220;FUERTEVENTURA&#8221;, o que a torna um souvenir ideal que captura a ess\u00eancia da ilha can\u00e1ria. Esta pe\u00e7a n\u00e3o serve apenas como um elemento decorativo vibrante, mas tamb\u00e9m como um pr\u00e1tico complemento para servir aperitivos em qualquer mesa. A combina\u00e7\u00e3o de cores alegres evoca as paisagens de Fuerteventura, com as suas \u00e1guas cristalinas e os seus paragens naturais. Esta ta\u00e7a representa a rica tradi\u00e7\u00e3o artesanal das Ilhas Can\u00e1rias, sendo um presente perfeito para quem deseja levar um peda\u00e7o da sua beleza. Na Ol\u00e9 Mosaic, como grossistas de souvenirs \u00fanicos, oferecemos esta ta\u00e7a de coco como uma excelente op\u00e7\u00e3o para lojas de presentes tur\u00edsticos que procuram produtos aut\u00eanticos e culturalmente significativos. Al\u00e9m disso, a ta\u00e7a destaca-se pela sua autenticidade e liga\u00e7\u00e3o cultural, tornando-se uma recorda\u00e7\u00e3o representativa de Fuerteventura que n\u00e3o pode faltar na cole\u00e7\u00e3o de qualquer turista.<\/p>\n","protected":false},"excerpt":{"rendered":"<p>Ta\u00e7a de coco decorada com coloridos mosaicos, inspirada na beleza de Fuerteventura. Esta atraente ta\u00e7a apresenta um design \u00fanico com formas irregulares em tons de rosa, azul e roxo, complementados com detalhes em n\u00e1car que real\u00e7am a sua luminosidade. O contorno, em cor natural, mostra a silhueta da ilha e o texto &#8220;FUERTEVENTURA&#8221;, tornando-a um souvenir ideal que captura a ess\u00eancia can\u00e1ria. Perfeita para uso decorativo ou como um pr\u00e1tico complemento na mesa.<\/p>\n","protected":false},"featured_media":11967,"template":"","meta":{"_acf_changed":false},"product_brand":[],"product_cat":[513],"product_tag":[],"class_list":{"0":"post-26029","1":"product","2":"type-product","3":"status-publish","4":"has-post-thumbnail","6":"product_cat-bols","7":"pa_ciudad-fuerteventura","8":"pa_motivo-ilhas","9":"pa_pais-espana","11":"first","12":"instock","13":"shipping-taxable","14":"product-type-simple"},"acf":[],"_links":{"self":[{"href":"https:\/\/olemosaic.orbitalia.org\/pt-pt\/wp-json\/wp\/v2\/product\/26029","targetHints":{"allow":["GET"]}}],"collection":[{"href":"https:\/\/olemosaic.orbitalia.org\/pt-pt\/wp-json\/wp\/v2\/product"}],"about":[{"href":"https:\/\/olemosaic.orbitalia.org\/pt-pt\/wp-json\/wp\/v2\/types\/product"}],"wp:featuredmedia":[{"embeddable":true,"href":"https:\/\/olemosaic.orbitalia.org\/pt-pt\/wp-json\/wp\/v2\/media\/11967"}],"wp:attachment":[{"href":"https:\/\/olemosaic.orbitalia.org\/pt-pt\/wp-json\/wp\/v2\/media?parent=26029"}],"wp:term":[{"taxonomy":"product_brand","embeddable":true,"href":"https:\/\/olemosaic.orbitalia.org\/pt-pt\/wp-json\/wp\/v2\/product_brand?post=26029"},{"taxonomy":"product_cat","embeddable":true,"href":"https:\/\/olemosaic.orbitalia.org\/pt-pt\/wp-json\/wp\/v2\/product_cat?post=26029"},{"taxonomy":"product_tag","embeddable":true,"href":"https:\/\/olemosaic.orbitalia.org\/pt-pt\/wp-json\/wp\/v2\/product_tag?post=26029"}],"curies":[{"name":"wp","href":"https:\/\/api.w.org\/{rel}","templated":true}]}}