{"id":26018,"date":"2025-02-20T23:28:00","date_gmt":"2025-02-20T22:28:00","guid":{"rendered":"https:\/\/olemosaic.orbitalia.org\/producto\/bol-de-coco-con-flores-salamandra-tenerife\/"},"modified":"2025-07-25T18:34:58","modified_gmt":"2025-07-25T16:34:58","slug":"taca-de-coco-com-flores-salamandra-tenerife","status":"publish","type":"product","link":"https:\/\/olemosaic.orbitalia.org\/pt-pt\/produto\/taca-de-coco-com-flores-salamandra-tenerife\/","title":{"rendered":"Ta\u00e7a de coco com flores. Salamandra. Tenerife."},"content":{"rendered":"<p>Ta\u00e7a de coco decorada com flores coloridas e ilustra\u00e7\u00f5es de salamandras, que representam a ess\u00eancia de Tenerife. Esta joia da artesania can\u00e1ria, elaborada artesanalmente e com efeito pintado \u00e0 m\u00e3o, \u00e9 \u00fanica em cada pe\u00e7a. O seu vibrante design, sobre uma base de tons amarelos, complementa-se com motivos florais em azul, vermelho e dourado, criando uma decora\u00e7\u00e3o alegre e vibrante que evoca o ambiente tropical das Ilhas Can\u00e1rias. No centro, destaca-se a ilustra\u00e7\u00e3o de duas salamandras, s\u00edmbolos da riqueza natural e cultural de Tenerife, rodeadas de um mosaico que acrescenta um toque de eleg\u00e2ncia e tradi\u00e7\u00e3o.<\/p>\n<p>Esta ta\u00e7a n\u00e3o s\u00f3 \u00e9 ideal para servir alimentos, como tamb\u00e9m pode ser um impressionante objeto decorativo em qualquer lar. A sua autenticidade como recorda\u00e7\u00e3o reflete a cultura e as tradi\u00e7\u00f5es de Tenerife, tornando-se uma lembran\u00e7a inigual\u00e1vel para os turistas que desejem levar um peda\u00e7o da ilha. Na Ol\u00e9 Mosaic, oferecemos recorda\u00e7\u00f5es representativas de grande qualidade e apelo, e esta ta\u00e7a de coco \u00e9 uma op\u00e7\u00e3o excecional para lojas de recorda\u00e7\u00f5es tur\u00edsticas que procuram produtos artesanais e com valor cultural. Como grossistas de recorda\u00e7\u00f5es, garantimos que cada pe\u00e7a se destaca pelo seu design criativo e pela sua liga\u00e7\u00e3o com a identidade tinerfe\u00f1a.<\/p>\n","protected":false},"excerpt":{"rendered":"<p>Ta\u00e7a de coco decorada com flores coloridas e uma ilustra\u00e7\u00e3o de salamandras, que evoca a ess\u00eancia de Tenerife. Este produto artesanal apresenta um design vibrante com uma base em tons amarelos e motivos florais em azul, vermelho e dourado, criando um apelo visual \u00fanico. Pintada com estilo artesanal, esta ta\u00e7a combina tradi\u00e7\u00e3o e criatividade, sendo ideal para servir ou para exibir como elemento decorativo no lar. Uma recorda\u00e7\u00e3o distintiva das Ilhas Can\u00e1rias.<\/p>\n","protected":false},"featured_media":10336,"template":"","meta":{"_acf_changed":false},"product_brand":[],"product_cat":[513],"product_tag":[516],"class_list":{"0":"post-26018","1":"product","2":"type-product","3":"status-publish","4":"has-post-thumbnail","6":"product_cat-bols","7":"product_tag-animais","8":"pa_ciudad-tenerife","9":"pa_motivo-salamandras","10":"pa_pais-espana","12":"first","13":"instock","14":"shipping-taxable","15":"product-type-simple"},"acf":[],"_links":{"self":[{"href":"https:\/\/olemosaic.orbitalia.org\/pt-pt\/wp-json\/wp\/v2\/product\/26018","targetHints":{"allow":["GET"]}}],"collection":[{"href":"https:\/\/olemosaic.orbitalia.org\/pt-pt\/wp-json\/wp\/v2\/product"}],"about":[{"href":"https:\/\/olemosaic.orbitalia.org\/pt-pt\/wp-json\/wp\/v2\/types\/product"}],"wp:featuredmedia":[{"embeddable":true,"href":"https:\/\/olemosaic.orbitalia.org\/pt-pt\/wp-json\/wp\/v2\/media\/10336"}],"wp:attachment":[{"href":"https:\/\/olemosaic.orbitalia.org\/pt-pt\/wp-json\/wp\/v2\/media?parent=26018"}],"wp:term":[{"taxonomy":"product_brand","embeddable":true,"href":"https:\/\/olemosaic.orbitalia.org\/pt-pt\/wp-json\/wp\/v2\/product_brand?post=26018"},{"taxonomy":"product_cat","embeddable":true,"href":"https:\/\/olemosaic.orbitalia.org\/pt-pt\/wp-json\/wp\/v2\/product_cat?post=26018"},{"taxonomy":"product_tag","embeddable":true,"href":"https:\/\/olemosaic.orbitalia.org\/pt-pt\/wp-json\/wp\/v2\/product_tag?post=26018"}],"curies":[{"name":"wp","href":"https:\/\/api.w.org\/{rel}","templated":true}]}}