{"id":26017,"date":"2025-02-20T23:28:00","date_gmt":"2025-02-20T22:28:00","guid":{"rendered":"https:\/\/olemosaic.orbitalia.org\/producto\/bol-de-coco-con-flores-delfin-gran-canaria\/"},"modified":"2025-07-25T19:02:52","modified_gmt":"2025-07-25T17:02:52","slug":"taca-de-coco-com-flores-golfinho-gran-canaria","status":"publish","type":"product","link":"https:\/\/olemosaic.orbitalia.org\/pt-pt\/produto\/taca-de-coco-com-flores-golfinho-gran-canaria\/","title":{"rendered":"Ta\u00e7a de coco com flores. Golfinho. Gran Canaria."},"content":{"rendered":"<p>Ta\u00e7a de coco decorada \u00e0 m\u00e3o, inspirada na beleza de Gran Canaria. Esta original ta\u00e7a apresenta um design vibrante e alegre, adornado com intrincados motivos de golfinhos e flores. No seu interior, a combina\u00e7\u00e3o de cores multicoloridas resplandece em tons amarelos, azuis e vermelhos, criando um efeito visual cativante que evoca as \u00e1guas cristalinas e a flora tropical da ilha. A t\u00e9cnica de pintura \u00e0 m\u00e3o garante que cada pe\u00e7a seja \u00fanica, destacando a dedica\u00e7\u00e3o e habilidade dos artes\u00e3os locais. O texto &#8220;Gran Canaria&#8221; apresenta-se elegantemente, acrescentando um toque distintivo e pessoal \u00e0 ta\u00e7a.<\/p>\n<p>Esta ta\u00e7a de coco n\u00e3o \u00e9 apenas uma pe\u00e7a decorativa requintada, mas tamb\u00e9m serve como um funcional acess\u00f3rio para o lar, ideal para servir aperitivos ou como elemento decorativo em qualquer divis\u00e3o. A sua liga\u00e7\u00e3o cultural \u00e9 ineg\u00e1vel, refletindo a ess\u00eancia de Gran Canaria e tornando-se uma recorda\u00e7\u00e3o significativa para quem a visita. Al\u00e9m disso, \u00e9 uma excelente op\u00e7\u00e3o para turistas que procuram recorda\u00e7\u00f5es aut\u00eanticas e cheias de cor, perfeitas para recordar a sua experi\u00eancia na ilha. Na Ol\u00e9 Mosaic, orgulhamo-nos de oferecer recorda\u00e7\u00f5es de Gran Canaria que celebram a rica cultura e tradi\u00e7\u00f5es da regi\u00e3o, fazendo desta ta\u00e7a uma pe\u00e7a de destaque em qualquer cole\u00e7\u00e3o.<\/p>\n","protected":false},"excerpt":{"rendered":"<p>Ta\u00e7a de coco decorada com estilo artesanal, inspirada na beleza de Gran Canaria. Esta original ta\u00e7a apresenta um design alegre com motivos de golfinhos e flores, destacando a sua intrincada decora\u00e7\u00e3o multicolor em tons amarelos, azuis e vermelhos. A t\u00e9cnica de design artesanal, pintada \u00e0 m\u00e3o, real\u00e7a a singularidade de cada pe\u00e7a, e a inscri\u00e7\u00e3o &#8220;Gran Canaria&#8221; acrescenta um toque distintivo. Perfeita como recorda\u00e7\u00e3o ou para dar um toque ex\u00f3tico a qualquer lar.<\/p>\n","protected":false},"featured_media":10360,"template":"","meta":{"_acf_changed":false},"product_brand":[],"product_cat":[513],"product_tag":[516],"class_list":{"0":"post-26017","1":"product","2":"type-product","3":"status-publish","4":"has-post-thumbnail","6":"product_cat-bols","7":"product_tag-animais","8":"pa_ciudad-gran-canaria","9":"pa_motivo-golfinhos","10":"pa_pais-espana","12":"first","13":"instock","14":"shipping-taxable","15":"product-type-simple"},"acf":[],"_links":{"self":[{"href":"https:\/\/olemosaic.orbitalia.org\/pt-pt\/wp-json\/wp\/v2\/product\/26017","targetHints":{"allow":["GET"]}}],"collection":[{"href":"https:\/\/olemosaic.orbitalia.org\/pt-pt\/wp-json\/wp\/v2\/product"}],"about":[{"href":"https:\/\/olemosaic.orbitalia.org\/pt-pt\/wp-json\/wp\/v2\/types\/product"}],"wp:featuredmedia":[{"embeddable":true,"href":"https:\/\/olemosaic.orbitalia.org\/pt-pt\/wp-json\/wp\/v2\/media\/10360"}],"wp:attachment":[{"href":"https:\/\/olemosaic.orbitalia.org\/pt-pt\/wp-json\/wp\/v2\/media?parent=26017"}],"wp:term":[{"taxonomy":"product_brand","embeddable":true,"href":"https:\/\/olemosaic.orbitalia.org\/pt-pt\/wp-json\/wp\/v2\/product_brand?post=26017"},{"taxonomy":"product_cat","embeddable":true,"href":"https:\/\/olemosaic.orbitalia.org\/pt-pt\/wp-json\/wp\/v2\/product_cat?post=26017"},{"taxonomy":"product_tag","embeddable":true,"href":"https:\/\/olemosaic.orbitalia.org\/pt-pt\/wp-json\/wp\/v2\/product_tag?post=26017"}],"curies":[{"name":"wp","href":"https:\/\/api.w.org\/{rel}","templated":true}]}}