{"id":25988,"date":"2025-02-20T23:27:59","date_gmt":"2025-02-20T22:27:59","guid":{"rendered":"https:\/\/olemosaic.orbitalia.org\/producto\/bol-de-coco-azul-salamandra\/"},"modified":"2025-07-25T18:48:05","modified_gmt":"2025-07-25T16:48:05","slug":"taca-de-coco-azul-salamandra","status":"publish","type":"product","link":"https:\/\/olemosaic.orbitalia.org\/pt-pt\/produto\/taca-de-coco-azul-salamandra\/","title":{"rendered":"Ta\u00e7a de coco azul. Salamandra. Azul e dourado."},"content":{"rendered":"<p>Ta\u00e7a de coco azul decorada com uma elegante salamandra, ideal como pe\u00e7a decorativa ou para uso di\u00e1rio. Esta ta\u00e7a, elaborada em cer\u00e2mica, resplandece com vibrantes tons azuis que evocam os c\u00e9us limpos e as \u00e1guas cristalinas das costas mediterr\u00e2nicas. A superf\u00edcie da ta\u00e7a \u00e9 adornada com um intrincado padr\u00e3o que reflete a beleza da natureza e da fauna local, destacando uma delicada salamandra com um acabamento dourado que confere um toque de sofistica\u00e7\u00e3o e brilho.<\/p>\n<p>O design apresenta uma combina\u00e7\u00e3o harmoniosa de texturas e cores que convidam ao toque e \u00e0 admira\u00e7\u00e3o, tornando-a um atrativo para os visitantes da regi\u00e3o. Esta ta\u00e7a \u00e9 mais do que um simples objeto; \u00e9 uma homenagem \u00e0 rica tradi\u00e7\u00e3o artesanal, simbolizando a liga\u00e7\u00e3o das comunidades locais com o seu ambiente natural.<\/p>\n<p>As lembran\u00e7as de cer\u00e2mica, como esta ta\u00e7a de coco azul, s\u00e3o t\u00edpicas em muitas regi\u00f5es de Espanha e Portugal, e representam o compromisso dos artes\u00e3os em preservar as suas t\u00e9cnicas herdadas. Na Ol\u00e9 Mosaic, especializamo-nos na distribui\u00e7\u00e3o de produtos aut\u00eanticos e culturais. Esta ta\u00e7a n\u00e3o s\u00f3 \u00e9 uma recorda\u00e7\u00e3o perfeita da sua visita, como tamb\u00e9m uma excelente op\u00e7\u00e3o para lojas de presentes tur\u00edsticos que procuram oferecer artigos \u00fanicos e representativos da cultura ib\u00e9rica. Ao optar por estas lembran\u00e7as de cer\u00e2mica, os turistas t\u00eam a oportunidade de levar para casa uma pe\u00e7a de arte que narra a hist\u00f3ria e a beleza da regi\u00e3o.<\/p>\n","protected":false},"excerpt":{"rendered":"<p>Ta\u00e7a de coco azul decorada com uma elegante salamandra, que representa o artesanato da regi\u00e3o. Esta ta\u00e7a, elaborada em cer\u00e2mica, apresenta um design atraente com tons brilhantes de azul e detalhes dourados que real\u00e7am a sua beleza. A superf\u00edcie mostra um intrincado padr\u00e3o, evocando a natureza e a fauna locais. Ideal como pe\u00e7a decorativa ou para o uso di\u00e1rio, esta ta\u00e7a \u00e9 uma homenagem \u00e0 rica cultura e tradi\u00e7\u00e3o artesanal.<\/p>\n","protected":false},"featured_media":10068,"template":"","meta":{"_acf_changed":false},"product_brand":[],"product_cat":[513],"product_tag":[516],"class_list":{"0":"post-25988","1":"product","2":"type-product","3":"status-publish","4":"has-post-thumbnail","6":"product_cat-bols","7":"product_tag-animais","8":"pa_motivo-salamandras","10":"first","11":"instock","12":"shipping-taxable","13":"product-type-simple"},"acf":[],"_links":{"self":[{"href":"https:\/\/olemosaic.orbitalia.org\/pt-pt\/wp-json\/wp\/v2\/product\/25988","targetHints":{"allow":["GET"]}}],"collection":[{"href":"https:\/\/olemosaic.orbitalia.org\/pt-pt\/wp-json\/wp\/v2\/product"}],"about":[{"href":"https:\/\/olemosaic.orbitalia.org\/pt-pt\/wp-json\/wp\/v2\/types\/product"}],"wp:featuredmedia":[{"embeddable":true,"href":"https:\/\/olemosaic.orbitalia.org\/pt-pt\/wp-json\/wp\/v2\/media\/10068"}],"wp:attachment":[{"href":"https:\/\/olemosaic.orbitalia.org\/pt-pt\/wp-json\/wp\/v2\/media?parent=25988"}],"wp:term":[{"taxonomy":"product_brand","embeddable":true,"href":"https:\/\/olemosaic.orbitalia.org\/pt-pt\/wp-json\/wp\/v2\/product_brand?post=25988"},{"taxonomy":"product_cat","embeddable":true,"href":"https:\/\/olemosaic.orbitalia.org\/pt-pt\/wp-json\/wp\/v2\/product_cat?post=25988"},{"taxonomy":"product_tag","embeddable":true,"href":"https:\/\/olemosaic.orbitalia.org\/pt-pt\/wp-json\/wp\/v2\/product_tag?post=25988"}],"curies":[{"name":"wp","href":"https:\/\/api.w.org\/{rel}","templated":true}]}}