{"id":25987,"date":"2025-02-20T23:27:59","date_gmt":"2025-02-20T22:27:59","guid":{"rendered":"https:\/\/olemosaic.orbitalia.org\/producto\/bol-de-coco-azul-tortuga-2\/"},"modified":"2025-07-25T18:48:07","modified_gmt":"2025-07-25T16:48:07","slug":"taca-de-coco-azul-tartaruga-2","status":"publish","type":"product","link":"https:\/\/olemosaic.orbitalia.org\/pt-pt\/produto\/taca-de-coco-azul-tartaruga-2\/","title":{"rendered":"Ta\u00e7a de coco azul. Tartaruga e cora\u00e7\u00f5es."},"content":{"rendered":"<p>Ta\u00e7a de coco azul decorada com tartaruga<\/p>\n<p>Esta encantadora ta\u00e7a de coco azul \u00e9 uma aut\u00eantica obra de arte que evoca a ess\u00eancia marinha e a beleza do folclore costeiro. A pe\u00e7a apresenta um fundo preto salpicado com um azul vibrante que real\u00e7a a ilustra\u00e7\u00e3o central de uma tartaruga, s\u00edmbolo da vida submarina e da harmonia com a natureza. A tartaruga, com efeito pintado \u00e0 m\u00e3o com delicadeza, ocupa o centro, captando a aten\u00e7\u00e3o pelo seu design engenhoso e elabora\u00e7\u00e3o meticulosa.<\/p>\n<p>A borda da ta\u00e7a \u00e9 adornada com elegantes cora\u00e7\u00f5es em tons azuis que conferem um toque de frescura e originalidade, tornando este objeto num elemento decorativo perfeito para embelezar qualquer espa\u00e7o da casa ou do escrit\u00f3rio. Cada pe\u00e7a \u00e9 \u00fanica, resultado do minucioso trabalho de artes\u00e3os locais que utilizam t\u00e9cnicas tradicionais de pintura \u00e0 m\u00e3o, o que garante a autenticidade desta lembran\u00e7a t\u00edpica.<\/p>\n<p>Esta ta\u00e7a n\u00e3o s\u00f3 \u00e9 um belo acess\u00f3rio, como tamb\u00e9m uma recorda\u00e7\u00e3o representativa que evoca a riqueza cultural das regi\u00f5es costeiras. Ideal para turistas que procuram lembran\u00e7as aut\u00eanticas, captura a magia do mar e a cultura local. Na Ol\u00e9 Mosaic, como grossistas de artigos artesanais, oferecemos lembran\u00e7as de alta qualidade que refletem as tradi\u00e7\u00f5es e a beleza de Espanha e Portugal.<\/p>\n","protected":false},"excerpt":{"rendered":"<p>Ta\u00e7a de coco azul decorada com uma encantadora tartaruga, ideal para dar um toque especial a qualquer canto. Este produto artesanal apresenta um fundo preto salpicado de azul vibrante, que real\u00e7a o design da tartaruga no centro. A borda \u00e9 adornada com elegantes cora\u00e7\u00f5es azuis, todo com design artesanal, pintado \u00e0 m\u00e3o. Uma lembran\u00e7a perfeita que captura a ess\u00eancia marinha e folcl\u00f3rica, refletindo a beleza da vida costeira.<\/p>\n","protected":false},"featured_media":10183,"template":"","meta":{"_acf_changed":false},"product_brand":[],"product_cat":[513],"product_tag":[516],"class_list":{"0":"post-25987","1":"product","2":"type-product","3":"status-publish","4":"has-post-thumbnail","6":"product_cat-bols","7":"product_tag-animais","8":"pa_motivo-tartarugas","10":"first","11":"instock","12":"shipping-taxable","13":"product-type-simple"},"acf":[],"_links":{"self":[{"href":"https:\/\/olemosaic.orbitalia.org\/pt-pt\/wp-json\/wp\/v2\/product\/25987","targetHints":{"allow":["GET"]}}],"collection":[{"href":"https:\/\/olemosaic.orbitalia.org\/pt-pt\/wp-json\/wp\/v2\/product"}],"about":[{"href":"https:\/\/olemosaic.orbitalia.org\/pt-pt\/wp-json\/wp\/v2\/types\/product"}],"wp:featuredmedia":[{"embeddable":true,"href":"https:\/\/olemosaic.orbitalia.org\/pt-pt\/wp-json\/wp\/v2\/media\/10183"}],"wp:attachment":[{"href":"https:\/\/olemosaic.orbitalia.org\/pt-pt\/wp-json\/wp\/v2\/media?parent=25987"}],"wp:term":[{"taxonomy":"product_brand","embeddable":true,"href":"https:\/\/olemosaic.orbitalia.org\/pt-pt\/wp-json\/wp\/v2\/product_brand?post=25987"},{"taxonomy":"product_cat","embeddable":true,"href":"https:\/\/olemosaic.orbitalia.org\/pt-pt\/wp-json\/wp\/v2\/product_cat?post=25987"},{"taxonomy":"product_tag","embeddable":true,"href":"https:\/\/olemosaic.orbitalia.org\/pt-pt\/wp-json\/wp\/v2\/product_tag?post=25987"}],"curies":[{"name":"wp","href":"https:\/\/api.w.org\/{rel}","templated":true}]}}