{"id":25986,"date":"2025-02-20T23:27:59","date_gmt":"2025-02-20T22:27:59","guid":{"rendered":"https:\/\/olemosaic.orbitalia.org\/producto\/bol-de-coco-azul-flamenco\/"},"modified":"2025-07-25T19:12:48","modified_gmt":"2025-07-25T17:12:48","slug":"taca-de-coco-azul-flamingos","status":"publish","type":"product","link":"https:\/\/olemosaic.orbitalia.org\/pt-pt\/produto\/taca-de-coco-azul-flamingos\/","title":{"rendered":"Ta\u00e7a de coco azul. Flamingos."},"content":{"rendered":"<p>Ta\u00e7a de coco azul decorada com motivos de flamingos, ideal para conferir um toque fresco e vibrante a qualquer decora\u00e7\u00e3o. Esta charmosa ta\u00e7a apresenta um design em tons azuis que evocam o esplendor da costa espanhola, ideal para os dias ensolarados junto ao mar. A sua superf\u00edcie \u00e9 adornada com um padr\u00e3o subtil em relevo, criando um efeito visual encantador que captura a luz de forma bela. No centro, dois flamingos representados num gesto amoroso transmitem uma sensa\u00e7\u00e3o de calor e alegria.<\/p>\n<p>Esta ta\u00e7a n\u00e3o s\u00f3 \u00e9 perfeita para servir aperitivos, como tamb\u00e9m se destaca como uma pe\u00e7a decorativa singular que pode real\u00e7ar qualquer ambiente. A escolha do coco como material reflete a tradi\u00e7\u00e3o local e a liga\u00e7\u00e3o com a natureza, oferecendo uma lembran\u00e7a aut\u00eantica que celebra o estilo de vida espanhol, caracterizado pela sua proximidade com o mar e pela sua requintada gastronomia.<\/p>\n<p>Na Ol\u00e9 Mosaic, o nosso compromisso \u00e9 oferecer lembran\u00e7as \u00fanicas que capturam a ess\u00eancia de cada regi\u00e3o. Esta ta\u00e7a de coco azul \u00e9 uma op\u00e7\u00e3o ideal para lojas de presentes tur\u00edsticos que procuram algo especial para os seus clientes. Como distribuidores de lembran\u00e7as por grosso, garantimos que cada pe\u00e7a \u00e9 representativa da cultura e do calor do ambiente espanhol, tornando-se um presente memor\u00e1vel para quem procura autenticidade e beleza nas suas recorda\u00e7\u00f5es.<\/p>\n","protected":false},"excerpt":{"rendered":"<p>Ta\u00e7a de coco azul decorada com flamingos, ideal para dar um toque fresco e vibrante a qualquer decora\u00e7\u00e3o. Esta charmosa ta\u00e7a apresenta um design em tons azuis com um relevo subtil que evoca o ambiente da costa espanhola. No centro, dois flamingos num gesto amoroso conferem um elemento distintivo e encantador. Perfeita para servir aperitivos ou como pe\u00e7a decorativa, combina arte e funcionalidade.<\/p>\n","protected":false},"featured_media":13514,"template":"","meta":{"_acf_changed":false},"product_brand":[],"product_cat":[513],"product_tag":[516],"class_list":{"0":"post-25986","1":"product","2":"type-product","3":"status-publish","4":"has-post-thumbnail","6":"product_cat-bols","7":"product_tag-animais","8":"pa_motivo-flamingos","10":"first","11":"instock","12":"shipping-taxable","13":"product-type-simple"},"acf":[],"_links":{"self":[{"href":"https:\/\/olemosaic.orbitalia.org\/pt-pt\/wp-json\/wp\/v2\/product\/25986","targetHints":{"allow":["GET"]}}],"collection":[{"href":"https:\/\/olemosaic.orbitalia.org\/pt-pt\/wp-json\/wp\/v2\/product"}],"about":[{"href":"https:\/\/olemosaic.orbitalia.org\/pt-pt\/wp-json\/wp\/v2\/types\/product"}],"wp:featuredmedia":[{"embeddable":true,"href":"https:\/\/olemosaic.orbitalia.org\/pt-pt\/wp-json\/wp\/v2\/media\/13514"}],"wp:attachment":[{"href":"https:\/\/olemosaic.orbitalia.org\/pt-pt\/wp-json\/wp\/v2\/media?parent=25986"}],"wp:term":[{"taxonomy":"product_brand","embeddable":true,"href":"https:\/\/olemosaic.orbitalia.org\/pt-pt\/wp-json\/wp\/v2\/product_brand?post=25986"},{"taxonomy":"product_cat","embeddable":true,"href":"https:\/\/olemosaic.orbitalia.org\/pt-pt\/wp-json\/wp\/v2\/product_cat?post=25986"},{"taxonomy":"product_tag","embeddable":true,"href":"https:\/\/olemosaic.orbitalia.org\/pt-pt\/wp-json\/wp\/v2\/product_tag?post=25986"}],"curies":[{"name":"wp","href":"https:\/\/api.w.org\/{rel}","templated":true}]}}