{"id":25985,"date":"2025-02-20T23:27:59","date_gmt":"2025-02-20T22:27:59","guid":{"rendered":"https:\/\/olemosaic.orbitalia.org\/producto\/bol-de-coco-azul-bailaora\/"},"modified":"2025-07-25T18:48:10","modified_gmt":"2025-07-25T16:48:10","slug":"taca-de-coco-azul-bailarina-flamenco","status":"publish","type":"product","link":"https:\/\/olemosaic.orbitalia.org\/pt-pt\/produto\/taca-de-coco-azul-bailarina-flamenco\/","title":{"rendered":"Ta\u00e7a de coco azul. Bailarina de Flamenco. Cora\u00e7\u00f5es."},"content":{"rendered":"<p>Ta\u00e7a de coco azul decorada com a silhueta de uma bailarina de flamenco, uma aut\u00eantica lembran\u00e7a que captura a ess\u00eancia do folclore andaluz. Esta requintada ta\u00e7a \u00e9 meticulosamente pintada \u00e0 m\u00e3o, com uma bela combina\u00e7\u00e3o de tons vibrantes, como azuis, verdes e rosas, que formam uma delicada borda de cora\u00e7\u00f5es que real\u00e7am a figura central. No seu interior, a silhueta de uma bailarina em pleno movimento evoca a paix\u00e3o e a arte do flamenco, simbolizando a rica heran\u00e7a cultural da Andaluzia.<\/p>\n<p>A ta\u00e7a de coco n\u00e3o s\u00f3 \u00e9 funcional, como tamb\u00e9m um elemento decorativo que acrescenta um toque de alegria e autenticidade a qualquer espa\u00e7o. O seu design captura a energia e o esp\u00edrito da dan\u00e7a flamenca, oferecendo uma representa\u00e7\u00e3o visual \u00fanica que encantar\u00e1 quem aprecia a cultura espanhola. Este artigo \u00e9 ideal para turistas que procuram recorda\u00e7\u00f5es aut\u00eanticas da sua viagem \u00e0 Andaluzia, bem como para lojas de presentes tur\u00edsticos que desejam oferecer produtos de qualidade com um significado cultural profundo.<\/p>\n<p>Na Ol\u00e9 Mosaic, especializamo-nos na distribui\u00e7\u00e3o de lembran\u00e7as por grosso, incluindo esta ta\u00e7a de coco exclusiva, perfeita para quem procura autenticidade e detalhes art\u00edsticos nos seus produtos. Com esta ta\u00e7a de coco azul, os clientes n\u00e3o s\u00f3 levam uma recorda\u00e7\u00e3o para casa, mas tamb\u00e9m um peda\u00e7o da rica tradi\u00e7\u00e3o flamenca.<\/p>\n","protected":false},"excerpt":{"rendered":"<p>Ta\u00e7a de coco azul decorada com a silhueta de uma bailarina de flamenco, que representa a paix\u00e3o e a arte da dan\u00e7a andaluza. Esta requintada ta\u00e7a destaca-se pelo seu belo design artesanal, pintado \u00e0 m\u00e3o, onde cores vibrantes em forma de cora\u00e7\u00f5es emolduram a figura central. A combina\u00e7\u00e3o de tons azuis, verdes e rosas confere um toque alegre e distintivo, ideal para adicionar um toque cultural a qualquer espa\u00e7o.<\/p>\n","protected":false},"featured_media":13498,"template":"","meta":{"_acf_changed":false},"product_brand":[],"product_cat":[513],"product_tag":[],"class_list":{"0":"post-25985","1":"product","2":"type-product","3":"status-publish","4":"has-post-thumbnail","6":"product_cat-bols","7":"pa_motivo-dancarinos","9":"first","10":"instock","11":"shipping-taxable","12":"product-type-simple"},"acf":[],"_links":{"self":[{"href":"https:\/\/olemosaic.orbitalia.org\/pt-pt\/wp-json\/wp\/v2\/product\/25985","targetHints":{"allow":["GET"]}}],"collection":[{"href":"https:\/\/olemosaic.orbitalia.org\/pt-pt\/wp-json\/wp\/v2\/product"}],"about":[{"href":"https:\/\/olemosaic.orbitalia.org\/pt-pt\/wp-json\/wp\/v2\/types\/product"}],"wp:featuredmedia":[{"embeddable":true,"href":"https:\/\/olemosaic.orbitalia.org\/pt-pt\/wp-json\/wp\/v2\/media\/13498"}],"wp:attachment":[{"href":"https:\/\/olemosaic.orbitalia.org\/pt-pt\/wp-json\/wp\/v2\/media?parent=25985"}],"wp:term":[{"taxonomy":"product_brand","embeddable":true,"href":"https:\/\/olemosaic.orbitalia.org\/pt-pt\/wp-json\/wp\/v2\/product_brand?post=25985"},{"taxonomy":"product_cat","embeddable":true,"href":"https:\/\/olemosaic.orbitalia.org\/pt-pt\/wp-json\/wp\/v2\/product_cat?post=25985"},{"taxonomy":"product_tag","embeddable":true,"href":"https:\/\/olemosaic.orbitalia.org\/pt-pt\/wp-json\/wp\/v2\/product_tag?post=25985"}],"curies":[{"name":"wp","href":"https:\/\/api.w.org\/{rel}","templated":true}]}}