{"id":25963,"date":"2025-02-20T23:27:58","date_gmt":"2025-02-20T22:27:58","guid":{"rendered":"https:\/\/olemosaic.orbitalia.org\/producto\/bol-de-coco-azul-caballito-de-mar-mallorca\/"},"modified":"2025-07-25T20:00:00","modified_gmt":"2025-07-25T18:00:00","slug":"taca-de-coco-azul-cavalo-marinho-maiorca","status":"publish","type":"product","link":"https:\/\/olemosaic.orbitalia.org\/pt-pt\/produto\/taca-de-coco-azul-cavalo-marinho-maiorca\/","title":{"rendered":"Ta\u00e7a de coco azul. Cavalo-marinho. Maiorca. T\u00e9cnica Mosaico."},"content":{"rendered":"<p>Ta\u00e7a de coco azul com um elegante cavalo-marinho de Maiorca. Esta requintada ta\u00e7a \u00e9 uma verdadeira obra de arte que encapsula a ess\u00eancia do mar Mediterr\u00e2neo. Elaborada com uma t\u00e9cnica de mosaico, o seu vibrante acabamento em tons de azul e preto evoca as \u00e1guas cristalinas das costas de Maiorca. No centro, um delicado cavalo-marinho ergue-se, s\u00edmbolo da fauna marinha local, real\u00e7ando a liga\u00e7\u00e3o do produto com a rica biodiversidade da ilha. Este cavalo-marinho, meticulosamente desenhado, atrai o olhar e adiciona um toque de sofistica\u00e7\u00e3o. Rodeando o cavalo-marinho, pequenas formas de cora\u00e7\u00e3o decoram as bordas, proporcionando uma sensa\u00e7\u00e3o de calor e amor pela natureza.<\/p>\n<p>Na base da ta\u00e7a, a inscri\u00e7\u00e3o &#8220;MALLORCA&#8221; reafirma a sua autenticidade como souvenir, tornando-a um presente perfeito para quem deseja levar um pedacinho da ilha. Esta ta\u00e7a n\u00e3o \u00e9 apenas funcional, mas tamb\u00e9m um elemento decorativo distintivo que pode embelezar qualquer casa. Na Ol\u00e9 Mosaic, oferecemos uma sele\u00e7\u00e3o de souvenirs de Maiorca que se destacam pela sua qualidade e design, perfeitos para lojas de presentes tur\u00edsticos que procuram produtos \u00fanicos. Esta ta\u00e7a de coco azul \u00e9 uma escolha ideal para quem procura recorda\u00e7\u00f5es aut\u00eanticas que representem a cultura e beleza da regi\u00e3o.<\/p>\n","protected":false},"excerpt":{"rendered":"<p>Ta\u00e7a de coco azul decorada com um elegante cavalo-marinho, que representa a beleza marinha de Maiorca. Esta atraente ta\u00e7a, elaborada com t\u00e9cnica de mosaico, combina tons de azul e preto que destacam um design central com o cavalo-marinho, rodeado de pequenas formas de cora\u00e7\u00e3o. A inscri\u00e7\u00e3o &#8220;MALLORCA&#8221; na base refor\u00e7a a sua liga\u00e7\u00e3o com a ilha, tornando-a uma recorda\u00e7\u00e3o perfeita e um elemento decorativo distintivo.<\/p>\n","protected":false},"featured_media":10240,"template":"","meta":{"_acf_changed":false},"product_brand":[],"product_cat":[513],"product_tag":[516],"class_list":{"0":"post-25963","1":"product","2":"type-product","3":"status-publish","4":"has-post-thumbnail","6":"product_cat-bols","7":"product_tag-animais","8":"pa_ciudad-mallorca","9":"pa_motivo-cavalos-marinhos","10":"pa_pais-espana","12":"first","13":"instock","14":"shipping-taxable","15":"product-type-simple"},"acf":[],"_links":{"self":[{"href":"https:\/\/olemosaic.orbitalia.org\/pt-pt\/wp-json\/wp\/v2\/product\/25963","targetHints":{"allow":["GET"]}}],"collection":[{"href":"https:\/\/olemosaic.orbitalia.org\/pt-pt\/wp-json\/wp\/v2\/product"}],"about":[{"href":"https:\/\/olemosaic.orbitalia.org\/pt-pt\/wp-json\/wp\/v2\/types\/product"}],"wp:featuredmedia":[{"embeddable":true,"href":"https:\/\/olemosaic.orbitalia.org\/pt-pt\/wp-json\/wp\/v2\/media\/10240"}],"wp:attachment":[{"href":"https:\/\/olemosaic.orbitalia.org\/pt-pt\/wp-json\/wp\/v2\/media?parent=25963"}],"wp:term":[{"taxonomy":"product_brand","embeddable":true,"href":"https:\/\/olemosaic.orbitalia.org\/pt-pt\/wp-json\/wp\/v2\/product_brand?post=25963"},{"taxonomy":"product_cat","embeddable":true,"href":"https:\/\/olemosaic.orbitalia.org\/pt-pt\/wp-json\/wp\/v2\/product_cat?post=25963"},{"taxonomy":"product_tag","embeddable":true,"href":"https:\/\/olemosaic.orbitalia.org\/pt-pt\/wp-json\/wp\/v2\/product_tag?post=25963"}],"curies":[{"name":"wp","href":"https:\/\/api.w.org\/{rel}","templated":true}]}}