{"id":25903,"date":"2025-02-20T23:27:56","date_gmt":"2025-02-20T22:27:56","guid":{"rendered":"https:\/\/olemosaic.orbitalia.org\/producto\/llavero-de-madera-letra-x-barcelona\/"},"modified":"2025-07-25T19:42:51","modified_gmt":"2025-07-25T17:42:51","slug":"porta-chaves-de-madeira-letra-x-barcelona","status":"publish","type":"product","link":"https:\/\/olemosaic.orbitalia.org\/pt-pt\/produto\/porta-chaves-de-madeira-letra-x-barcelona\/","title":{"rendered":"Porta-chaves de madeira. Letra X. Sagrada Fam\u00edlia de Barcelona."},"content":{"rendered":"<p>Porta-chaves de madeira com forma da letra &#8220;X&#8221; &#8211; Barcelona<\/p>\n<p>Este porta-chaves de madeira com forma de &#8220;X&#8221; \u00e9 uma encantadora homenagem \u00e0 ic\u00f3nica arquitetura de Barcelona, destacando-se como um souvenir aut\u00eantico que captura a ess\u00eancia cultural da cidade. O design apresenta a emblem\u00e1tica Sagrada Fam\u00edlia, com as suas torres coloridas em tons vibrantes de vermelho, amarelo e verde, que evocam a riqueza visual da obra-prima de Antoni Gaud\u00ed. Cada detalhe \u00e9 meticulosamente pintado \u00e0 m\u00e3o, o que garante que cada porta-chaves seja uma pe\u00e7a \u00fanica e original, perfeito para quem deseja levar um fragmento de Barcelona no seu dia a dia.<\/p>\n<p>Visualmente, o porta-chaves n\u00e3o \u00e9 apenas um acess\u00f3rio pr\u00e1tico, mas tamb\u00e9m uma obra de arte port\u00e1til que celebra a criatividade arquitet\u00f3nica da cidade. A combina\u00e7\u00e3o de cores brilhantes e os intrincados detalhes de mosaico recordam as fachadas barcelonesas, cheias de vida e car\u00e1ter, oferecendo uma recorda\u00e7\u00e3o significativa da visita a esta vibrante metr\u00f3pole.<\/p>\n<p>A Ol\u00e9 Mosaic orgulha-se de ser distribuidora de souvenirs por grosso, e este porta-chaves representa uma excelente ideia de presente para turistas que procuram algo aut\u00eantico e representativo de Barcelona. Com este porta-chaves de madeira, os visitantes t\u00eam a oportunidade de entesourar a cultura e o patrim\u00f3nio da cidade, enquanto as lojas de presentes tur\u00edsticos encontrar\u00e3o um produto atraente para os seus clientes. Descubra a magia de Barcelona com este encantador porta-chaves!<\/p>\n","protected":false},"excerpt":{"rendered":"<p>Porta-chaves de madeira com forma da letra &#8220;X&#8221;, inspirado na emblem\u00e1tica arquitetura de Barcelona. Este chamativo porta-chaves reproduz a Sagrada Fam\u00edlia, com as suas coloridas torres em tons de vermelho, amarelo e verde, e detalhes de mosaico que evocam a riqueza cultural da cidade. A t\u00e9cnica empregada \u00e9 a pintura \u00e0 m\u00e3o, o que garante um acabamento \u00fanico e original. \u00c9 uma recorda\u00e7\u00e3o perfeita para quem quer levar um peda\u00e7o de Barcelona sempre consigo.<\/p>\n","protected":false},"featured_media":10509,"template":"","meta":{"_acf_changed":false},"product_brand":[],"product_cat":[611],"product_tag":[612],"class_list":{"0":"post-25903","1":"product","2":"type-product","3":"status-publish","4":"has-post-thumbnail","6":"product_cat-porta-chaves","7":"product_tag-cartas","8":"pa_ciudad-barcelona","9":"pa_motivo-letra-x","10":"pa_pais-espana","12":"first","13":"instock","14":"shipping-taxable","15":"product-type-simple"},"acf":[],"_links":{"self":[{"href":"https:\/\/olemosaic.orbitalia.org\/pt-pt\/wp-json\/wp\/v2\/product\/25903","targetHints":{"allow":["GET"]}}],"collection":[{"href":"https:\/\/olemosaic.orbitalia.org\/pt-pt\/wp-json\/wp\/v2\/product"}],"about":[{"href":"https:\/\/olemosaic.orbitalia.org\/pt-pt\/wp-json\/wp\/v2\/types\/product"}],"wp:featuredmedia":[{"embeddable":true,"href":"https:\/\/olemosaic.orbitalia.org\/pt-pt\/wp-json\/wp\/v2\/media\/10509"}],"wp:attachment":[{"href":"https:\/\/olemosaic.orbitalia.org\/pt-pt\/wp-json\/wp\/v2\/media?parent=25903"}],"wp:term":[{"taxonomy":"product_brand","embeddable":true,"href":"https:\/\/olemosaic.orbitalia.org\/pt-pt\/wp-json\/wp\/v2\/product_brand?post=25903"},{"taxonomy":"product_cat","embeddable":true,"href":"https:\/\/olemosaic.orbitalia.org\/pt-pt\/wp-json\/wp\/v2\/product_cat?post=25903"},{"taxonomy":"product_tag","embeddable":true,"href":"https:\/\/olemosaic.orbitalia.org\/pt-pt\/wp-json\/wp\/v2\/product_tag?post=25903"}],"curies":[{"name":"wp","href":"https:\/\/api.w.org\/{rel}","templated":true}]}}