{"id":25898,"date":"2025-02-20T23:27:55","date_gmt":"2025-02-20T22:27:55","guid":{"rendered":"https:\/\/olemosaic.orbitalia.org\/producto\/lata-inox-de-500-ml-patio\/"},"modified":"2025-07-25T18:38:07","modified_gmt":"2025-07-25T16:38:07","slug":"lata-inox-de-500-ml-patio-pt-pt","status":"publish","type":"product","link":"https:\/\/olemosaic.orbitalia.org\/pt-pt\/produto\/lata-inox-de-500-ml-patio-pt-pt\/","title":{"rendered":"Lata inox de 500 ml. P\u00e1tio."},"content":{"rendered":"<p>Lata de a\u00e7o inoxid\u00e1vel decorada com um vibrante design andaluz<\/p>\n<p>Descubra a ess\u00eancia da Andaluzia com esta espetacular lata de a\u00e7o inoxid\u00e1vel de 500 ml, desenhada para capturar o esp\u00edrito festivo dos p\u00e1tios andaluzes. Este souvenir \u00fanico, ideal para manter as suas bebidas frias, apresenta um design vibrante com ilustra\u00e7\u00f5es de efeito pintado \u00e0 m\u00e3o: uma bailarina de flamenco com um espetacular vestido de folhos vermelho, acompanhada por um bailarino com traje tradicional. O fundo da lata \u00e9 adornado com mosaicos brancos e flores vermelhas coloridas, criando uma atmosfera alegre e festiva que nos transporta para os encantadores p\u00e1tios espanh\u00f3is.<\/p>\n<p>Cada detalhe deste design reflete a rica heran\u00e7a cultural da Andaluzia, onde o flamenco e a tradi\u00e7\u00e3o se entrela\u00e7am, oferecendo uma recorda\u00e7\u00e3o da alegria da vida nesta regi\u00e3o. A lata n\u00e3o \u00e9 apenas um objeto funcional, mas tamb\u00e9m um souvenir de grande significado, perfeito para quem deseja levar um pedacinho da cultura andaluza para casa. Na Ol\u00e9 Mosaic, orgulhamo-nos de oferecer este tipo de souvenirs aut\u00eanticos, ideais para lojas de presentes tur\u00edsticos que querem proporcionar aos seus clientes produtos representativos da tradi\u00e7\u00e3o espanhola. Este artigo \u00e9 uma excelente op\u00e7\u00e3o para quem procura souvenirs de alta qualidade que celebrem o melhor da Andaluzia.<\/p>\n","protected":false},"excerpt":{"rendered":"<p>Lata de a\u00e7o inoxid\u00e1vel de 500 ml decorada com um design vibrante que evoca um encantador p\u00e1tio andaluz. Apresenta ilustra\u00e7\u00f5es de efeito pintado \u00e0 m\u00e3o de uma bailarina com um vestido de folhos vermelho, juntamente com um bailarino trajado com roupas tradicionais. O fundo est\u00e1 adornado com mosaicos brancos e flores vermelhas, criando uma atmosfera festiva. Ideal para manter as suas bebidas frias enquanto desfruta do esp\u00edrito do folclore espanhol.<\/p>\n","protected":false},"featured_media":12796,"template":"","meta":{"_acf_changed":false},"product_brand":[],"product_cat":[805],"product_tag":[],"class_list":{"0":"post-25898","1":"product","2":"type-product","3":"status-publish","4":"has-post-thumbnail","6":"product_cat-latas","7":"pa_motivo-patios","9":"first","10":"instock","11":"shipping-taxable","12":"product-type-simple"},"acf":[],"_links":{"self":[{"href":"https:\/\/olemosaic.orbitalia.org\/pt-pt\/wp-json\/wp\/v2\/product\/25898","targetHints":{"allow":["GET"]}}],"collection":[{"href":"https:\/\/olemosaic.orbitalia.org\/pt-pt\/wp-json\/wp\/v2\/product"}],"about":[{"href":"https:\/\/olemosaic.orbitalia.org\/pt-pt\/wp-json\/wp\/v2\/types\/product"}],"wp:featuredmedia":[{"embeddable":true,"href":"https:\/\/olemosaic.orbitalia.org\/pt-pt\/wp-json\/wp\/v2\/media\/12796"}],"wp:attachment":[{"href":"https:\/\/olemosaic.orbitalia.org\/pt-pt\/wp-json\/wp\/v2\/media?parent=25898"}],"wp:term":[{"taxonomy":"product_brand","embeddable":true,"href":"https:\/\/olemosaic.orbitalia.org\/pt-pt\/wp-json\/wp\/v2\/product_brand?post=25898"},{"taxonomy":"product_cat","embeddable":true,"href":"https:\/\/olemosaic.orbitalia.org\/pt-pt\/wp-json\/wp\/v2\/product_cat?post=25898"},{"taxonomy":"product_tag","embeddable":true,"href":"https:\/\/olemosaic.orbitalia.org\/pt-pt\/wp-json\/wp\/v2\/product_tag?post=25898"}],"curies":[{"name":"wp","href":"https:\/\/api.w.org\/{rel}","templated":true}]}}