{"id":25888,"date":"2025-02-20T23:27:55","date_gmt":"2025-02-20T22:27:55","guid":{"rendered":"https:\/\/olemosaic.orbitalia.org\/producto\/funda-de-telefono-para-samsung-a14-tpu-panoramica-barcelona-azul\/"},"modified":"2025-07-25T18:39:44","modified_gmt":"2025-07-25T16:39:44","slug":"capa-de-telemovel-para-samsung-a14-tpu-panoramica-barcelona-azul","status":"publish","type":"product","link":"https:\/\/olemosaic.orbitalia.org\/pt-pt\/produto\/capa-de-telemovel-para-samsung-a14-tpu-panoramica-barcelona-azul\/","title":{"rendered":"Capa de telem\u00f3vel para Samsung A14 (TPU). Panor\u00e2mica. Skyline de Barcelona. Azul"},"content":{"rendered":"<p>Capa para Samsung A14 com panor\u00e2mica de Barcelona<\/p>\n<p>Descubra a vibrante ess\u00eancia de Barcelona atrav\u00e9s desta exclusiva capa para Samsung A14, fabricada em TPU de alta qualidade. Este design \u00fanico apresenta uma colorida panor\u00e2mica da ic\u00f3nica Sagrada Fam\u00edlia, rodeada pelo emblem\u00e1tico horizonte da cidade, com uma paleta de tons azuis, laranjas e amarelos que evocam o calor e a alegria do Mediterr\u00e2neo. A Sagrada Fam\u00edlia, obra-prima de Antoni Gaud\u00ed, ergue-se majestosa no centro, representando a rica heran\u00e7a arquitet\u00f3nica de Barcelona, enquanto o c\u00e9u azul e o sol radiante acrescentam um toque vibrante.<\/p>\n<p>Esta capa n\u00e3o s\u00f3 garante uma durabilidade excecional, protegendo o seu dispositivo contra choques e quedas, como tamb\u00e9m \u00e9 uma encantadora recorda\u00e7\u00e3o que captura a ess\u00eancia de uma das cidades mais visitadas de Espanha. Ideal para turistas que procuram uma recorda\u00e7\u00e3o aut\u00eantica e funcional, este artigo real\u00e7a a liga\u00e7\u00e3o cultural com Barcelona, refletindo a sua arte e paisagem urbana. Na Ol\u00e9 Mosaic, como grossistas de souvenirs, oferecemos produtos que celebram a cultura e o patrim\u00f3nio local, e esta capa \u00e9 uma op\u00e7\u00e3o perfeita para lojas de presentes tur\u00edsticos que desejem oferecer artigos \u00fanicos e representativos de Barcelona.<\/p>\n","protected":false},"excerpt":{"rendered":"<p>Capa de telem\u00f3vel para Samsung A14 de TPU com uma vibrante panor\u00e2mica de Barcelona. Este design colorido apresenta a ic\u00f3nica Sagrada Fam\u00edlia e o emblem\u00e1tico skyline da cidade, destacando-se com tons azuis e detalhes em cores quentes como o laranja e o amarelo. Ideal para proteger o seu dispositivo com estilo, esta capa n\u00e3o s\u00f3 oferece durabilidade, como tamb\u00e9m captura a ess\u00eancia e a arquitetura \u00fanica de Barcelona, tornando-a um souvenir perfeito da cidade.<\/p>\n","protected":false},"featured_media":12546,"template":"","meta":{"_acf_changed":false},"product_brand":[],"product_cat":[685],"product_tag":[],"class_list":{"0":"post-25888","1":"product","2":"type-product","3":"status-publish","4":"has-post-thumbnail","6":"product_cat-capas-para-telemoveis","7":"pa_ciudad-barcelona","8":"pa_motivo-panoramas","9":"pa_pais-espana","11":"first","12":"instock","13":"shipping-taxable","14":"product-type-simple"},"acf":[],"_links":{"self":[{"href":"https:\/\/olemosaic.orbitalia.org\/pt-pt\/wp-json\/wp\/v2\/product\/25888","targetHints":{"allow":["GET"]}}],"collection":[{"href":"https:\/\/olemosaic.orbitalia.org\/pt-pt\/wp-json\/wp\/v2\/product"}],"about":[{"href":"https:\/\/olemosaic.orbitalia.org\/pt-pt\/wp-json\/wp\/v2\/types\/product"}],"wp:featuredmedia":[{"embeddable":true,"href":"https:\/\/olemosaic.orbitalia.org\/pt-pt\/wp-json\/wp\/v2\/media\/12546"}],"wp:attachment":[{"href":"https:\/\/olemosaic.orbitalia.org\/pt-pt\/wp-json\/wp\/v2\/media?parent=25888"}],"wp:term":[{"taxonomy":"product_brand","embeddable":true,"href":"https:\/\/olemosaic.orbitalia.org\/pt-pt\/wp-json\/wp\/v2\/product_brand?post=25888"},{"taxonomy":"product_cat","embeddable":true,"href":"https:\/\/olemosaic.orbitalia.org\/pt-pt\/wp-json\/wp\/v2\/product_cat?post=25888"},{"taxonomy":"product_tag","embeddable":true,"href":"https:\/\/olemosaic.orbitalia.org\/pt-pt\/wp-json\/wp\/v2\/product_tag?post=25888"}],"curies":[{"name":"wp","href":"https:\/\/api.w.org\/{rel}","templated":true}]}}