{"id":25840,"date":"2025-02-20T22:27:53","date_gmt":"2025-02-20T22:27:53","guid":{"rendered":"https:\/\/olemosaic.orbitalia.org\/producto\/funda-de-telefono-para-iphone-13-tpu-panoramica-barcelona-blanco\/"},"modified":"2025-07-25T20:31:18","modified_gmt":"2025-07-25T18:31:18","slug":"capa-de-telemovel-para-iphone-13-tpu-panoramica-barcelona-branco","status":"publish","type":"product","link":"https:\/\/olemosaic.orbitalia.org\/pt-pt\/produto\/capa-de-telemovel-para-iphone-13-tpu-panoramica-barcelona-branco\/","title":{"rendered":"Capa de telem\u00f3vel para iPhone 13 (TPU). Panor\u00e2mica. Barcelona. Branco"},"content":{"rendered":"<p>Capa panor\u00e2mica de Barcelona para iPhone 13<\/p>\n<p>Descubra a vibrante ess\u00eancia de Barcelona com a nossa capa para iPhone 13, fabricada em TPU de alta qualidade. Este design atrativo destaca-se pela sua colorida panor\u00e2mica que capta a emblem\u00e1tica Sagrada Fam\u00edlia, um dos monumentos mais reconhec\u00edveis e representativos da cidade, juntamente com outros \u00edcones do modernismo catal\u00e3o. A base branca proporciona a tela perfeita para real\u00e7ar as cores vivas do mosaico que adorna a capa, oferecendo uma vista espetacular e \u00fanica da arquitetura de Gaud\u00ed.<\/p>\n<p>A ilustra\u00e7\u00e3o combina matizes de vermelho, amarelo, verde e azul, criando um efeito visual que evoca a energia da cosmopolita Barcelona. A inscri\u00e7\u00e3o &#8220;Barcelona&#8221; na parte inferior adiciona um toque distintivo, tornando este artigo numa recorda\u00e7\u00e3o perfeita para aqueles que desejem levar um pedacinho da cidade no seu dia a dia.<\/p>\n<p>Esta capa n\u00e3o s\u00f3 protege o seu dispositivo de choques e riscos, como tamb\u00e9m serve como uma recorda\u00e7\u00e3o aut\u00eantica que celebra a cultura e a arte desta vibrante metr\u00f3pole. Ideal para turistas que procuram recorda\u00e7\u00f5es de Barcelona, na Ol\u00e9 Mosaic somos distribuidores de produtos originais e representativos. Esta capa panor\u00e2mica \u00e9 uma excelente op\u00e7\u00e3o para as lojas de presentes tur\u00edsticos que desejam oferecer artigos de qualidade e relev\u00e2ncia cultural.<\/p>\n","protected":false},"excerpt":{"rendered":"<p>Capa para iPhone 13 fabricada em TPU, com uma atrativa panor\u00e2mica de Barcelona. O seu design inclui uma colorida ilustra\u00e7\u00e3o que real\u00e7a a emblem\u00e1tica Sagrada Fam\u00edlia e outros monumentos reconhec\u00edveis da cidade, captando a ess\u00eancia do modernismo catal\u00e3o. A base branca real\u00e7a as cores vivas do mosaico, enquanto a inscri\u00e7\u00e3o &#8220;Barcelona&#8221; adiciona um toque distintivo. Ideal para proteger o seu dispositivo e exibir o encanto desta vibrante cidade.<\/p>\n","protected":false},"featured_media":12281,"template":"","meta":{"_acf_changed":false},"product_brand":[],"product_cat":[685],"product_tag":[],"class_list":{"0":"post-25840","1":"product","2":"type-product","3":"status-publish","4":"has-post-thumbnail","6":"product_cat-capas-para-telemoveis","7":"pa_ciudad-barcelona","8":"pa_motivo-panoramas","9":"pa_pais-espana","11":"first","12":"instock","13":"shipping-taxable","14":"product-type-simple"},"acf":[],"_links":{"self":[{"href":"https:\/\/olemosaic.orbitalia.org\/pt-pt\/wp-json\/wp\/v2\/product\/25840","targetHints":{"allow":["GET"]}}],"collection":[{"href":"https:\/\/olemosaic.orbitalia.org\/pt-pt\/wp-json\/wp\/v2\/product"}],"about":[{"href":"https:\/\/olemosaic.orbitalia.org\/pt-pt\/wp-json\/wp\/v2\/types\/product"}],"wp:featuredmedia":[{"embeddable":true,"href":"https:\/\/olemosaic.orbitalia.org\/pt-pt\/wp-json\/wp\/v2\/media\/12281"}],"wp:attachment":[{"href":"https:\/\/olemosaic.orbitalia.org\/pt-pt\/wp-json\/wp\/v2\/media?parent=25840"}],"wp:term":[{"taxonomy":"product_brand","embeddable":true,"href":"https:\/\/olemosaic.orbitalia.org\/pt-pt\/wp-json\/wp\/v2\/product_brand?post=25840"},{"taxonomy":"product_cat","embeddable":true,"href":"https:\/\/olemosaic.orbitalia.org\/pt-pt\/wp-json\/wp\/v2\/product_cat?post=25840"},{"taxonomy":"product_tag","embeddable":true,"href":"https:\/\/olemosaic.orbitalia.org\/pt-pt\/wp-json\/wp\/v2\/product_tag?post=25840"}],"curies":[{"name":"wp","href":"https:\/\/api.w.org\/{rel}","templated":true}]}}