{"id":24363,"date":"2025-02-20T23:31:57","date_gmt":"2025-02-20T22:31:57","guid":{"rendered":"https:\/\/olemosaic.orbitalia.org\/producto\/iman-de-ceramica-patio-sevilha-branco\/"},"modified":"2025-11-21T13:23:45","modified_gmt":"2025-11-21T12:23:45","slug":"iman-de-ceramica-patio-sevilha-branco","status":"publish","type":"product","link":"https:\/\/olemosaic.orbitalia.org\/pt-pt\/produto\/iman-de-ceramica-patio-sevilha-branco\/","title":{"rendered":"\u00cdman de cer\u00e2mica. P\u00e1tio. Sevilha. Branco."},"content":{"rendered":"<p>Este \u00edman de cer\u00e2mica com um desenho vibrante do p\u00e1tio andaluz de Sevilha \u00e9 a lembran\u00e7a perfeita para quem quer levar para casa um peda\u00e7o da rica cultura flamenca de Sevilha. Com um elegante acabamento branco, este \u00edman apresenta uma ilustra\u00e7\u00e3o alegre que capta um casal a dan\u00e7ar flamenco, rodeado de pormenores emblem\u00e1ticos do folclore sevilhano, como uma guitarra e um candeeiro de rua. As cer\u00e2micas s\u00e3o feitas \u00e0 m\u00e3o, o que confere a cada pe\u00e7a um toque \u00fanico e aut\u00eantico. A bailaora, vestida com um espetacular fato vermelho com folhos, e o bailaor, com a sua camisa branca e chap\u00e9u de abas largas, est\u00e3o num cen\u00e1rio colorido que reflecte a alegria das festas andaluzas.   <\/p>\n<p>O nome &#8220;Sevilha&#8221; est\u00e1 impresso de forma proeminente, enfatizando a sua liga\u00e7\u00e3o a esta cidade espanhola ic\u00f3nica, conhecida pelas suas tradi\u00e7\u00f5es flamengas e arquitetura cativante. Este \u00edman n\u00e3o s\u00f3 funciona como pe\u00e7a decorativa, mas tamb\u00e9m evoca a ess\u00eancia da arte e da cultura andaluzas, o que o torna um presente ideal para os turistas que procuram lembran\u00e7as aut\u00eanticas e representativas. Na Ol\u00e9 Mosaic, como distribuidores de lembran\u00e7as de qualidade, garantimos-te que este \u00edman de cer\u00e2mica ser\u00e1 uma recorda\u00e7\u00e3o brilhante da beleza de Sevilha, perfeita para as lojas que procuram produtos com valor cultural e atrativo visual.  <\/p>\n","protected":false},"excerpt":{"rendered":"<p>\u00cdman de cer\u00e2mica com um desenho vibrante do p\u00e1tio andaluz de Sevilha. Este \u00edman atraente, com um acabamento branco, apresenta uma ilustra\u00e7\u00e3o colorida de um casal a dan\u00e7ar flamenco, rodeado de flores e elementos t\u00edpicos do folclore sevilhano, como uma guitarra e um candeeiro de rua. A cer\u00e2mica feita \u00e0 m\u00e3o d\u00e1-lhe um toque art\u00edstico e o nome &#8220;Sevilha&#8221; est\u00e1 impresso no \u00edman, tornando-o numa recorda\u00e7\u00e3o perfeita da cultura andaluza.  <\/p>\n","protected":false},"featured_media":8333,"template":"","meta":{"_acf_changed":false},"product_brand":[],"product_cat":[699],"product_tag":[515],"class_list":{"0":"post-24363","1":"product","2":"type-product","3":"status-publish","4":"has-post-thumbnail","6":"product_cat-imanes","7":"product_tag-ceramica","8":"pa_ciudad-sevilla","9":"pa_motivo-patios","10":"pa_pais-espana","12":"first","13":"instock","14":"shipping-taxable","15":"product-type-simple"},"acf":[],"_links":{"self":[{"href":"https:\/\/olemosaic.orbitalia.org\/pt-pt\/wp-json\/wp\/v2\/product\/24363","targetHints":{"allow":["GET"]}}],"collection":[{"href":"https:\/\/olemosaic.orbitalia.org\/pt-pt\/wp-json\/wp\/v2\/product"}],"about":[{"href":"https:\/\/olemosaic.orbitalia.org\/pt-pt\/wp-json\/wp\/v2\/types\/product"}],"wp:featuredmedia":[{"embeddable":true,"href":"https:\/\/olemosaic.orbitalia.org\/pt-pt\/wp-json\/wp\/v2\/media\/8333"}],"wp:attachment":[{"href":"https:\/\/olemosaic.orbitalia.org\/pt-pt\/wp-json\/wp\/v2\/media?parent=24363"}],"wp:term":[{"taxonomy":"product_brand","embeddable":true,"href":"https:\/\/olemosaic.orbitalia.org\/pt-pt\/wp-json\/wp\/v2\/product_brand?post=24363"},{"taxonomy":"product_cat","embeddable":true,"href":"https:\/\/olemosaic.orbitalia.org\/pt-pt\/wp-json\/wp\/v2\/product_cat?post=24363"},{"taxonomy":"product_tag","embeddable":true,"href":"https:\/\/olemosaic.orbitalia.org\/pt-pt\/wp-json\/wp\/v2\/product_tag?post=24363"}],"curies":[{"name":"wp","href":"https:\/\/api.w.org\/{rel}","templated":true}]}}