{"id":24356,"date":"2025-02-20T23:32:03","date_gmt":"2025-02-20T22:32:03","guid":{"rendered":"https:\/\/olemosaic.orbitalia.org\/producto\/iman-em-ceramica-salamandra-e-flores-espanha-branco\/"},"modified":"2025-02-20T23:32:03","modified_gmt":"2025-02-20T22:32:03","slug":"iman-em-ceramica-salamandra-e-flores-espanha-branco","status":"publish","type":"product","link":"https:\/\/olemosaic.orbitalia.org\/pt-pt\/produto\/iman-em-ceramica-salamandra-e-flores-espanha-branco\/","title":{"rendered":"\u00cdman em cer\u00e2mica. Salamandra e flores. Espanha. Branco."},"content":{"rendered":"<p>Este \u00edman de cer\u00e2mica apresenta um design vibrante que capta a ess\u00eancia do folclore espanhol, ideal como lembran\u00e7a para os amantes da cultura e da natureza. Com um fundo branco brilhante, apresenta uma representa\u00e7\u00e3o colorida de uma salamandra, rodeada de flores exuberantes que simbolizam a rica biodiversidade da Pen\u00ednsula Ib\u00e9rica. A salamandra, pintada em tons de azul e verde, ganha vida no centro do \u00edman, enquanto as flores amarelas e vermelhas, criadas a partir de um mosaico de cer\u00e2mica, acrescentam um atrativo visual que real\u00e7a a alegria da cultura mediterr\u00e2nica.  <\/p>\n<p>Este \u00edman n\u00e3o \u00e9 apenas funcional, mas tamb\u00e9m uma recorda\u00e7\u00e3o significativa, evocando a beleza da paisagem espanhola e das suas gentes. Meticulosamente trabalhado, esta pe\u00e7a \u00e9 uma fus\u00e3o de arte e tradi\u00e7\u00e3o, perfeita para quem procura lembran\u00e7as aut\u00eanticas que captem a ess\u00eancia da sua experi\u00eancia em Espanha. Na Ol\u00e9 MOSAIC apostamos na qualidade dos nossos artigos, e este \u00edman de cer\u00e2mica \u00e9 uma excelente op\u00e7\u00e3o para as lojas de presentes tur\u00edsticos interessadas em oferecer produtos \u00fanicos e representativos da cultura espanhola. Com um design atrativo, este \u00edman de salamandra \u00e9 uma pe\u00e7a imprescind\u00edvel para qualquer cole\u00e7\u00e3o de lembran\u00e7as de cer\u00e2mica.   <\/p>\n","protected":false},"excerpt":{"rendered":"<p>\u00cdman de cer\u00e2mica com um desenho vibrante que representa uma salamandra rodeada de flores coloridas, um s\u00edmbolo da riqueza do folclore espanhol. Sobre um fundo branco, esta pe\u00e7a \u00e9 decorada com mosaicos de cer\u00e2mica de v\u00e1rias cores, como o azul, o verde e o vermelho, criando um efeito visual cativante. A salamandra, em tons de azul e verde, est\u00e1 entrela\u00e7ada com flores amarelas e vermelhas, o que a torna uma atraente lembran\u00e7a dos elementos naturais de Espanha. Ideal para dar um toque de cor a qualquer superf\u00edcie met\u00e1lica.   <\/p>\n","protected":false},"featured_media":8368,"template":"","meta":{"_acf_changed":false},"product_brand":[],"product_cat":[699],"product_tag":[516,515],"class_list":{"0":"post-24356","1":"product","2":"type-product","3":"status-publish","4":"has-post-thumbnail","6":"product_cat-imanes","7":"product_tag-animais","8":"product_tag-ceramica","9":"pa_motivo-salamandras","11":"first","12":"instock","13":"shipping-taxable","14":"product-type-simple"},"acf":[],"_links":{"self":[{"href":"https:\/\/olemosaic.orbitalia.org\/pt-pt\/wp-json\/wp\/v2\/product\/24356","targetHints":{"allow":["GET"]}}],"collection":[{"href":"https:\/\/olemosaic.orbitalia.org\/pt-pt\/wp-json\/wp\/v2\/product"}],"about":[{"href":"https:\/\/olemosaic.orbitalia.org\/pt-pt\/wp-json\/wp\/v2\/types\/product"}],"wp:featuredmedia":[{"embeddable":true,"href":"https:\/\/olemosaic.orbitalia.org\/pt-pt\/wp-json\/wp\/v2\/media\/8368"}],"wp:attachment":[{"href":"https:\/\/olemosaic.orbitalia.org\/pt-pt\/wp-json\/wp\/v2\/media?parent=24356"}],"wp:term":[{"taxonomy":"product_brand","embeddable":true,"href":"https:\/\/olemosaic.orbitalia.org\/pt-pt\/wp-json\/wp\/v2\/product_brand?post=24356"},{"taxonomy":"product_cat","embeddable":true,"href":"https:\/\/olemosaic.orbitalia.org\/pt-pt\/wp-json\/wp\/v2\/product_cat?post=24356"},{"taxonomy":"product_tag","embeddable":true,"href":"https:\/\/olemosaic.orbitalia.org\/pt-pt\/wp-json\/wp\/v2\/product_tag?post=24356"}],"curies":[{"name":"wp","href":"https:\/\/api.w.org\/{rel}","templated":true}]}}