{"id":24280,"date":"2025-02-20T23:31:51","date_gmt":"2025-02-20T22:31:51","guid":{"rendered":"https:\/\/olemosaic.orbitalia.org\/producto\/4-sacos-de-coco-de-13-x-6-cm-salamandra-arquitetura-barcelona\/"},"modified":"2025-02-20T23:31:51","modified_gmt":"2025-02-20T22:31:51","slug":"4-sacos-de-coco-de-13-x-6-cm-salamandra-arquitetura-barcelona","status":"publish","type":"product","link":"https:\/\/olemosaic.orbitalia.org\/pt-pt\/produto\/4-sacos-de-coco-de-13-x-6-cm-salamandra-arquitetura-barcelona\/","title":{"rendered":"4 sacos de coco de 13 x 6 cm. Salamandra. Arquitetura. Barcelona."},"content":{"rendered":"<p>Este encantador conjunto de quatro ta\u00e7as de coco de 13 x 6 cm \u00e9 uma representa\u00e7\u00e3o vibrante da cultura de Barcelona, decorada com motivos de salamandra e elementos inspirados na arquitetura ic\u00f3nica da cidade. Cada ta\u00e7a apresenta um design pintado \u00e0 m\u00e3o que se destaca pela sua variada paleta de cores, incluindo azuis intensos, amarelos ensolarados e flores estilizadas que lembram os mosaicos de Antoni Gaud\u00ed. No centro de cada pe\u00e7a, a inscri\u00e7\u00e3o &#8220;Barcelona&#8221; est\u00e1 elegantemente disposta, acrescentando um toque de autenticidade e uma lembran\u00e7a constante desta bela cidade.  <\/p>\n<p>Estas ta\u00e7as n\u00e3o s\u00e3o apenas funcionais, ideais para servir petiscos ou como elementos decorativos em qualquer casa, mas s\u00e3o tamb\u00e9m uma excelente recorda\u00e7\u00e3o que capta a ess\u00eancia de Barcelona. As salamandras, s\u00edmbolos de boa sorte, entrela\u00e7am tradi\u00e7\u00e3o e modernidade, tornando cada ta\u00e7a \u00fanica na sua beleza. Como uma lembran\u00e7a representativa da capital catal\u00e3, este conjunto \u00e9 perfeito para os turistas que procuram levar para casa um peda\u00e7o da vibrante cultura e arte de Barcelona.  <\/p>\n<p>Na Ol\u00e9 Mosaic somos especialistas na distribui\u00e7\u00e3o grossista de lembran\u00e7as, e este conjunto de ta\u00e7as de coco \u00e9 uma excelente op\u00e7\u00e3o para as lojas de lembran\u00e7as tur\u00edsticas que queiram oferecer produtos aut\u00eanticos e culturalmente significativos. Ao oferecer estas lembran\u00e7as de Barcelona, o turista poder\u00e1 recordar a sua visita e embelezar a sua casa com arte e tradi\u00e7\u00e3o. <\/p>\n","protected":false},"excerpt":{"rendered":"<p>Conjunto de quatro ta\u00e7as de coco de 13 x 6 cm, decoradas com motivos de salamandra e elementos de mosaico inspirados na arquitetura de Barcelona. Cada ta\u00e7a apresenta um desenho artesanal, pintado \u00e0 m\u00e3o, que se destaca pelas suas cores vibrantes e variadas, incluindo tons de azul e amarelo, bem como flores estilizadas. As inscri\u00e7\u00f5es &#8220;Barcelona&#8221; est\u00e3o elegantemente dispostas no centro, tornando este conjunto numa pe\u00e7a funcional e decorativa perfeita para trazer um pouco da cidade para a tua casa.  <\/p>\n","protected":false},"featured_media":10700,"template":"","meta":{"_acf_changed":false},"product_brand":[],"product_cat":[513],"product_tag":[516],"class_list":{"0":"post-24280","1":"product","2":"type-product","3":"status-publish","4":"has-post-thumbnail","6":"product_cat-bols","7":"product_tag-animais","8":"pa_ciudad-barcelona","9":"pa_motivo-salamandras","10":"pa_pais-espana","12":"first","13":"instock","14":"shipping-taxable","15":"product-type-simple"},"acf":[],"_links":{"self":[{"href":"https:\/\/olemosaic.orbitalia.org\/pt-pt\/wp-json\/wp\/v2\/product\/24280","targetHints":{"allow":["GET"]}}],"collection":[{"href":"https:\/\/olemosaic.orbitalia.org\/pt-pt\/wp-json\/wp\/v2\/product"}],"about":[{"href":"https:\/\/olemosaic.orbitalia.org\/pt-pt\/wp-json\/wp\/v2\/types\/product"}],"wp:featuredmedia":[{"embeddable":true,"href":"https:\/\/olemosaic.orbitalia.org\/pt-pt\/wp-json\/wp\/v2\/media\/10700"}],"wp:attachment":[{"href":"https:\/\/olemosaic.orbitalia.org\/pt-pt\/wp-json\/wp\/v2\/media?parent=24280"}],"wp:term":[{"taxonomy":"product_brand","embeddable":true,"href":"https:\/\/olemosaic.orbitalia.org\/pt-pt\/wp-json\/wp\/v2\/product_brand?post=24280"},{"taxonomy":"product_cat","embeddable":true,"href":"https:\/\/olemosaic.orbitalia.org\/pt-pt\/wp-json\/wp\/v2\/product_cat?post=24280"},{"taxonomy":"product_tag","embeddable":true,"href":"https:\/\/olemosaic.orbitalia.org\/pt-pt\/wp-json\/wp\/v2\/product_tag?post=24280"}],"curies":[{"name":"wp","href":"https:\/\/api.w.org\/{rel}","templated":true}]}}