{"id":24238,"date":"2025-02-20T23:31:50","date_gmt":"2025-02-20T22:31:50","guid":{"rendered":"https:\/\/olemosaic.orbitalia.org\/producto\/porta-chaves-em-madeira-olha-o-bulldog\/"},"modified":"2025-02-20T23:31:50","modified_gmt":"2025-02-20T22:31:50","slug":"porta-chaves-em-madeira-olha-o-bulldog","status":"publish","type":"product","link":"https:\/\/olemosaic.orbitalia.org\/pt-pt\/produto\/porta-chaves-em-madeira-olha-o-bulldog\/","title":{"rendered":"Porta-chaves em madeira. Olha o Bulldog."},"content":{"rendered":"<p>Este encantador porta-chaves de madeira com design de bulldog \u00e9 uma pe\u00e7a \u00fanica que combina arte e funcionalidade, representando um mosaico colorido que ir\u00e1 cativar os amantes dos animais. Pintado \u00e0 m\u00e3o em tons vibrantes de vermelho, azul, amarelo e verde, este porta-chaves evoca a est\u00e9tica da arte moderna, destacando a figura de um bulldog num estilo distinto. Cada detalhe do design mostra um trabalho artesanal especializado, onde formas angulares e cores vivas se juntam para criar um objeto visualmente atraente e cheio de personalidade.  <\/p>\n<p>Ideal como lembran\u00e7a, este porta-chaves de buldogue n\u00e3o s\u00f3 \u00e9 pr\u00e1tico para transportar as chaves, como tamb\u00e9m se torna uma recorda\u00e7\u00e3o inesquec\u00edvel que representa a criatividade cultural e art\u00edstica da sua origem. A sua originalidade torna-o perfeito para os turistas que procuram uma homenagem representativa da sua experi\u00eancia em Espanha ou Portugal. <\/p>\n<p>Na Ol\u00e9 MOSAIC somos especialistas na distribui\u00e7\u00e3o grossista de lembran\u00e7as, e este porta-chaves de bulldog \u00e9 uma excelente proposta para as lojas de lembran\u00e7as tur\u00edsticas que desejam oferecer produtos aut\u00eanticos e relevantes. Envolve os teus clientes com um porta-chaves que n\u00e3o \u00e9 apenas funcional, mas tamb\u00e9m uma obra de arte que fala da rica cultura local, tornando-o um presente ideal para qualquer ocasi\u00e3o. <\/p>\n","protected":false},"excerpt":{"rendered":"<p>Porta-chaves em madeira com desenho de um bulldog, representando um mosaico colorido. Este encantador porta-chaves artesanal, pintado \u00e0 m\u00e3o, apresenta a figura de um bulldog em tons vibrantes de vermelho, azul, amarelo e verde, evocando a est\u00e9tica da arte moderna. Ideal para os amantes dos animais, esta lembran\u00e7a destaca-se pela sua originalidade e detalhe, tornando-a um acess\u00f3rio perfeito para transportares as tuas chaves com estilo.  <\/p>\n","protected":false},"featured_media":10783,"template":"","meta":{"_acf_changed":false},"product_brand":[],"product_cat":[611],"product_tag":[516],"class_list":{"0":"post-24238","1":"product","2":"type-product","3":"status-publish","4":"has-post-thumbnail","6":"product_cat-porta-chaves","7":"product_tag-animais","8":"pa_motivo-bulldogs","10":"first","11":"instock","12":"shipping-taxable","13":"product-type-simple"},"acf":[],"_links":{"self":[{"href":"https:\/\/olemosaic.orbitalia.org\/pt-pt\/wp-json\/wp\/v2\/product\/24238","targetHints":{"allow":["GET"]}}],"collection":[{"href":"https:\/\/olemosaic.orbitalia.org\/pt-pt\/wp-json\/wp\/v2\/product"}],"about":[{"href":"https:\/\/olemosaic.orbitalia.org\/pt-pt\/wp-json\/wp\/v2\/types\/product"}],"wp:featuredmedia":[{"embeddable":true,"href":"https:\/\/olemosaic.orbitalia.org\/pt-pt\/wp-json\/wp\/v2\/media\/10783"}],"wp:attachment":[{"href":"https:\/\/olemosaic.orbitalia.org\/pt-pt\/wp-json\/wp\/v2\/media?parent=24238"}],"wp:term":[{"taxonomy":"product_brand","embeddable":true,"href":"https:\/\/olemosaic.orbitalia.org\/pt-pt\/wp-json\/wp\/v2\/product_brand?post=24238"},{"taxonomy":"product_cat","embeddable":true,"href":"https:\/\/olemosaic.orbitalia.org\/pt-pt\/wp-json\/wp\/v2\/product_cat?post=24238"},{"taxonomy":"product_tag","embeddable":true,"href":"https:\/\/olemosaic.orbitalia.org\/pt-pt\/wp-json\/wp\/v2\/product_tag?post=24238"}],"curies":[{"name":"wp","href":"https:\/\/api.w.org\/{rel}","templated":true}]}}