{"id":24232,"date":"2025-02-20T23:31:49","date_gmt":"2025-02-20T22:31:49","guid":{"rendered":"https:\/\/olemosaic.orbitalia.org\/producto\/galo-figura-em-mosaico-de-7-cm\/"},"modified":"2025-02-20T23:31:49","modified_gmt":"2025-02-20T22:31:49","slug":"galo-figura-em-mosaico-de-7-cm","status":"publish","type":"product","link":"https:\/\/olemosaic.orbitalia.org\/pt-pt\/produto\/galo-figura-em-mosaico-de-7-cm\/","title":{"rendered":"Galo. Figura em mosaico de 7 cm."},"content":{"rendered":"<p>Este encantador galo de resina com 7 cm de altura \u00e9 uma pe\u00e7a \u00fanica que capta a ess\u00eancia vibrante da cultura portuguesa. Pintado \u00e0 m\u00e3o com uma explos\u00e3o de motivos coloridos em tons de vermelho, verde, amarelo e azul, destaca-se pelo seu design em mosaico, evocando a tradi\u00e7\u00e3o do famoso Gallo de Barcelos, um s\u00edmbolo universal de boa sorte e prosperidade. Cada detalhe da sua pitoresca figura foi cuidadosamente trabalhado, real\u00e7ando o seu apelo visual e reflectindo a rica heran\u00e7a do artesanato portugu\u00eas. Este galo n\u00e3o \u00e9 apenas um elemento decorativo alegre para qualquer casa, mas tamb\u00e9m funciona como um amuleto que evoca as lendas e o folclore da regi\u00e3o. O seu corpo estilizado e as suas cores vivas d\u00e3o-lhe um ar festivo, ideal para dar um toque de alegria a qualquer espa\u00e7o. Na Ol\u00e9 Mosaic, somos especializados na distribui\u00e7\u00e3o de lembran\u00e7as de alta qualidade, e esta estatueta \u00e9 uma excelente lembran\u00e7a de Portugal, perfeita para os turistas que procuram lembran\u00e7as aut\u00eanticas que representem a cultura e a tradi\u00e7\u00e3o locais. Como distribuidor grossista de lembran\u00e7as, garantimos que cada galo de resina cumpre os padr\u00f5es de qualidade e autenticidade, tornando-o uma escolha ideal para lojas de lembran\u00e7as tur\u00edsticas que desejam oferecer um peda\u00e7o de Portugal aos seus clientes.      <\/p>\n","protected":false},"excerpt":{"rendered":"<p>Estatueta de galo de 7 cm, feita \u00e0 m\u00e3o e pintada \u00e0 m\u00e3o, com motivos coloridos que simbolizam a cultura portuguesa. Este galo vibrante, famoso pelos seus tons de vermelho, verde, amarelo e azul, destaca-se pelo seu desenho em mosaico, representando a tradi\u00e7\u00e3o do Gallo de Barcelos, um \u00edcone de boa sorte. A figura \u00e9 ideal para decorar qualquer espa\u00e7o e d\u00e1 um toque alegre e aut\u00eantico \u00e0 tua casa.  <\/p>\n","protected":false},"featured_media":9453,"template":"","meta":{"_acf_changed":false},"product_brand":[],"product_cat":[552],"product_tag":[516],"class_list":{"0":"post-24232","1":"product","2":"type-product","3":"status-publish","4":"has-post-thumbnail","6":"product_cat-numeros","7":"product_tag-animais","8":"pa_motivo-galos","10":"first","11":"instock","12":"shipping-taxable","13":"product-type-simple"},"acf":[],"_links":{"self":[{"href":"https:\/\/olemosaic.orbitalia.org\/pt-pt\/wp-json\/wp\/v2\/product\/24232","targetHints":{"allow":["GET"]}}],"collection":[{"href":"https:\/\/olemosaic.orbitalia.org\/pt-pt\/wp-json\/wp\/v2\/product"}],"about":[{"href":"https:\/\/olemosaic.orbitalia.org\/pt-pt\/wp-json\/wp\/v2\/types\/product"}],"wp:featuredmedia":[{"embeddable":true,"href":"https:\/\/olemosaic.orbitalia.org\/pt-pt\/wp-json\/wp\/v2\/media\/9453"}],"wp:attachment":[{"href":"https:\/\/olemosaic.orbitalia.org\/pt-pt\/wp-json\/wp\/v2\/media?parent=24232"}],"wp:term":[{"taxonomy":"product_brand","embeddable":true,"href":"https:\/\/olemosaic.orbitalia.org\/pt-pt\/wp-json\/wp\/v2\/product_brand?post=24232"},{"taxonomy":"product_cat","embeddable":true,"href":"https:\/\/olemosaic.orbitalia.org\/pt-pt\/wp-json\/wp\/v2\/product_cat?post=24232"},{"taxonomy":"product_tag","embeddable":true,"href":"https:\/\/olemosaic.orbitalia.org\/pt-pt\/wp-json\/wp\/v2\/product_tag?post=24232"}],"curies":[{"name":"wp","href":"https:\/\/api.w.org\/{rel}","templated":true}]}}