{"id":24187,"date":"2025-02-20T23:31:53","date_gmt":"2025-02-20T22:31:53","guid":{"rendered":"https:\/\/olemosaic.orbitalia.org\/producto\/taca-de-coco-de-coracoes-ilha-mallorca\/"},"modified":"2025-02-20T23:31:53","modified_gmt":"2025-02-20T22:31:53","slug":"taca-de-coco-de-coracoes-ilha-mallorca","status":"publish","type":"product","link":"https:\/\/olemosaic.orbitalia.org\/pt-pt\/produto\/taca-de-coco-de-coracoes-ilha-mallorca\/","title":{"rendered":"Ta\u00e7a de coco de cora\u00e7\u00f5es. Ilha. Mallorca."},"content":{"rendered":"<p>Esta espetacular ta\u00e7a de coco decorada com cora\u00e7\u00f5es \u00e9 um verdadeiro s\u00edmbolo da beleza de Maiorca. Feita \u00e0 m\u00e3o, o seu design \u00e9 real\u00e7ado pela elegante base de coco polido que real\u00e7a o calor do material natural. A singularidade desta pe\u00e7a reside no seu intrincado motivo de mosaico, composto por cora\u00e7\u00f5es coloridos em tons de azul, laranja e castanho, evocando a flora vibrante e a diversidade cultural da ilha. No centro, a silhueta de Maiorca, meticulosamente pintada \u00e0 m\u00e3o, est\u00e1 inscrita com o nome &#8220;Mallorca&#8221;, um pormenor que faz desta ta\u00e7a uma recorda\u00e7\u00e3o tang\u00edvel da ilha.   <\/p>\n<p>Esta tigela n\u00e3o \u00e9 apenas uma pe\u00e7a decorativa, mas tamb\u00e9m representa um peda\u00e7o da tradi\u00e7\u00e3o do artesanato das Baleares. O seu design mediterr\u00e2nico d\u00e1 um toque de eleg\u00e2ncia e frescura a qualquer casa, sendo perfeito para quem procura lembran\u00e7as aut\u00eanticas que contam uma hist\u00f3ria. Na Ol\u00e9 MOSAIC distribu\u00edmos esta ta\u00e7a de coco nas lojas de presentes tur\u00edsticos, oferecendo-te um produto que combina funcionalidade e est\u00e9tica. Esta ta\u00e7a de cora\u00e7\u00f5es \u00e9 uma excelente escolha para os turistas que desejam levar para casa um peda\u00e7o da cultura maiorquina, garantindo uma lembran\u00e7a inesquec\u00edvel da sua visita \u00e0 ilha.   <\/p>\n","protected":false},"excerpt":{"rendered":"<p>Ta\u00e7a de coco decorada com cora\u00e7\u00f5es coloridos, representando a beleza de Maiorca. Esta pe\u00e7a artesanal combina um design elegante com as carater\u00edsticas da arte insular, apresentando uma base de coco polido e um motivo de mosaico em tons de azul, laranja e castanho. No centro, a silhueta da ilha com a inscri\u00e7\u00e3o &#8220;Mallorca&#8221;, tudo pintado e trabalhado \u00e0 m\u00e3o, o que lhe confere um toque \u00fanico e distinto. Ideal para dar um toque mediterr\u00e2nico a qualquer casa.   <\/p>\n","protected":false},"featured_media":10309,"template":"","meta":{"_acf_changed":false},"product_brand":[],"product_cat":[513],"product_tag":[],"class_list":{"0":"post-24187","1":"product","2":"type-product","3":"status-publish","4":"has-post-thumbnail","6":"product_cat-bols","7":"pa_ciudad-mallorca","8":"pa_motivo-ilhas","9":"pa_pais-espana","11":"first","12":"instock","13":"shipping-taxable","14":"product-type-simple"},"acf":[],"_links":{"self":[{"href":"https:\/\/olemosaic.orbitalia.org\/pt-pt\/wp-json\/wp\/v2\/product\/24187","targetHints":{"allow":["GET"]}}],"collection":[{"href":"https:\/\/olemosaic.orbitalia.org\/pt-pt\/wp-json\/wp\/v2\/product"}],"about":[{"href":"https:\/\/olemosaic.orbitalia.org\/pt-pt\/wp-json\/wp\/v2\/types\/product"}],"wp:featuredmedia":[{"embeddable":true,"href":"https:\/\/olemosaic.orbitalia.org\/pt-pt\/wp-json\/wp\/v2\/media\/10309"}],"wp:attachment":[{"href":"https:\/\/olemosaic.orbitalia.org\/pt-pt\/wp-json\/wp\/v2\/media?parent=24187"}],"wp:term":[{"taxonomy":"product_brand","embeddable":true,"href":"https:\/\/olemosaic.orbitalia.org\/pt-pt\/wp-json\/wp\/v2\/product_brand?post=24187"},{"taxonomy":"product_cat","embeddable":true,"href":"https:\/\/olemosaic.orbitalia.org\/pt-pt\/wp-json\/wp\/v2\/product_cat?post=24187"},{"taxonomy":"product_tag","embeddable":true,"href":"https:\/\/olemosaic.orbitalia.org\/pt-pt\/wp-json\/wp\/v2\/product_tag?post=24187"}],"curies":[{"name":"wp","href":"https:\/\/api.w.org\/{rel}","templated":true}]}}