{"id":24185,"date":"2025-02-20T23:31:50","date_gmt":"2025-02-20T22:31:50","guid":{"rendered":"https:\/\/olemosaic.orbitalia.org\/producto\/porta-chaves-em-madeira-borboleta\/"},"modified":"2025-02-20T23:31:50","modified_gmt":"2025-02-20T22:31:50","slug":"porta-chaves-em-madeira-borboleta","status":"publish","type":"product","link":"https:\/\/olemosaic.orbitalia.org\/pt-pt\/produto\/porta-chaves-em-madeira-borboleta\/","title":{"rendered":"Porta-chaves em madeira. Borboleta."},"content":{"rendered":"<p>Este encantador porta-chaves de madeira em forma de borboleta \u00e9 uma representa\u00e7\u00e3o vibrante da t\u00e9cnica trencad\u00eds, um estilo arquitet\u00f3nico ic\u00f3nico popularizado pelo famoso artista Antoni Gaud\u00ed. O design do porta-chaves apresenta uma paleta de cores rica em amarelo, vermelho, azul e verde, disposta em mosaicos que evocam a beleza natural e a diversidade da paisagem espanhola. A silhueta delicada da borboleta destaca-se sobre um fundo branco, dando-lhe um toque contempor\u00e2neo e art\u00edstico que a torna uma recorda\u00e7\u00e3o atractiva de Espanha.  <\/p>\n<p>Cada detalhe do porta-chaves foi cuidadosamente trabalhado, capturando a ess\u00eancia do modernismo catal\u00e3o e representando uma liga\u00e7\u00e3o \u00fanica \u00e0 cultura de Barcelona. Este porta-chaves n\u00e3o \u00e9 apenas funcional, mas serve tamb\u00e9m para recordar o esplendor da arte de Gaud\u00ed, perfeito para aqueles que procuram um toque de criatividade e autenticidade nas suas recorda\u00e7\u00f5es. <\/p>\n<p>Na Ol\u00e9 Mosaic somos especialistas na distribui\u00e7\u00e3o por grosso de lembran\u00e7as de grande qualidade, e este porta-chaves em forma de borboleta \u00e9 uma excelente op\u00e7\u00e3o para as lojas de lembran\u00e7as tur\u00edsticas que queiram oferecer produtos \u00fanicos e representativos da cultura espanhola. Esta lembran\u00e7a cl\u00e1ssica \u00e9 ideal para quem procura uma pe\u00e7a aut\u00eantica e colorida que capte a ess\u00eancia do rico patrim\u00f3nio cultural de Espanha, sendo um presente perfeito para turistas e viajantes. <\/p>\n","protected":false},"excerpt":{"rendered":"<p>Porta-chaves em madeira com a forma de uma borboleta, inspirado na famosa t\u00e9cnica trencad\u00eds de Gaud\u00ed. Este porta-chaves colorido apresenta um design vibrante com uma vasta gama de cores, incluindo amarelo, vermelho, azul e verde, dispostos em padr\u00f5es que evocam a beleza da natureza. A delicada silhueta da borboleta destaca-se sobre um fundo branco, dando um toque art\u00edstico a esta pr\u00e1tica lembran\u00e7a de origem espanhola. Ideal para quem procura uma recorda\u00e7\u00e3o da rica cultura espanhola.   <\/p>\n","protected":false},"featured_media":10981,"template":"","meta":{"_acf_changed":false},"product_brand":[],"product_cat":[611],"product_tag":[516],"class_list":{"0":"post-24185","1":"product","2":"type-product","3":"status-publish","4":"has-post-thumbnail","6":"product_cat-porta-chaves","7":"product_tag-animais","8":"pa_motivo-borboletas","10":"first","11":"instock","12":"shipping-taxable","13":"product-type-simple"},"acf":[],"_links":{"self":[{"href":"https:\/\/olemosaic.orbitalia.org\/pt-pt\/wp-json\/wp\/v2\/product\/24185","targetHints":{"allow":["GET"]}}],"collection":[{"href":"https:\/\/olemosaic.orbitalia.org\/pt-pt\/wp-json\/wp\/v2\/product"}],"about":[{"href":"https:\/\/olemosaic.orbitalia.org\/pt-pt\/wp-json\/wp\/v2\/types\/product"}],"wp:featuredmedia":[{"embeddable":true,"href":"https:\/\/olemosaic.orbitalia.org\/pt-pt\/wp-json\/wp\/v2\/media\/10981"}],"wp:attachment":[{"href":"https:\/\/olemosaic.orbitalia.org\/pt-pt\/wp-json\/wp\/v2\/media?parent=24185"}],"wp:term":[{"taxonomy":"product_brand","embeddable":true,"href":"https:\/\/olemosaic.orbitalia.org\/pt-pt\/wp-json\/wp\/v2\/product_brand?post=24185"},{"taxonomy":"product_cat","embeddable":true,"href":"https:\/\/olemosaic.orbitalia.org\/pt-pt\/wp-json\/wp\/v2\/product_cat?post=24185"},{"taxonomy":"product_tag","embeddable":true,"href":"https:\/\/olemosaic.orbitalia.org\/pt-pt\/wp-json\/wp\/v2\/product_tag?post=24185"}],"curies":[{"name":"wp","href":"https:\/\/api.w.org\/{rel}","templated":true}]}}