{"id":24177,"date":"2025-02-20T23:31:50","date_gmt":"2025-02-20T22:31:50","guid":{"rendered":"https:\/\/olemosaic.orbitalia.org\/producto\/chavena-de-ceramica-bailaora-madrid-bege\/"},"modified":"2025-02-20T23:31:50","modified_gmt":"2025-02-20T22:31:50","slug":"chavena-de-ceramica-bailaora-madrid-bege","status":"publish","type":"product","link":"https:\/\/olemosaic.orbitalia.org\/pt-pt\/produto\/chavena-de-ceramica-bailaora-madrid-bege\/","title":{"rendered":"Ch\u00e1vena de cer\u00e2mica. Bailaora. Madrid. Bege."},"content":{"rendered":"<p>Esta encantadora caneca de cer\u00e2mica apresenta uma ilustra\u00e7\u00e3o vibrante de uma bailarina de flamenco, captando a ess\u00eancia cultural de Madrid de uma forma extraordin\u00e1ria. Com um fundo bege que real\u00e7a a sua eleg\u00e2ncia, esta caneca pintada \u00e0 m\u00e3o apresenta um design arrojado que inclui a imagem de uma bailarina de flamenco num vestido colorido adornado com flores vermelhas, representando a paix\u00e3o e a arte do flamenco. A palavra &#8220;MADRID&#8221;, impressa em letras alegres, acrescenta um toque divertido e atrativo, fazendo desta caneca uma excelente recorda\u00e7\u00e3o da capital espanhola.  <\/p>\n<p>\u00c9 um produto concebido n\u00e3o s\u00f3 para ser funcional, mas tamb\u00e9m para evocar a rica tradi\u00e7\u00e3o cultural do flamenco, um s\u00edmbolo da identidade espanhola. Ideal para saborear caf\u00e9, ch\u00e1 ou qualquer bebida quente, esta caneca inclui tamb\u00e9m uma colher de cer\u00e2mica a condizer, perfeita para complementar a sua utiliza\u00e7\u00e3o di\u00e1ria. Como lembran\u00e7a de Madrid, esta caneca \u00e9 uma escolha excecional para os turistas que procuram levar um pouco da cultura madrilena para casa. Na Ol\u00e9 Mosaic, dedicamo-nos \u00e0 distribui\u00e7\u00e3o de lembran\u00e7as por grosso, oferecendo artigos aut\u00eanticos que representam a beleza e a diversidade de Espanha, como esta encantadora caneca bailaora, perfeita para as lojas de lembran\u00e7as tur\u00edsticas que procuram oferecer produtos aut\u00eanticos e de qualidade.   <\/p>\n","protected":false},"excerpt":{"rendered":"<p>Caneca de cer\u00e2mica com uma ilustra\u00e7\u00e3o vibrante de uma dan\u00e7arina de flamenco, representando a ess\u00eancia cultural de Madrid. Esta encantadora caneca em tons de bege apresenta um desenho artesanal pintado \u00e0 m\u00e3o com pormenores coloridos do traje e flores vermelhas a adornar a cena. A palavra &#8220;MADRID&#8221; est\u00e1 impressa em letras alegres, complementando o seu atrativo art\u00edstico. Inclui uma colher de cer\u00e2mica a condizer, perfeita para desfrutares da tua bebida preferida com estilo.   <\/p>\n","protected":false},"featured_media":6828,"template":"","meta":{"_acf_changed":false},"product_brand":[],"product_cat":[726],"product_tag":[515],"class_list":{"0":"post-24177","1":"product","2":"type-product","3":"status-publish","4":"has-post-thumbnail","6":"product_cat-mugs","7":"product_tag-ceramica","8":"pa_ciudad-madrid","9":"pa_motivo-dancarinos","10":"pa_pais-espana","12":"first","13":"instock","14":"shipping-taxable","15":"product-type-simple"},"acf":[],"_links":{"self":[{"href":"https:\/\/olemosaic.orbitalia.org\/pt-pt\/wp-json\/wp\/v2\/product\/24177","targetHints":{"allow":["GET"]}}],"collection":[{"href":"https:\/\/olemosaic.orbitalia.org\/pt-pt\/wp-json\/wp\/v2\/product"}],"about":[{"href":"https:\/\/olemosaic.orbitalia.org\/pt-pt\/wp-json\/wp\/v2\/types\/product"}],"wp:featuredmedia":[{"embeddable":true,"href":"https:\/\/olemosaic.orbitalia.org\/pt-pt\/wp-json\/wp\/v2\/media\/6828"}],"wp:attachment":[{"href":"https:\/\/olemosaic.orbitalia.org\/pt-pt\/wp-json\/wp\/v2\/media?parent=24177"}],"wp:term":[{"taxonomy":"product_brand","embeddable":true,"href":"https:\/\/olemosaic.orbitalia.org\/pt-pt\/wp-json\/wp\/v2\/product_brand?post=24177"},{"taxonomy":"product_cat","embeddable":true,"href":"https:\/\/olemosaic.orbitalia.org\/pt-pt\/wp-json\/wp\/v2\/product_cat?post=24177"},{"taxonomy":"product_tag","embeddable":true,"href":"https:\/\/olemosaic.orbitalia.org\/pt-pt\/wp-json\/wp\/v2\/product_tag?post=24177"}],"curies":[{"name":"wp","href":"https:\/\/api.w.org\/{rel}","templated":true}]}}