{"id":24158,"date":"2025-02-20T23:31:59","date_gmt":"2025-02-20T22:31:59","guid":{"rendered":"https:\/\/olemosaic.orbitalia.org\/producto\/iman-em-ceramica-salamandra-e-flores-gaudi-barcelona-branco\/"},"modified":"2025-02-20T23:31:59","modified_gmt":"2025-02-20T22:31:59","slug":"iman-em-ceramica-salamandra-e-flores-gaudi-barcelona-branco","status":"publish","type":"product","link":"https:\/\/olemosaic.orbitalia.org\/pt-pt\/produto\/iman-em-ceramica-salamandra-e-flores-gaudi-barcelona-branco\/","title":{"rendered":"\u00cdman em cer\u00e2mica. Salamandra e flores. Gaud\u00ed. Barcelona. Branco."},"content":{"rendered":"<p>Este \u00edman de cer\u00e2mica, decorado com uma salamandra colorida e flores, \u00e9 uma recorda\u00e7\u00e3o encantadora de Barcelona, concebida para captar a ess\u00eancia vibrante desta cidade ic\u00f3nica. A sua superf\u00edcie branca serve de tela para um mosaico de cores vivas, com tons marcantes de verde, azul, vermelho e amarelo, evocando a rica heran\u00e7a art\u00edstica do modernismo catal\u00e3o. A salamandra, s\u00edmbolo da criatividade de Barcelona e frequentemente associada \u00e0 obra de Antoni Gaud\u00ed, \u00e9 elegantemente ilustrada no centro, rodeada por flores coloridas que lhe conferem um ar fresco e alegre.  <\/p>\n<p>A palavra &#8220;Barcelona&#8221; est\u00e1 gravada em tipografia simples na parte inferior, acrescentando um toque distintivo que real\u00e7a a autenticidade deste \u00edman. Este artigo n\u00e3o \u00e9 apenas um acess\u00f3rio decorativo para a casa, mas tamb\u00e9m uma lembran\u00e7a significativa que liga os turistas \u00e0 rica cultura da cidade, tornando-se uma excelente escolha para coleccionadores e amantes de Barcelona. Na Ol\u00e9 Mosaic somos especialistas na distribui\u00e7\u00e3o de lembran\u00e7as por grosso, oferecendo produtos \u00fanicos que reflectem a identidade cultural de cada regi\u00e3o. Este \u00edman de cer\u00e2mica \u00e9 uma escolha ideal para as lojas de lembran\u00e7as tur\u00edsticas que procuram dar um toque aut\u00eantico e art\u00edstico \u00e0 sua oferta de lembran\u00e7as de Barcelona.   <\/p>\n","protected":false},"excerpt":{"rendered":"<p>\u00cdman em cer\u00e2mica decorado com uma salamandra colorida e flores, inspirado na cultura vibrante de Barcelona. Este \u00edman apresenta um desenho em mosaico sobre um fundo branco, real\u00e7ando os detalhes em tons vivos de verde e azul, evocando a ess\u00eancia art\u00edstica da cidade. A palavra &#8220;Barcelona&#8221; est\u00e1 gravada em tipografia simples, dando um toque distinto a esta encantadora lembran\u00e7a. Ideal para coleccionadores e amantes da cidade.   <\/p>\n","protected":false},"featured_media":8092,"template":"","meta":{"_acf_changed":false},"product_brand":[],"product_cat":[699],"product_tag":[516,515],"class_list":{"0":"post-24158","1":"product","2":"type-product","3":"status-publish","4":"has-post-thumbnail","6":"product_cat-imanes","7":"product_tag-animais","8":"product_tag-ceramica","9":"pa_ciudad-barcelona","10":"pa_motivo-salamandras","11":"pa_pais-espana","13":"first","14":"instock","15":"shipping-taxable","16":"product-type-simple"},"acf":[],"_links":{"self":[{"href":"https:\/\/olemosaic.orbitalia.org\/pt-pt\/wp-json\/wp\/v2\/product\/24158","targetHints":{"allow":["GET"]}}],"collection":[{"href":"https:\/\/olemosaic.orbitalia.org\/pt-pt\/wp-json\/wp\/v2\/product"}],"about":[{"href":"https:\/\/olemosaic.orbitalia.org\/pt-pt\/wp-json\/wp\/v2\/types\/product"}],"wp:featuredmedia":[{"embeddable":true,"href":"https:\/\/olemosaic.orbitalia.org\/pt-pt\/wp-json\/wp\/v2\/media\/8092"}],"wp:attachment":[{"href":"https:\/\/olemosaic.orbitalia.org\/pt-pt\/wp-json\/wp\/v2\/media?parent=24158"}],"wp:term":[{"taxonomy":"product_brand","embeddable":true,"href":"https:\/\/olemosaic.orbitalia.org\/pt-pt\/wp-json\/wp\/v2\/product_brand?post=24158"},{"taxonomy":"product_cat","embeddable":true,"href":"https:\/\/olemosaic.orbitalia.org\/pt-pt\/wp-json\/wp\/v2\/product_cat?post=24158"},{"taxonomy":"product_tag","embeddable":true,"href":"https:\/\/olemosaic.orbitalia.org\/pt-pt\/wp-json\/wp\/v2\/product_tag?post=24158"}],"curies":[{"name":"wp","href":"https:\/\/api.w.org\/{rel}","templated":true}]}}