{"id":24151,"date":"2025-02-20T23:31:59","date_gmt":"2025-02-20T22:31:59","guid":{"rendered":"https:\/\/olemosaic.orbitalia.org\/producto\/iman-de-ceramica-touro-motivos-florais-branco\/"},"modified":"2025-02-20T23:31:59","modified_gmt":"2025-02-20T22:31:59","slug":"iman-de-ceramica-touro-motivos-florais-branco","status":"publish","type":"product","link":"https:\/\/olemosaic.orbitalia.org\/pt-pt\/produto\/iman-de-ceramica-touro-motivos-florais-branco\/","title":{"rendered":"\u00cdman de cer\u00e2mica. Touro. Motivos florais. Branco."},"content":{"rendered":"<p>Este \u00edman decorativo em cer\u00e2mica com o desenho de um touro \u00e9 um verdadeiro reflexo da ess\u00eancia cultural de Espanha. Com um touro estilizado vibrante no centro, destaca-se pela sua arte colorida, combinando elementos florais e um sol radiante, tudo sobre um fundo branco que real\u00e7a cada detalhe. A cer\u00e2mica de efeito pintado \u00e0 m\u00e3o utiliza formas geom\u00e9tricas e uma paleta de cores vivas, oferecendo uma representa\u00e7\u00e3o moderna e art\u00edstica do simbolismo das touradas t\u00e3o profundamente enraizado na tradi\u00e7\u00e3o espanhola.  <\/p>\n<p>As cores vivas do touro, que fundem tons de vermelho, verde, azul e amarelo, n\u00e3o s\u00f3 chamam a aten\u00e7\u00e3o, como tamb\u00e9m evocam a paix\u00e3o e a vitalidade da cultura espanhola. \u00c0 volta do touro, as flores d\u00e3o-lhe um toque de frescura e alegria, simbolizando a liga\u00e7\u00e3o \u00e0 terra e \u00e0s tradi\u00e7\u00f5es. Este \u00edman n\u00e3o \u00e9 apenas um objeto decorativo atraente, mas tamb\u00e9m uma recorda\u00e7\u00e3o aut\u00eantica que celebra a riqueza cultural de Espanha.  <\/p>\n<p>Perfeito para turistas e amantes do folclore espanhol, este \u00edman de cer\u00e2mica \u00e9 uma excelente escolha para quem procura lembran\u00e7as aut\u00eanticas e representativas das suas viagens. Na Ol\u00e9 Mosaic, como grossistas de lembran\u00e7as, oferecemos este \u00edman de tourada por atacado, ideal para lojas de lembran\u00e7as tur\u00edsticas que desejem oferecer produtos aut\u00eanticos e culturais. <\/p>\n","protected":false},"excerpt":{"rendered":"<p>\u00cdman decorativo de cer\u00e2mica com um desenho vibrante de um touro, perfeito para recordar a ess\u00eancia cultural de Espanha. Este \u00edman apresenta um touro estilizado, rodeado por elementos florais coloridos e um sol radiante, tudo sobre um fundo branco que real\u00e7a o seu brilho. Pintado de forma artesanal, o uso de formas geom\u00e9tricas e uma paleta de cores vivas oferecem uma representa\u00e7\u00e3o moderna e art\u00edstica do simbolismo das touradas. Uma recorda\u00e7\u00e3o ideal para os amantes da tradi\u00e7\u00e3o espanhola.   <\/p>\n","protected":false},"featured_media":8546,"template":"","meta":{"_acf_changed":false},"product_brand":[],"product_cat":[699],"product_tag":[516,515],"class_list":{"0":"post-24151","1":"product","2":"type-product","3":"status-publish","4":"has-post-thumbnail","6":"product_cat-imanes","7":"product_tag-animais","8":"product_tag-ceramica","9":"pa_motivo-touros","11":"first","12":"instock","13":"shipping-taxable","14":"product-type-simple"},"acf":[],"_links":{"self":[{"href":"https:\/\/olemosaic.orbitalia.org\/pt-pt\/wp-json\/wp\/v2\/product\/24151","targetHints":{"allow":["GET"]}}],"collection":[{"href":"https:\/\/olemosaic.orbitalia.org\/pt-pt\/wp-json\/wp\/v2\/product"}],"about":[{"href":"https:\/\/olemosaic.orbitalia.org\/pt-pt\/wp-json\/wp\/v2\/types\/product"}],"wp:featuredmedia":[{"embeddable":true,"href":"https:\/\/olemosaic.orbitalia.org\/pt-pt\/wp-json\/wp\/v2\/media\/8546"}],"wp:attachment":[{"href":"https:\/\/olemosaic.orbitalia.org\/pt-pt\/wp-json\/wp\/v2\/media?parent=24151"}],"wp:term":[{"taxonomy":"product_brand","embeddable":true,"href":"https:\/\/olemosaic.orbitalia.org\/pt-pt\/wp-json\/wp\/v2\/product_brand?post=24151"},{"taxonomy":"product_cat","embeddable":true,"href":"https:\/\/olemosaic.orbitalia.org\/pt-pt\/wp-json\/wp\/v2\/product_cat?post=24151"},{"taxonomy":"product_tag","embeddable":true,"href":"https:\/\/olemosaic.orbitalia.org\/pt-pt\/wp-json\/wp\/v2\/product_tag?post=24151"}],"curies":[{"name":"wp","href":"https:\/\/api.w.org\/{rel}","templated":true}]}}