{"id":24133,"date":"2025-02-20T22:31:56","date_gmt":"2025-02-20T22:31:56","guid":{"rendered":"https:\/\/olemosaic.orbitalia.org\/producto\/iman-de-ceramica-touro-branco\/"},"modified":"2025-02-20T22:31:56","modified_gmt":"2025-02-20T21:31:56","slug":"iman-de-ceramica-touro-branco","status":"publish","type":"product","link":"https:\/\/olemosaic.orbitalia.org\/pt-pt\/produto\/iman-de-ceramica-touro-branco\/","title":{"rendered":"\u00cdman de cer\u00e2mica. Touro. Branco."},"content":{"rendered":"<p>Este \u00edman de cer\u00e2mica com o desenho de um touro \u00e9 uma lembran\u00e7a espanhola distinta que capta a ess\u00eancia vibrante da cultura do pa\u00eds. Feito de cer\u00e2mica de alta qualidade, o \u00edman destaca-se pelo seu fundo branco, que real\u00e7a os mosaicos coloridos em tons de verde, vermelho e azul que formam a figura do touro, um s\u00edmbolo de for\u00e7a e tradi\u00e7\u00e3o em Espanha. A inclus\u00e3o de motivos florais na parte inferior d\u00e1 um toque de alegria e frescura, recordando a beleza das paisagens espanholas. No topo, um sol estilizado em tons de amarelo e laranja, rodeado pelo desenho, real\u00e7a o car\u00e1cter quente e acolhedor do clima espanhol, fundindo arte e tradi\u00e7\u00e3o num objeto decorativo \u00fanico.   <\/p>\n<p>Este \u00edman n\u00e3o \u00e9 apenas uma recorda\u00e7\u00e3o da tua visita a Espanha, mas tamb\u00e9m representa a import\u00e2ncia cultural do touro nas festas e no folclore locais, sendo um \u00edcone das touradas e de outras celebra\u00e7\u00f5es. Na Ol\u00e9 Mosaic oferecemos lembran\u00e7as de qualidade que reflectem a autenticidade da cultura espanhola, pelo que este \u00edman de cer\u00e2mica \u00e9 uma excelente op\u00e7\u00e3o para as lojas de lembran\u00e7as tur\u00edsticas. Ideal para os turistas que procuram uma lembran\u00e7a representativa e aut\u00eantica, este \u00edman de touro \u00e9 uma op\u00e7\u00e3o que se integrar\u00e1 perfeitamente em qualquer espa\u00e7o, levando consigo um pedacinho de Espanha.  <\/p>\n","protected":false},"excerpt":{"rendered":"<p>\u00cdman de cer\u00e2mica com um desenho vibrante de um touro, um s\u00edmbolo emblem\u00e1tico da cultura espanhola. Fabricado em cer\u00e2mica de alta qualidade, este \u00edman destaca-se pelo seu fundo branco que real\u00e7a os mosaicos coloridos em tons de verde, vermelho e azul do touro, adornado com motivos florais na parte da frente. Na parte superior, um sol estilizado em tons de amarelo e laranja funde a arte e a tradi\u00e7\u00e3o num \u00fanico objeto decorativo. Ideal para evocar a ess\u00eancia de Espanha em qualquer espa\u00e7o.   <\/p>\n","protected":false},"featured_media":8548,"template":"","meta":{"_acf_changed":false},"product_brand":[],"product_cat":[699],"product_tag":[516,515],"class_list":{"0":"post-24133","1":"product","2":"type-product","3":"status-publish","4":"has-post-thumbnail","6":"product_cat-imanes","7":"product_tag-animais","8":"product_tag-ceramica","9":"pa_motivo-touros","11":"first","12":"instock","13":"shipping-taxable","14":"product-type-simple"},"acf":[],"_links":{"self":[{"href":"https:\/\/olemosaic.orbitalia.org\/pt-pt\/wp-json\/wp\/v2\/product\/24133","targetHints":{"allow":["GET"]}}],"collection":[{"href":"https:\/\/olemosaic.orbitalia.org\/pt-pt\/wp-json\/wp\/v2\/product"}],"about":[{"href":"https:\/\/olemosaic.orbitalia.org\/pt-pt\/wp-json\/wp\/v2\/types\/product"}],"wp:featuredmedia":[{"embeddable":true,"href":"https:\/\/olemosaic.orbitalia.org\/pt-pt\/wp-json\/wp\/v2\/media\/8548"}],"wp:attachment":[{"href":"https:\/\/olemosaic.orbitalia.org\/pt-pt\/wp-json\/wp\/v2\/media?parent=24133"}],"wp:term":[{"taxonomy":"product_brand","embeddable":true,"href":"https:\/\/olemosaic.orbitalia.org\/pt-pt\/wp-json\/wp\/v2\/product_brand?post=24133"},{"taxonomy":"product_cat","embeddable":true,"href":"https:\/\/olemosaic.orbitalia.org\/pt-pt\/wp-json\/wp\/v2\/product_cat?post=24133"},{"taxonomy":"product_tag","embeddable":true,"href":"https:\/\/olemosaic.orbitalia.org\/pt-pt\/wp-json\/wp\/v2\/product_tag?post=24133"}],"curies":[{"name":"wp","href":"https:\/\/api.w.org\/{rel}","templated":true}]}}