{"id":24072,"date":"2025-02-20T22:31:54","date_gmt":"2025-02-20T22:31:54","guid":{"rendered":"https:\/\/olemosaic.orbitalia.org\/producto\/bola-de-natal-com-caixa-cavalo-marinho\/"},"modified":"2025-02-20T22:31:54","modified_gmt":"2025-02-20T21:31:54","slug":"bola-de-natal-com-caixa-cavalo-marinho","status":"publish","type":"product","link":"https:\/\/olemosaic.orbitalia.org\/pt-pt\/produto\/bola-de-natal-com-caixa-cavalo-marinho\/","title":{"rendered":"Bola de Natal com caixa. Cavalo marinho."},"content":{"rendered":"<p>Este ornamento de Natal \u00fanico, uma bola decorativa inspirada no trabalho do famoso arquiteto Antoni Gaud\u00ed, \u00e9 uma verdadeira joia que capta a ess\u00eancia do modernismo de Barcelona. Criada com um design vibrante em mosaico, apresenta encantadores cavalos-marinhos em tons de azul, vermelho e verde, evocando a riqueza da flora e fauna marinhas. Os detalhes do mosaico, com o seu acabamento mate, acrescentam um brilho subtil que real\u00e7a a pe\u00e7a, tornando-a um elemento distinto e art\u00edstico para decorar a \u00e1rvore de Natal.  <\/p>\n<p>Cada bola \u00e9 apresentada numa caixa elegante, ideal como presente ou como pe\u00e7a de cole\u00e7\u00e3o. Esta lembran\u00e7a n\u00e3o s\u00f3 representa a criatividade e a singularidade de Barcelona, como tamb\u00e9m presta homenagem ao legado de Gaud\u00ed, um emblema da arquitetura e da arte da cidade. O seu design ornamental \u00e9 perfeito para aqueles que procuram um toque especial para as suas festas.  <\/p>\n<p>Na Ol\u00e9 Mosaic, somos distribuidores de lembran\u00e7as aut\u00eanticas, como esta bola de Natal, ideal para lojas de presentes tur\u00edsticos. Ajudamos os nossos clientes a oferecer produtos que n\u00e3o s\u00e3o apenas decorativos, mas tamb\u00e9m contam hist\u00f3rias culturais, tornando este ornamento uma excelente escolha para aqueles que querem levar um pouco da magia de Barcelona para casa. <\/p>\n","protected":false},"excerpt":{"rendered":"<p>Bola de Natal decorativa com caixa, inspirada na obra do famoso arquiteto Antoni Gaud\u00ed. Este ornamento apresenta um design em mosaico com cavalos-marinhos em azul vibrante, vermelho e verde, evocando a ess\u00eancia da arte modernista de Barcelona. Com um acabamento mate e uma fita vermelha, oferece um toque festivo e distinto, perfeito para dar um toque art\u00edstico \u00e0 tua \u00e1rvore de Natal.  <\/p>\n","protected":false},"featured_media":9743,"template":"","meta":{"_acf_changed":false},"product_brand":[],"product_cat":[652],"product_tag":[516,642],"class_list":{"0":"post-24072","1":"product","2":"type-product","3":"status-publish","4":"has-post-thumbnail","6":"product_cat-bolas-de-natal","7":"product_tag-animais","8":"product_tag-natal","9":"pa_motivo-cavalos-marinhos","11":"first","12":"instock","13":"shipping-taxable","14":"product-type-simple"},"acf":[],"_links":{"self":[{"href":"https:\/\/olemosaic.orbitalia.org\/pt-pt\/wp-json\/wp\/v2\/product\/24072","targetHints":{"allow":["GET"]}}],"collection":[{"href":"https:\/\/olemosaic.orbitalia.org\/pt-pt\/wp-json\/wp\/v2\/product"}],"about":[{"href":"https:\/\/olemosaic.orbitalia.org\/pt-pt\/wp-json\/wp\/v2\/types\/product"}],"wp:featuredmedia":[{"embeddable":true,"href":"https:\/\/olemosaic.orbitalia.org\/pt-pt\/wp-json\/wp\/v2\/media\/9743"}],"wp:attachment":[{"href":"https:\/\/olemosaic.orbitalia.org\/pt-pt\/wp-json\/wp\/v2\/media?parent=24072"}],"wp:term":[{"taxonomy":"product_brand","embeddable":true,"href":"https:\/\/olemosaic.orbitalia.org\/pt-pt\/wp-json\/wp\/v2\/product_brand?post=24072"},{"taxonomy":"product_cat","embeddable":true,"href":"https:\/\/olemosaic.orbitalia.org\/pt-pt\/wp-json\/wp\/v2\/product_cat?post=24072"},{"taxonomy":"product_tag","embeddable":true,"href":"https:\/\/olemosaic.orbitalia.org\/pt-pt\/wp-json\/wp\/v2\/product_tag?post=24072"}],"curies":[{"name":"wp","href":"https:\/\/api.w.org\/{rel}","templated":true}]}}