{"id":24039,"date":"2025-02-20T22:31:57","date_gmt":"2025-02-20T22:31:57","guid":{"rendered":"https:\/\/olemosaic.orbitalia.org\/producto\/iman-de-ceramica-punt-de-trobada-barcelona-branco\/"},"modified":"2025-02-20T22:31:57","modified_gmt":"2025-02-20T21:31:57","slug":"iman-de-ceramica-punt-de-trobada-barcelona-branco","status":"publish","type":"product","link":"https:\/\/olemosaic.orbitalia.org\/pt-pt\/produto\/iman-de-ceramica-punt-de-trobada-barcelona-branco\/","title":{"rendered":"\u00cdman de cer\u00e2mica. Punt de trobada. Barcelona. Branco."},"content":{"rendered":"<p>Este \u00edman de cer\u00e2mica em forma de colher \u00e9 uma recorda\u00e7\u00e3o encantadora de Barcelona que capta a ess\u00eancia art\u00edstica da cidade atrav\u00e9s de um design inspirado nos famosos mosaicos de Gaud\u00ed. A sua forma estilizada faz lembrar a colher tradicional, um objeto do quotidiano que se torna uma verdadeira obra de arte quando adornado com uma paleta de cores vibrantes, incluindo vermelhos, azuis e amarelos sobre um fundo branco que real\u00e7a o seu apelo visual. No centro, h\u00e1 um delicado padr\u00e3o entrela\u00e7ado com motivos carater\u00edsticos da obra de Gaud\u00ed, transformando este \u00edman numa pe\u00e7a \u00fanica e representativa da arquitetura modernista catal\u00e3.  <\/p>\n<p>A palavra &#8220;Barcelona&#8221; est\u00e1 impressa de forma proeminente, acentuando ainda mais a tua liga\u00e7\u00e3o a esta cidade ic\u00f3nica. Este \u00edman n\u00e3o s\u00f3 \u00e9 ideal para decorar o teu frigor\u00edfico, como tamb\u00e9m \u00e9 um presente perfeito para os amantes da arte e da arquitetura, evocando mem\u00f3rias de passeios pelas vibrantes ruas de Barcelona. Na Ol\u00e9 Mosaic somos especialistas na distribui\u00e7\u00e3o de lembran\u00e7as por grosso, e este \u00edman de cer\u00e2mica \u00e9 uma excelente op\u00e7\u00e3o para as lojas de lembran\u00e7as tur\u00edsticas que procuram oferecer produtos aut\u00eanticos e representativos da cultura espanhola. Esta lembran\u00e7a de Barcelona \u00e9 a escolha perfeita para aqueles que querem levar um pouco da magia catal\u00e3 para casa.   <\/p>\n","protected":false},"excerpt":{"rendered":"<p>\u00cdman de cer\u00e2mica em forma de colher, decorado com um desenho colorido inspirado no famoso mosaico de Gaud\u00ed. Este atraente \u00edman apresenta uma paleta de cores vibrantes, incluindo vermelhos, azuis e amarelos, sobre um fundo branco que real\u00e7a a sua beleza. Com a palavra &#8220;Barcelona&#8221; impressa de forma proeminente, \u00e9 uma lembran\u00e7a ideal para recordar esta cidade ic\u00f3nica, perfeita para decorar o teu frigor\u00edfico ou como presente para os amantes da arquitetura e da arte catal\u00e3s.  <\/p>\n","protected":false},"featured_media":9154,"template":"","meta":{"_acf_changed":false},"product_brand":[],"product_cat":[699],"product_tag":[515],"class_list":{"0":"post-24039","1":"product","2":"type-product","3":"status-publish","4":"has-post-thumbnail","6":"product_cat-imanes","7":"product_tag-ceramica","8":"pa_ciudad-barcelona","9":"pa_motivo-punt-de-trobada","10":"pa_pais-espana","12":"first","13":"instock","14":"shipping-taxable","15":"product-type-simple"},"acf":[],"_links":{"self":[{"href":"https:\/\/olemosaic.orbitalia.org\/pt-pt\/wp-json\/wp\/v2\/product\/24039","targetHints":{"allow":["GET"]}}],"collection":[{"href":"https:\/\/olemosaic.orbitalia.org\/pt-pt\/wp-json\/wp\/v2\/product"}],"about":[{"href":"https:\/\/olemosaic.orbitalia.org\/pt-pt\/wp-json\/wp\/v2\/types\/product"}],"wp:featuredmedia":[{"embeddable":true,"href":"https:\/\/olemosaic.orbitalia.org\/pt-pt\/wp-json\/wp\/v2\/media\/9154"}],"wp:attachment":[{"href":"https:\/\/olemosaic.orbitalia.org\/pt-pt\/wp-json\/wp\/v2\/media?parent=24039"}],"wp:term":[{"taxonomy":"product_brand","embeddable":true,"href":"https:\/\/olemosaic.orbitalia.org\/pt-pt\/wp-json\/wp\/v2\/product_brand?post=24039"},{"taxonomy":"product_cat","embeddable":true,"href":"https:\/\/olemosaic.orbitalia.org\/pt-pt\/wp-json\/wp\/v2\/product_cat?post=24039"},{"taxonomy":"product_tag","embeddable":true,"href":"https:\/\/olemosaic.orbitalia.org\/pt-pt\/wp-json\/wp\/v2\/product_tag?post=24039"}],"curies":[{"name":"wp","href":"https:\/\/api.w.org\/{rel}","templated":true}]}}